{"id":10328,"date":"2026-02-27T00:06:56","date_gmt":"2026-02-27T00:06:56","guid":{"rendered":"https:\/\/nordicmart.andreevmaster.com\/product\/vasagle-badrumsskap-med-lada\/"},"modified":"2026-02-27T08:02:39","modified_gmt":"2026-02-27T08:02:39","slug":"vasagle-badrumsskap-med-lada","status":"publish","type":"product","link":"https:\/\/nordicmart.andreevmaster.com\/sv\/produkt\/vasagle-badrumsskap-med-lada\/","title":{"rendered":"VASAGLE badrumssk\u00e5p med l\u00e5da"},"content":{"rendered":"<p>VASAGLE erbjuder en serie badrumsm\u00f6bler som skapar en lugn och avkopplande atmosf\u00e4r d\u00e4r du kan frig\u00f6ra dig fr\u00e5n bekymmer, ladda batterierna och b\u00f6rja eller avsluta dagen med en positiv st\u00e4mning.H\u00f6jdpunkterna i detta f\u00f6rvaringssk\u00e5p: &#8211; En l\u00e5da, 2 sk\u00e5pd\u00f6rrar och 3 \u00f6ppna fack &#8211; Detta sk\u00e5p erbjuder flera f\u00f6rvaringsm\u00f6jligheter f\u00f6r f\u00f6rem\u00e5l i olika storlekar. &#8211; Tack vare de 3 f\u00f6rkromade metallhandtagen kan du enkelt \u00f6ppna och st\u00e4nga l\u00e5dan och sk\u00e5pd\u00f6rrarna. &#8211; Detta enkla sk\u00e5p ger ditt badrum en fr\u00e4sch och elegant k\u00e4nsla. &#8211; Sk\u00e5pet passar inte bara i badrummet, utan ocks\u00e5 i vardagsrummet som sidobord, i k\u00f6ket eller i hallen f\u00f6r f\u00f6rvaring av saker du beh\u00f6ver innan du l\u00e4mnar huset. &#8211; Sk\u00e5pet \u00e4r tillverkat av h\u00f6gkvalitativa material och t\u00e5l vikter upp till 20 kg. &#8211; Tippskyddet garanterar s\u00e4ker anv\u00e4ndning. Skapa en v\u00e4l skyddad milj\u00f6 f\u00f6r dig och din familj. Produktdetaljer: &#8211; F\u00e4rg: Mattvit &#8211; Material: E1-klass MDF (medeldensitetsfiberplatta) &#8211; Storlek: 75 x 30 x 80 cm (L x B x H) &#8211; Vikt: 15,4 kg &#8211; Max. total statisk belastningskapacitet: 20 kg Leveransomfattning: &#8211; 1 x badrumssk\u00e5p &#8211; 1 x tippskydd &#8211; 1 x tillbeh\u00f6rspaket &#8211; 1 x bruksanvisning (DE, EN, FR, ES, IT) VASAGLE Anm\u00e4rkningar:- Av s\u00e4kerhetssk\u00e4l \u00e4r det f\u00f6rbjudet f\u00f6r barn att kl\u00e4ttra p\u00e5 eller leka med produkten. &#8211; Produktens maximala statiska belastningskapacitet \u00e4r 20 kg. \u00d6verskrid inte denna maximala vikt. &#8211; F\u00e4st produkten p\u00e5 v\u00e4ggen med det medf\u00f6ljande tippskyddet f\u00f6r att s\u00e4kerst\u00e4lla s\u00e4ker anv\u00e4ndning.<\/p>\n","protected":false},"excerpt":{"rendered":"<p>VASAGLE badrumssk\u00e5p, badrumssk\u00e5p med l\u00e5da, f\u00f6rvaringssk\u00e5p, justerbar hyllplan, med 2 d\u00f6rrar, 75 x 30 x 80 cm, skandinavisk stil, mattvit BBC142W01<\/p>\n","protected":false},"featured_media":38933,"comment_status":"open","ping_status":"closed","template":"","meta":[],"product_brand":[],"product_cat":[33],"product_tag":[],"class_list":{"0":"post-10328","1":"product","2":"type-product","3":"status-publish","4":"has-post-thumbnail","6":"product_cat-okategoriserad","8":"first","9":"instock","10":"shipping-taxable","11":"purchasable","12":"product-type-simple"},"_links":{"self":[{"href":"https:\/\/nordicmart.andreevmaster.com\/sv\/wp-json\/wp\/v2\/product\/10328","targetHints":{"allow":["GET"]}}],"collection":[{"href":"https:\/\/nordicmart.andreevmaster.com\/sv\/wp-json\/wp\/v2\/product"}],"about":[{"href":"https:\/\/nordicmart.andreevmaster.com\/sv\/wp-json\/wp\/v2\/types\/product"}],"replies":[{"embeddable":true,"href":"https:\/\/nordicmart.andreevmaster.com\/sv\/wp-json\/wp\/v2\/comments?post=10328"}],"wp:featuredmedia":[{"embeddable":true,"href":"https:\/\/nordicmart.andreevmaster.com\/sv\/wp-json\/wp\/v2\/media\/38933"}],"wp:attachment":[{"href":"https:\/\/nordicmart.andreevmaster.com\/sv\/wp-json\/wp\/v2\/media?parent=10328"}],"wp:term":[{"taxonomy":"product_brand","embeddable":true,"href":"https:\/\/nordicmart.andreevmaster.com\/sv\/wp-json\/wp\/v2\/product_brand?post=10328"},{"taxonomy":"product_cat","embeddable":true,"href":"https:\/\/nordicmart.andreevmaster.com\/sv\/wp-json\/wp\/v2\/product_cat?post=10328"},{"taxonomy":"product_tag","embeddable":true,"href":"https:\/\/nordicmart.andreevmaster.com\/sv\/wp-json\/wp\/v2\/product_tag?post=10328"}],"curies":[{"name":"wp","href":"https:\/\/api.w.org\/{rel}","templated":true}]}}