{"id":10327,"date":"2026-02-27T00:06:56","date_gmt":"2026-02-27T00:06:56","guid":{"rendered":"https:\/\/nordicmart.andreevmaster.com\/product\/vasagle-tvattstallsskap-for-badrummet\/"},"modified":"2026-02-27T08:02:39","modified_gmt":"2026-02-27T08:02:39","slug":"vasagle-tvattstallsskap-for-badrummet","status":"publish","type":"product","link":"https:\/\/nordicmart.andreevmaster.com\/sv\/produkt\/vasagle-tvattstallsskap-for-badrummet\/","title":{"rendered":"VASAGLE tv\u00e4ttst\u00e4llssk\u00e5p f\u00f6r badrummet"},"content":{"rendered":"<p>SOS-badrumsm\u00f6bler Ligger dina handdukar utspridda i badrummet? Snubblar du hela tiden \u00f6ver duschgelflaskorna p\u00e5 golvet? \u00c4r du tr\u00f6tt p\u00e5 att leka kurrag\u00f6mma med din h\u00e5rtork? F\u00f6rvara alla dina badrumsartiklar snyggt i detta badrumssk\u00e5p. VASAGLE g\u00f6r ditt liv mycket enklare! Utm\u00e4rkt kvalitet Detta handfatssk\u00e5p har 2 gl\u00e4nsande handtag och 2 sk\u00e5pd\u00f6rrar som st\u00e4ngs t\u00e4tt tack vare den noggranna bearbetningen. Kanske kommer dina g\u00e4ster till och med att fr\u00e5ga dig var du har k\u00f6pt detta sk\u00e5p, eftersom de just saknar ett! Produktdetaljer:- F\u00e4rg: Mattvit &#8211; Material: E1-klass MDF (medeldensitetsfiberplatta) &#8211; Storlek: 60 x 30 x 60 cm (L x B x H) &#8211; Storlek p\u00e5 \u00f6ppning f\u00f6r sifon: 20 x 15 cm &#8211; Vikt: 10 kg &#8211; Max. total statisk belastningskapacitet: 10 kg Leveransomfattning:- 1 x undersk\u00e5p till handfat &#8211; 1 x tillbeh\u00f6rspaket &#8211; 1 x bruksanvisning (DE, EN, FR, ES, IT) VASAGLE Anm\u00e4rkningar: &#8211; Av s\u00e4kerhetssk\u00e4l \u00e4r det f\u00f6rbjudet f\u00f6r barn att kl\u00e4ttra p\u00e5 eller leka med produkten. &#8211; Produktens maximala statiska belastningskapacitet \u00e4r 10 kg. \u00d6verskrid inte denna maximala vikt. &#8211; Observera att storleken p\u00e5 uttaget f\u00f6r sifonr\u00f6ret \u00e4r 20 x 15 cm (L x B). M\u00e4t ditt handfat noggrant innan du k\u00f6per denna produkt.<\/p>\n","protected":false},"excerpt":{"rendered":"<p>VASAGLE handfatssk\u00e5p, badrumssk\u00e5p, undersk\u00e5p, 60 x 30 x 60 cm, f\u00f6rvaringssk\u00e5p med 2 d\u00f6rrar, med handtag, justerbara hyllplan, skandinavisk stil, mattvit BBC06WT<\/p>\n","protected":false},"featured_media":38932,"comment_status":"open","ping_status":"closed","template":"","meta":[],"product_brand":[],"product_cat":[33],"product_tag":[],"class_list":{"0":"post-10327","1":"product","2":"type-product","3":"status-publish","4":"has-post-thumbnail","6":"product_cat-okategoriserad","8":"first","9":"instock","10":"shipping-taxable","11":"purchasable","12":"product-type-simple"},"_links":{"self":[{"href":"https:\/\/nordicmart.andreevmaster.com\/sv\/wp-json\/wp\/v2\/product\/10327","targetHints":{"allow":["GET"]}}],"collection":[{"href":"https:\/\/nordicmart.andreevmaster.com\/sv\/wp-json\/wp\/v2\/product"}],"about":[{"href":"https:\/\/nordicmart.andreevmaster.com\/sv\/wp-json\/wp\/v2\/types\/product"}],"replies":[{"embeddable":true,"href":"https:\/\/nordicmart.andreevmaster.com\/sv\/wp-json\/wp\/v2\/comments?post=10327"}],"wp:featuredmedia":[{"embeddable":true,"href":"https:\/\/nordicmart.andreevmaster.com\/sv\/wp-json\/wp\/v2\/media\/38932"}],"wp:attachment":[{"href":"https:\/\/nordicmart.andreevmaster.com\/sv\/wp-json\/wp\/v2\/media?parent=10327"}],"wp:term":[{"taxonomy":"product_brand","embeddable":true,"href":"https:\/\/nordicmart.andreevmaster.com\/sv\/wp-json\/wp\/v2\/product_brand?post=10327"},{"taxonomy":"product_cat","embeddable":true,"href":"https:\/\/nordicmart.andreevmaster.com\/sv\/wp-json\/wp\/v2\/product_cat?post=10327"},{"taxonomy":"product_tag","embeddable":true,"href":"https:\/\/nordicmart.andreevmaster.com\/sv\/wp-json\/wp\/v2\/product_tag?post=10327"}],"curies":[{"name":"wp","href":"https:\/\/api.w.org\/{rel}","templated":true}]}}