{"id":10326,"date":"2026-02-27T00:06:56","date_gmt":"2026-02-27T00:06:56","guid":{"rendered":"https:\/\/nordicmart.andreevmaster.com\/product\/vasagle-hog-skap-badrum-smalt-staende-duvgra\/"},"modified":"2026-02-27T08:02:38","modified_gmt":"2026-02-27T08:02:38","slug":"vasagle-hog-skap-badrum-smalt-staende-duvgra","status":"publish","type":"product","link":"https:\/\/nordicmart.andreevmaster.com\/sv\/produkt\/vasagle-hog-skap-badrum-smalt-staende-duvgra\/","title":{"rendered":"VASAGLE h\u00f6g sk\u00e5p badrum smalt st\u00e5ende duvgr\u00e5"},"content":{"rendered":"<p>VASAGLE h\u00f6g sk\u00e5p f\u00f6r badrum, smalt badrumssk\u00e5p, st\u00e5ende badrumssk\u00e5p, nischsk\u00e5p, 2 l\u00e5dor, 3 \u00f6ppna fack, 30 x 30 x 141,5 cm, f\u00f6r badrum, vardagsrum, k\u00f6k<br \/>\nF\u00e4rg: duvgr\u00e5<br \/>\nMaterial: MDF (medeldensitetsfiberplatta)<br \/>\nStorlek: 30 x 30 x 141,5 cm (D x B x H)<br \/>\nVikt: 13,1 kg<br \/>\nMax. statisk totalbelastning: 15 kg<\/p>\n","protected":false},"excerpt":{"rendered":"<p>VASAGLE h\u00f6g sk\u00e5p f\u00f6r badrum, smalt badrumssk\u00e5p, st\u00e5ende badrumssk\u00e5p, nischsk\u00e5p, 2 l\u00e5dor, 3 \u00f6ppna fack, 30 x 30 x 141,5 cm, f\u00f6r badrum, vardagsrum, k\u00f6k<\/p>\n","protected":false},"featured_media":0,"comment_status":"open","ping_status":"closed","template":"","meta":[],"product_brand":[],"product_cat":[33],"product_tag":[],"class_list":{"0":"post-10326","1":"product","2":"type-product","3":"status-publish","5":"product_cat-okategoriserad","7":"first","8":"instock","9":"shipping-taxable","10":"purchasable","11":"product-type-simple"},"_links":{"self":[{"href":"https:\/\/nordicmart.andreevmaster.com\/sv\/wp-json\/wp\/v2\/product\/10326","targetHints":{"allow":["GET"]}}],"collection":[{"href":"https:\/\/nordicmart.andreevmaster.com\/sv\/wp-json\/wp\/v2\/product"}],"about":[{"href":"https:\/\/nordicmart.andreevmaster.com\/sv\/wp-json\/wp\/v2\/types\/product"}],"replies":[{"embeddable":true,"href":"https:\/\/nordicmart.andreevmaster.com\/sv\/wp-json\/wp\/v2\/comments?post=10326"}],"wp:attachment":[{"href":"https:\/\/nordicmart.andreevmaster.com\/sv\/wp-json\/wp\/v2\/media?parent=10326"}],"wp:term":[{"taxonomy":"product_brand","embeddable":true,"href":"https:\/\/nordicmart.andreevmaster.com\/sv\/wp-json\/wp\/v2\/product_brand?post=10326"},{"taxonomy":"product_cat","embeddable":true,"href":"https:\/\/nordicmart.andreevmaster.com\/sv\/wp-json\/wp\/v2\/product_cat?post=10326"},{"taxonomy":"product_tag","embeddable":true,"href":"https:\/\/nordicmart.andreevmaster.com\/sv\/wp-json\/wp\/v2\/product_tag?post=10326"}],"curies":[{"name":"wp","href":"https:\/\/api.w.org\/{rel}","templated":true}]}}