{"id":10325,"date":"2026-02-27T00:06:56","date_gmt":"2026-02-27T00:06:56","guid":{"rendered":"https:\/\/nordicmart.andreevmaster.com\/product\/vasagle-hog-skap-for-badrummet-i-lantlig-stil\/"},"modified":"2026-02-27T08:02:38","modified_gmt":"2026-02-27T08:02:38","slug":"vasagle-hog-skap-for-badrummet-i-lantlig-stil","status":"publish","type":"product","link":"https:\/\/nordicmart.andreevmaster.com\/sv\/produkt\/vasagle-hog-skap-for-badrummet-i-lantlig-stil\/","title":{"rendered":"VASAGLE h\u00f6g sk\u00e5p f\u00f6r badrummet i lantlig stil"},"content":{"rendered":"<p>VASAGLE h\u00f6g sk\u00e5p, badrumssk\u00e5p, f\u00f6rvaring av badrumsartiklar, med 2 l\u00e5dor och 3 \u00f6ppna fack, 30 x 30 x 141,5 cm, badrum, vardagsrum, k\u00f6k, vit BBC66WT<br \/>\nF\u00e4rg: skogsgr\u00f6n<br \/>\nMaterial: MDF (medeldensitetsfiberplatta)<br \/>\nStorlek: 30 x 30 x 141,5 cm (D x B x H)<br \/>\nVikt: 13,1 kg<br \/>\nMax. statisk belastningskapacitet f\u00f6r toppskivan: 18 kg<br \/>\nMax. statisk belastningskapacitet f\u00f6r det \u00f6ppna facket: 9 kg<br \/>\nMax. statisk belastningskapacitet f\u00f6r l\u00e5dan: 4,5 kg<\/p>\n","protected":false},"excerpt":{"rendered":"<p>VASAGLE h\u00f6g sk\u00e5p, badrumssk\u00e5p, f\u00f6rvaring av badrumsartiklar, med 2 l\u00e5dor och 3 \u00f6ppna fack, 30 x 30 x 141,5 cm, badrum, vardagsrum, k\u00f6k, vit BBC66WT<\/p>\n","protected":false},"featured_media":0,"comment_status":"open","ping_status":"closed","template":"","meta":[],"product_brand":[],"product_cat":[33],"product_tag":[],"class_list":{"0":"post-10325","1":"product","2":"type-product","3":"status-publish","5":"product_cat-okategoriserad","7":"first","8":"instock","9":"shipping-taxable","10":"purchasable","11":"product-type-simple"},"_links":{"self":[{"href":"https:\/\/nordicmart.andreevmaster.com\/sv\/wp-json\/wp\/v2\/product\/10325","targetHints":{"allow":["GET"]}}],"collection":[{"href":"https:\/\/nordicmart.andreevmaster.com\/sv\/wp-json\/wp\/v2\/product"}],"about":[{"href":"https:\/\/nordicmart.andreevmaster.com\/sv\/wp-json\/wp\/v2\/types\/product"}],"replies":[{"embeddable":true,"href":"https:\/\/nordicmart.andreevmaster.com\/sv\/wp-json\/wp\/v2\/comments?post=10325"}],"wp:attachment":[{"href":"https:\/\/nordicmart.andreevmaster.com\/sv\/wp-json\/wp\/v2\/media?parent=10325"}],"wp:term":[{"taxonomy":"product_brand","embeddable":true,"href":"https:\/\/nordicmart.andreevmaster.com\/sv\/wp-json\/wp\/v2\/product_brand?post=10325"},{"taxonomy":"product_cat","embeddable":true,"href":"https:\/\/nordicmart.andreevmaster.com\/sv\/wp-json\/wp\/v2\/product_cat?post=10325"},{"taxonomy":"product_tag","embeddable":true,"href":"https:\/\/nordicmart.andreevmaster.com\/sv\/wp-json\/wp\/v2\/product_tag?post=10325"}],"curies":[{"name":"wp","href":"https:\/\/api.w.org\/{rel}","templated":true}]}}