{"id":10323,"date":"2026-02-27T00:06:55","date_gmt":"2026-02-27T00:06:55","guid":{"rendered":"https:\/\/nordicmart.andreevmaster.com\/product\/vasagle-tvattstallsskap-i-marmorlook\/"},"modified":"2026-02-27T08:02:38","modified_gmt":"2026-02-27T08:02:38","slug":"vasagle-tvattstallsskap-i-marmorlook","status":"publish","type":"product","link":"https:\/\/nordicmart.andreevmaster.com\/sv\/produkt\/vasagle-tvattstallsskap-i-marmorlook\/","title":{"rendered":"VASAGLE tv\u00e4ttst\u00e4llssk\u00e5p i marmorlook"},"content":{"rendered":"<p>Saknar du fortfarande ett praktiskt f\u00f6rvaringssk\u00e5p f\u00f6r badrumsartiklar? Tycker du att tr\u00e5kiga badrumsm\u00f6bler inte \u00e4r s\u00e4rskilt intressanta? D\u00e5 b\u00f6r du ta en titt p\u00e5 detta badrumssk\u00e5p fr\u00e5n VASAGLE.F\u00f6rb\u00e4ttra ditt badrum Det marmorliknande tryckm\u00f6nstret ger ditt badrum en elegant touch, de triangul\u00e4ra handtagen p\u00e5 sk\u00e5pd\u00f6rrarna \u00e4r mer \u00e4n unika och den vita f\u00e4rgen ger ditt badrum en fr\u00e4sch k\u00e4nsla. Samspelet mellan dessa element skapar en v\u00e4nlig atmosf\u00e4r d\u00e4r du kan koppla av och ladda batterierna. Inget mer kaos i badrummet!Du kan placera ofta anv\u00e4nda badrumsartiklar som tandborstar, kammar eller kr\u00e4mer inom r\u00e4ckh\u00e5ll i det \u00f6ppna facket. Schampo-, duschgelflaskor och toalettpapper \u2013 oavsett om de \u00e4r stora eller sm\u00e5 \u2013 kan f\u00f6rvaras bakom sk\u00e5pd\u00f6rrarna och h\u00e5lls d\u00e4rmed alltid utom synh\u00e5ll. Om du gillar detta handfatssk\u00e5p b\u00f6r du ocks\u00e5 titta p\u00e5 de andra matchande m\u00f6blerna fr\u00e5n VASAGLE!Produktdetaljer: &#8211; F\u00e4rg: Vit &#8211; Material: MDF (medeldensitetsfiberplatta) &#8211; Storlek: 60 x 30 x 60 cm (L x B x H) &#8211; Storlek p\u00e5 utrymmet f\u00f6r r\u00f6r: 20 x 15 cm (L x B) &#8211; Vikt: 9,5 kg &#8211; Max. statisk belastningskapacitet: 10 kg &#8211; Enkel montering: JaLeveransomfattning:- 1 x tv\u00e4ttst\u00e4llssk\u00e5p- 1 x beh\u00e5llare med tillbeh\u00f6r- 1 x bruksanvisning (DE, EN, FR, ES, IT)VASAGLE Anvisningar:- Torka av produkten med en fuktig trasa f\u00f6r daglig reng\u00f6ring.- Du b\u00f6r m\u00e4ta rummet d\u00e4r du vill placera badrumssk\u00e5pet innan du k\u00f6per det f\u00f6r att s\u00e4kerst\u00e4lla att produkten passar.<\/p>\n","protected":false},"excerpt":{"rendered":"<p>VASAGLE handfatssk\u00e5p, badrumssk\u00e5p, f\u00f6rvaring av badrumstillbeh\u00f6r, med marmorliknande tryckm\u00f6nster, utrymme f\u00f6r r\u00f6r, stor kapacitet, 60 x 30 x 60 cm, vit BBC04WT<\/p>\n","protected":false},"featured_media":38930,"comment_status":"open","ping_status":"closed","template":"","meta":[],"product_brand":[],"product_cat":[33],"product_tag":[],"class_list":{"0":"post-10323","1":"product","2":"type-product","3":"status-publish","4":"has-post-thumbnail","6":"product_cat-okategoriserad","8":"first","9":"instock","10":"shipping-taxable","11":"purchasable","12":"product-type-simple"},"_links":{"self":[{"href":"https:\/\/nordicmart.andreevmaster.com\/sv\/wp-json\/wp\/v2\/product\/10323","targetHints":{"allow":["GET"]}}],"collection":[{"href":"https:\/\/nordicmart.andreevmaster.com\/sv\/wp-json\/wp\/v2\/product"}],"about":[{"href":"https:\/\/nordicmart.andreevmaster.com\/sv\/wp-json\/wp\/v2\/types\/product"}],"replies":[{"embeddable":true,"href":"https:\/\/nordicmart.andreevmaster.com\/sv\/wp-json\/wp\/v2\/comments?post=10323"}],"wp:featuredmedia":[{"embeddable":true,"href":"https:\/\/nordicmart.andreevmaster.com\/sv\/wp-json\/wp\/v2\/media\/38930"}],"wp:attachment":[{"href":"https:\/\/nordicmart.andreevmaster.com\/sv\/wp-json\/wp\/v2\/media?parent=10323"}],"wp:term":[{"taxonomy":"product_brand","embeddable":true,"href":"https:\/\/nordicmart.andreevmaster.com\/sv\/wp-json\/wp\/v2\/product_brand?post=10323"},{"taxonomy":"product_cat","embeddable":true,"href":"https:\/\/nordicmart.andreevmaster.com\/sv\/wp-json\/wp\/v2\/product_cat?post=10323"},{"taxonomy":"product_tag","embeddable":true,"href":"https:\/\/nordicmart.andreevmaster.com\/sv\/wp-json\/wp\/v2\/product_tag?post=10323"}],"curies":[{"name":"wp","href":"https:\/\/api.w.org\/{rel}","templated":true}]}}