{"id":10322,"date":"2026-02-27T00:06:55","date_gmt":"2026-02-27T00:06:55","guid":{"rendered":"https:\/\/nordicmart.andreevmaster.com\/product\/vasagle-badrumsskap-med-3-lador-och-skapdorr\/"},"modified":"2026-02-27T08:02:38","modified_gmt":"2026-02-27T08:02:38","slug":"vasagle-badrumsskap-med-3-lador-och-skapdorr","status":"publish","type":"product","link":"https:\/\/nordicmart.andreevmaster.com\/sv\/produkt\/vasagle-badrumsskap-med-3-lador-och-skapdorr\/","title":{"rendered":"VASAGLE badrumssk\u00e5p med 3 l\u00e5dor och sk\u00e5pd\u00f6rr"},"content":{"rendered":"<p>VASAGLE Sideboard badrumssk\u00e5p,  badrumssk\u00e5p i tr\u00e4, sidobord, byr\u00e5 med 4 l\u00e5dor, sk\u00e5pd\u00f6rr, justerbara hyllplan, vardagsrum, k\u00f6k, hall, djupt, frist\u00e5ende, vitt LHC41W<br \/>\n&#8211; F\u00e4rg: duvgr\u00e5<br \/>\n&#8211; Material: MDF (medeldensitetsfiberplatta)<br \/>\n&#8211; Storlek: 30 x 60 x 81 cm (D x B x H)<br \/>\n&#8211; Vikt: 14,2 kg<br \/>\n&#8211; Max. statisk belastningskapacitet f\u00f6r den \u00f6versta hyllan: 40 kg<br \/>\n&#8211; Max. statisk belastningskapacitet per l\u00e5da: 5 kg<br \/>\n&#8211; Max. statisk belastningskapacitet f\u00f6r den justerbara hyllan: 15 kg<\/p>\n","protected":false},"excerpt":{"rendered":"<p>VASAGLE Sideboard badrumssk\u00e5p,  badrumssk\u00e5p i tr\u00e4, sidobord, byr\u00e5 med 4 l\u00e5dor, sk\u00e5pd\u00f6rr, justerbara hyllplan, vardagsrum, k\u00f6k, hall, djupt, frist\u00e5ende, vitt LHC41W<\/p>\n","protected":false},"featured_media":0,"comment_status":"open","ping_status":"closed","template":"","meta":[],"product_brand":[],"product_cat":[33],"product_tag":[],"class_list":{"0":"post-10322","1":"product","2":"type-product","3":"status-publish","5":"product_cat-okategoriserad","7":"first","8":"instock","9":"shipping-taxable","10":"purchasable","11":"product-type-simple"},"_links":{"self":[{"href":"https:\/\/nordicmart.andreevmaster.com\/sv\/wp-json\/wp\/v2\/product\/10322","targetHints":{"allow":["GET"]}}],"collection":[{"href":"https:\/\/nordicmart.andreevmaster.com\/sv\/wp-json\/wp\/v2\/product"}],"about":[{"href":"https:\/\/nordicmart.andreevmaster.com\/sv\/wp-json\/wp\/v2\/types\/product"}],"replies":[{"embeddable":true,"href":"https:\/\/nordicmart.andreevmaster.com\/sv\/wp-json\/wp\/v2\/comments?post=10322"}],"wp:attachment":[{"href":"https:\/\/nordicmart.andreevmaster.com\/sv\/wp-json\/wp\/v2\/media?parent=10322"}],"wp:term":[{"taxonomy":"product_brand","embeddable":true,"href":"https:\/\/nordicmart.andreevmaster.com\/sv\/wp-json\/wp\/v2\/product_brand?post=10322"},{"taxonomy":"product_cat","embeddable":true,"href":"https:\/\/nordicmart.andreevmaster.com\/sv\/wp-json\/wp\/v2\/product_cat?post=10322"},{"taxonomy":"product_tag","embeddable":true,"href":"https:\/\/nordicmart.andreevmaster.com\/sv\/wp-json\/wp\/v2\/product_tag?post=10322"}],"curies":[{"name":"wp","href":"https:\/\/api.w.org\/{rel}","templated":true}]}}