{"id":10321,"date":"2026-02-27T00:06:55","date_gmt":"2026-02-27T00:06:55","guid":{"rendered":"https:\/\/nordicmart.andreevmaster.com\/product\/vasagle-smalt-badrumsskap-med-lada-och-lamelldorr\/"},"modified":"2026-02-27T08:02:38","modified_gmt":"2026-02-27T08:02:38","slug":"vasagle-smalt-badrumsskap-med-lada-och-lamelldorr","status":"publish","type":"product","link":"https:\/\/nordicmart.andreevmaster.com\/sv\/produkt\/vasagle-smalt-badrumsskap-med-lada-och-lamelldorr\/","title":{"rendered":"VASAGLE smalt badrumssk\u00e5p med l\u00e5da och lamelld\u00f6rr"},"content":{"rendered":"<p>VASAGLE Badrumssk\u00e5p, badrumssk\u00e5p, sidobord, nattduksbord med l\u00e5da och lamelld\u00f6rr, badrum, hall, sovrum, 32 x 87 x 30 cm, vit BBC43WT<br \/>\n&#8211; F\u00e4rg: duvgr\u00e5<br \/>\n&#8211; Material: MDF (medeldensitetsfiberplatta)<br \/>\n&#8211; Storlek: 30 x 32 x 87 cm (D x B x H)<br \/>\n&#8211; Innerm\u00e5tt p\u00e5 l\u00e5dan: 23,5 x 22,5 x 9 cm (D x B x H)<br \/>\n&#8211; Storlek p\u00e5 varje fack bakom sk\u00e5pd\u00f6rren: 26 x 26 x 30,5 cm (D x B x H)<br \/>\n&#8211; Vikt: 8,6 kg<\/p>\n","protected":false},"excerpt":{"rendered":"<p>VASAGLE Badrumssk\u00e5p, badrumssk\u00e5p, sidobord, nattduksbord med l\u00e5da och lamelld\u00f6rr, badrum, hall, sovrum, 32 x 87 x 30 cm, vit BBC43WT<\/p>\n","protected":false},"featured_media":38929,"comment_status":"open","ping_status":"closed","template":"","meta":[],"product_brand":[],"product_cat":[33],"product_tag":[],"class_list":{"0":"post-10321","1":"product","2":"type-product","3":"status-publish","4":"has-post-thumbnail","6":"product_cat-okategoriserad","8":"first","9":"instock","10":"shipping-taxable","11":"purchasable","12":"product-type-simple"},"_links":{"self":[{"href":"https:\/\/nordicmart.andreevmaster.com\/sv\/wp-json\/wp\/v2\/product\/10321","targetHints":{"allow":["GET"]}}],"collection":[{"href":"https:\/\/nordicmart.andreevmaster.com\/sv\/wp-json\/wp\/v2\/product"}],"about":[{"href":"https:\/\/nordicmart.andreevmaster.com\/sv\/wp-json\/wp\/v2\/types\/product"}],"replies":[{"embeddable":true,"href":"https:\/\/nordicmart.andreevmaster.com\/sv\/wp-json\/wp\/v2\/comments?post=10321"}],"wp:featuredmedia":[{"embeddable":true,"href":"https:\/\/nordicmart.andreevmaster.com\/sv\/wp-json\/wp\/v2\/media\/38929"}],"wp:attachment":[{"href":"https:\/\/nordicmart.andreevmaster.com\/sv\/wp-json\/wp\/v2\/media?parent=10321"}],"wp:term":[{"taxonomy":"product_brand","embeddable":true,"href":"https:\/\/nordicmart.andreevmaster.com\/sv\/wp-json\/wp\/v2\/product_brand?post=10321"},{"taxonomy":"product_cat","embeddable":true,"href":"https:\/\/nordicmart.andreevmaster.com\/sv\/wp-json\/wp\/v2\/product_cat?post=10321"},{"taxonomy":"product_tag","embeddable":true,"href":"https:\/\/nordicmart.andreevmaster.com\/sv\/wp-json\/wp\/v2\/product_tag?post=10321"}],"curies":[{"name":"wp","href":"https:\/\/api.w.org\/{rel}","templated":true}]}}