{"id":10320,"date":"2026-02-27T00:06:55","date_gmt":"2026-02-27T00:06:55","guid":{"rendered":"https:\/\/nordicmart.andreevmaster.com\/product\/vasagle-badrumsskap-med-oppet-fack-och-2-dorrar\/"},"modified":"2026-02-27T08:02:38","modified_gmt":"2026-02-27T08:02:38","slug":"vasagle-badrumsskap-med-oppet-fack-och-2-dorrar","status":"publish","type":"product","link":"https:\/\/nordicmart.andreevmaster.com\/sv\/produkt\/vasagle-badrumsskap-med-oppet-fack-och-2-dorrar\/","title":{"rendered":"VASAGLE badrumssk\u00e5p med \u00f6ppet fack och 2 d\u00f6rrar"},"content":{"rendered":"<p>VASAGLE Badrumssk\u00e5p, badrumsorganiserare, badrumshylla med 2 lamelld\u00f6rrar, med \u00f6ppet fack, frist\u00e5ende, vit, BBC40WT<br \/>\n&#8211; F\u00e4rg: duvgr\u00e5<br \/>\n&#8211; Material: MDF (medeldensitetsfiberplatta)<br \/>\n&#8211; Storlek: 30 x 60 x 80 cm (D x B x H)<br \/>\n&#8211; Vikt: 12,2 kg<br \/>\n&#8211; Max. statisk belastningskapacitet f\u00f6r ytan: 50 kg<br \/>\n&#8211; Max. statisk belastningskapacitet f\u00f6r den justerbara hyllan: 15 kg<\/p>\n","protected":false},"excerpt":{"rendered":"<p>VASAGLE Badrumssk\u00e5p, badrumsorganiserare, badrumshylla med 2 lamelld\u00f6rrar, med \u00f6ppet fack, frist\u00e5ende, vit, BBC40WT<\/p>\n","protected":false},"featured_media":38928,"comment_status":"open","ping_status":"closed","template":"","meta":[],"product_brand":[],"product_cat":[33],"product_tag":[],"class_list":{"0":"post-10320","1":"product","2":"type-product","3":"status-publish","4":"has-post-thumbnail","6":"product_cat-okategoriserad","8":"first","9":"instock","10":"shipping-taxable","11":"purchasable","12":"product-type-simple"},"_links":{"self":[{"href":"https:\/\/nordicmart.andreevmaster.com\/sv\/wp-json\/wp\/v2\/product\/10320","targetHints":{"allow":["GET"]}}],"collection":[{"href":"https:\/\/nordicmart.andreevmaster.com\/sv\/wp-json\/wp\/v2\/product"}],"about":[{"href":"https:\/\/nordicmart.andreevmaster.com\/sv\/wp-json\/wp\/v2\/types\/product"}],"replies":[{"embeddable":true,"href":"https:\/\/nordicmart.andreevmaster.com\/sv\/wp-json\/wp\/v2\/comments?post=10320"}],"wp:featuredmedia":[{"embeddable":true,"href":"https:\/\/nordicmart.andreevmaster.com\/sv\/wp-json\/wp\/v2\/media\/38928"}],"wp:attachment":[{"href":"https:\/\/nordicmart.andreevmaster.com\/sv\/wp-json\/wp\/v2\/media?parent=10320"}],"wp:term":[{"taxonomy":"product_brand","embeddable":true,"href":"https:\/\/nordicmart.andreevmaster.com\/sv\/wp-json\/wp\/v2\/product_brand?post=10320"},{"taxonomy":"product_cat","embeddable":true,"href":"https:\/\/nordicmart.andreevmaster.com\/sv\/wp-json\/wp\/v2\/product_cat?post=10320"},{"taxonomy":"product_tag","embeddable":true,"href":"https:\/\/nordicmart.andreevmaster.com\/sv\/wp-json\/wp\/v2\/product_tag?post=10320"}],"curies":[{"name":"wp","href":"https:\/\/api.w.org\/{rel}","templated":true}]}}