{"id":10318,"date":"2026-02-27T00:06:55","date_gmt":"2026-02-27T00:06:55","guid":{"rendered":"https:\/\/nordicmart.andreevmaster.com\/product\/vasagle-handfatsskap-med-hylla\/"},"modified":"2026-02-27T08:02:37","modified_gmt":"2026-02-27T08:02:37","slug":"vasagle-handfatsskap-med-hylla","status":"publish","type":"product","link":"https:\/\/nordicmart.andreevmaster.com\/sv\/produkt\/vasagle-handfatsskap-med-hylla\/","title":{"rendered":"VASAGLE handfatssk\u00e5p med hylla"},"content":{"rendered":"<p>Irriterar du dig alltid \u00f6ver kaoset i badrummet eller k\u00f6ket? Det st\u00e5ende sk\u00e5pet fr\u00e5n VASAGLE \u00e4r ett praktiskt hj\u00e4lpmedel f\u00f6r dig.   Ett dekorativt inslag i din bostad Sk\u00e5pet \u00e4r lackerat i vitt och har en elegant och charmig lantlig stil. Det fungerar inte bara som ett m\u00f6bel, utan ocks\u00e5 som en dekoration i hemmet.  Genomt\u00e4nkt design D\u00f6rrarna, som kan sv\u00e4ngas 180\u00b0, \u00e4r f\u00f6rsedda med kromade metallhandtag, vilket underl\u00e4ttar hanteringen. Bakom d\u00f6rrarna skyddas dina f\u00f6rem\u00e5l fr\u00e5n o\u00f6nskade blickar, samtidigt som fula r\u00f6r d\u00f6ljs. Det \u00f6ppna facket i den nedre delen erbjuder plats f\u00f6r dina vardagsf\u00f6rem\u00e5l som du anv\u00e4nder ofta. VASAGLE str\u00e4var efter att erbjuda h\u00f6gkvalitativa m\u00f6bler f\u00f6r att skapa en behaglig och mysig atmosf\u00e4r i ditt hem. Produktdetaljer: &#8211; F\u00e4rg: vit &#8211; Material: MDF-skivor  &#8211; Totala m\u00e5tt: 60 x 60 x 30 cm (B x H x D) &#8211; M\u00e5tt p\u00e5 sifonutsk\u00e4rning: 15 x 34,5 x 20 cm (B x H x D) &#8211; Vikt: 9,6 kg  Leveransomfattning: &#8211; 1 x handfatssk\u00e5p &#8211; 1 x tillbeh\u00f6rsp\u00e5se &#8211; 1 x bruksanvisning (DE, EN, IT, FR, ES)<\/p>\n","protected":false},"excerpt":{"rendered":"<p>VASAGLE handfatssk\u00e5p, badrumssk\u00e5p med \u00f6ppet fack, badrumssk\u00e5p i lantlig stil, av tr\u00e4, 60 x 60 x 30 cm (B x H x D), vit, BBC03WT<\/p>\n","protected":false},"featured_media":38926,"comment_status":"open","ping_status":"closed","template":"","meta":[],"product_brand":[],"product_cat":[33],"product_tag":[],"class_list":{"0":"post-10318","1":"product","2":"type-product","3":"status-publish","4":"has-post-thumbnail","6":"product_cat-okategoriserad","8":"first","9":"instock","10":"shipping-taxable","11":"purchasable","12":"product-type-simple"},"_links":{"self":[{"href":"https:\/\/nordicmart.andreevmaster.com\/sv\/wp-json\/wp\/v2\/product\/10318","targetHints":{"allow":["GET"]}}],"collection":[{"href":"https:\/\/nordicmart.andreevmaster.com\/sv\/wp-json\/wp\/v2\/product"}],"about":[{"href":"https:\/\/nordicmart.andreevmaster.com\/sv\/wp-json\/wp\/v2\/types\/product"}],"replies":[{"embeddable":true,"href":"https:\/\/nordicmart.andreevmaster.com\/sv\/wp-json\/wp\/v2\/comments?post=10318"}],"wp:featuredmedia":[{"embeddable":true,"href":"https:\/\/nordicmart.andreevmaster.com\/sv\/wp-json\/wp\/v2\/media\/38926"}],"wp:attachment":[{"href":"https:\/\/nordicmart.andreevmaster.com\/sv\/wp-json\/wp\/v2\/media?parent=10318"}],"wp:term":[{"taxonomy":"product_brand","embeddable":true,"href":"https:\/\/nordicmart.andreevmaster.com\/sv\/wp-json\/wp\/v2\/product_brand?post=10318"},{"taxonomy":"product_cat","embeddable":true,"href":"https:\/\/nordicmart.andreevmaster.com\/sv\/wp-json\/wp\/v2\/product_cat?post=10318"},{"taxonomy":"product_tag","embeddable":true,"href":"https:\/\/nordicmart.andreevmaster.com\/sv\/wp-json\/wp\/v2\/product_tag?post=10318"}],"curies":[{"name":"wp","href":"https:\/\/api.w.org\/{rel}","templated":true}]}}