{"id":10317,"date":"2026-02-27T00:06:54","date_gmt":"2026-02-27T00:06:54","guid":{"rendered":"https:\/\/nordicmart.andreevmaster.com\/product\/vasagle-handfatsskap-med-lamelldorrar\/"},"modified":"2026-02-27T08:02:37","modified_gmt":"2026-02-27T08:02:37","slug":"vasagle-handfatsskap-med-lamelldorrar","status":"publish","type":"product","link":"https:\/\/nordicmart.andreevmaster.com\/sv\/produkt\/vasagle-handfatsskap-med-lamelldorrar\/","title":{"rendered":"VASAGLE handfatssk\u00e5p med lamelld\u00f6rrar"},"content":{"rendered":"<p>\u00c4r du fortfarande irriterad \u00f6ver att det aldrig finns tillr\u00e4ckligt med plats i badrummet f\u00f6r dina badrumsartiklar? Med VASAGLE handfatssk\u00e5p utnyttjar du utrymmet under handfatet optimalt och skapar extra f\u00f6rvaringsutrymme. Alla vardagsf\u00f6rem\u00e5l kan enkelt f\u00f6rvaras i badrummet, sk\u00e5pet \u00e4r ett riktigt rumsunderverk i badrummet.De h\u00f6gkvalitativa MDF-skivorna garanterar perfekt stabilitet och l\u00e5ng livsl\u00e4ngd, \u00e4ven i fuktiga rum. Den vitlackerade ytan \u00e4r l\u00e4tt att reng\u00f6ra, vilket underl\u00e4ttar hush\u00e5llsarbetet. Med sitt moderna och eleganta utseende drar detta sk\u00e5p alla blickar till sig. VASAGLE str\u00e4var efter att erbjuda h\u00f6gkvalitativa m\u00f6bler f\u00f6r att skapa en behaglig och mysig atmosf\u00e4r i ditt hem. S\u00e5 blir ditt hem en oas! Produktdetaljer: &#8211; M\u00e5tt: 60 x 60 x 30 cm (B x H x D) &#8211; M\u00e5tt p\u00e5 sifonutsk\u00e4rningen: 20 x 8 cm (M\u00e4t sifonens storlek f\u00f6re k\u00f6pet och kontrollera att undersk\u00e5pet passar.- F\u00f6rpackningsm\u00e5tt: 71 x 15 x 38 cm &#8211; Material: MDF-skiva &#8211; F\u00e4rg: vit &#8211; Nettovikt: 9,5 kg &#8211; Bruttovikt: 10,6 kg Leveransomfattning: &#8211; 1 x undersk\u00e5p f\u00f6r handfat &#8211; 1 x tillbeh\u00f6rsp\u00e5se &#8211; 1 x bruksanvisning (DE, EN, IT, FR, ES)<\/p>\n","protected":false},"excerpt":{"rendered":"<p>VASAGLE Undersk\u00e5p f\u00f6r handfat Undersk\u00e5p utan handfat F\u00f6rvaring med mycket utrymme Badrumssk\u00e5p med lamelld\u00f6rrar 2 fack, vitt 60 x 60 x 30 cm (B x H x D) BBC02WT<\/p>\n","protected":false},"featured_media":38925,"comment_status":"open","ping_status":"closed","template":"","meta":[],"product_brand":[],"product_cat":[33],"product_tag":[],"class_list":{"0":"post-10317","1":"product","2":"type-product","3":"status-publish","4":"has-post-thumbnail","6":"product_cat-okategoriserad","8":"first","9":"instock","10":"shipping-taxable","11":"purchasable","12":"product-type-simple"},"_links":{"self":[{"href":"https:\/\/nordicmart.andreevmaster.com\/sv\/wp-json\/wp\/v2\/product\/10317","targetHints":{"allow":["GET"]}}],"collection":[{"href":"https:\/\/nordicmart.andreevmaster.com\/sv\/wp-json\/wp\/v2\/product"}],"about":[{"href":"https:\/\/nordicmart.andreevmaster.com\/sv\/wp-json\/wp\/v2\/types\/product"}],"replies":[{"embeddable":true,"href":"https:\/\/nordicmart.andreevmaster.com\/sv\/wp-json\/wp\/v2\/comments?post=10317"}],"wp:featuredmedia":[{"embeddable":true,"href":"https:\/\/nordicmart.andreevmaster.com\/sv\/wp-json\/wp\/v2\/media\/38925"}],"wp:attachment":[{"href":"https:\/\/nordicmart.andreevmaster.com\/sv\/wp-json\/wp\/v2\/media?parent=10317"}],"wp:term":[{"taxonomy":"product_brand","embeddable":true,"href":"https:\/\/nordicmart.andreevmaster.com\/sv\/wp-json\/wp\/v2\/product_brand?post=10317"},{"taxonomy":"product_cat","embeddable":true,"href":"https:\/\/nordicmart.andreevmaster.com\/sv\/wp-json\/wp\/v2\/product_cat?post=10317"},{"taxonomy":"product_tag","embeddable":true,"href":"https:\/\/nordicmart.andreevmaster.com\/sv\/wp-json\/wp\/v2\/product_tag?post=10317"}],"curies":[{"name":"wp","href":"https:\/\/api.w.org\/{rel}","templated":true}]}}