{"id":10316,"date":"2026-02-27T00:06:54","date_gmt":"2026-02-27T00:06:54","guid":{"rendered":"https:\/\/nordicmart.andreevmaster.com\/product\/vasagle-badrumsskap-med-justerbar-hylla-och-lamelldorrar\/"},"modified":"2026-02-27T08:02:37","modified_gmt":"2026-02-27T08:02:37","slug":"vasagle-badrumsskap-med-justerbar-hylla-och-lamelldorrar","status":"publish","type":"product","link":"https:\/\/nordicmart.andreevmaster.com\/sv\/produkt\/vasagle-badrumsskap-med-justerbar-hylla-och-lamelldorrar\/","title":{"rendered":"VASAGLE badrumssk\u00e5p med justerbar hylla och lamelld\u00f6rrar"},"content":{"rendered":"<p>VASAGLE V\u00e4ggsk\u00e5p, h\u00e4ngsk\u00e5p, badrumssk\u00e5p, v\u00e4ggmontering, medicinsk\u00e5p med h\u00f6jdjusterbar hyllplan, badrumssk\u00e5p, dubbeld\u00f6rr, \u00f6ppet fack, 60 x 20 x 70 cm, vit BBC27WT<br \/>\nF\u00e4rg: Mystisk gr\u00e5<br \/>\nMaterial: MDF (medeldensitetsfiberplatta)<br \/>\nStorlek: 30 x 30 x 82 cm (D x B x H)<br \/>\nVikt: 8,3 kg<br \/>\nMax. statisk belastningskapacitet f\u00f6r den \u00f6versta hyllan: 90 kg<br \/>\nMax. statisk belastningskapacitet per l\u00e5da: 4,5 kg<\/p>\n","protected":false},"excerpt":{"rendered":"<p>VASAGLE V\u00e4ggsk\u00e5p, h\u00e4ngsk\u00e5p, badrumssk\u00e5p, v\u00e4ggmontering, medicinsk\u00e5p med h\u00f6jdjusterbar hyllplan, badrumssk\u00e5p, dubbeld\u00f6rr, \u00f6ppet fack, 60 x 20 x 70 cm, vit BBC27WT<\/p>\n","protected":false},"featured_media":38924,"comment_status":"open","ping_status":"closed","template":"","meta":[],"product_brand":[],"product_cat":[33],"product_tag":[],"class_list":{"0":"post-10316","1":"product","2":"type-product","3":"status-publish","4":"has-post-thumbnail","6":"product_cat-okategoriserad","8":"first","9":"instock","10":"shipping-taxable","11":"purchasable","12":"product-type-simple"},"_links":{"self":[{"href":"https:\/\/nordicmart.andreevmaster.com\/sv\/wp-json\/wp\/v2\/product\/10316","targetHints":{"allow":["GET"]}}],"collection":[{"href":"https:\/\/nordicmart.andreevmaster.com\/sv\/wp-json\/wp\/v2\/product"}],"about":[{"href":"https:\/\/nordicmart.andreevmaster.com\/sv\/wp-json\/wp\/v2\/types\/product"}],"replies":[{"embeddable":true,"href":"https:\/\/nordicmart.andreevmaster.com\/sv\/wp-json\/wp\/v2\/comments?post=10316"}],"wp:featuredmedia":[{"embeddable":true,"href":"https:\/\/nordicmart.andreevmaster.com\/sv\/wp-json\/wp\/v2\/media\/38924"}],"wp:attachment":[{"href":"https:\/\/nordicmart.andreevmaster.com\/sv\/wp-json\/wp\/v2\/media?parent=10316"}],"wp:term":[{"taxonomy":"product_brand","embeddable":true,"href":"https:\/\/nordicmart.andreevmaster.com\/sv\/wp-json\/wp\/v2\/product_brand?post=10316"},{"taxonomy":"product_cat","embeddable":true,"href":"https:\/\/nordicmart.andreevmaster.com\/sv\/wp-json\/wp\/v2\/product_cat?post=10316"},{"taxonomy":"product_tag","embeddable":true,"href":"https:\/\/nordicmart.andreevmaster.com\/sv\/wp-json\/wp\/v2\/product_tag?post=10316"}],"curies":[{"name":"wp","href":"https:\/\/api.w.org\/{rel}","templated":true}]}}