{"id":10315,"date":"2026-02-27T00:06:54","date_gmt":"2026-02-27T00:06:54","guid":{"rendered":"https:\/\/nordicmart.andreevmaster.com\/product\/vasagle-tvattstallsskap-vitt\/"},"modified":"2026-02-27T08:02:37","modified_gmt":"2026-02-27T08:02:37","slug":"vasagle-tvattstallsskap-vitt","status":"publish","type":"product","link":"https:\/\/nordicmart.andreevmaster.com\/sv\/produkt\/vasagle-tvattstallsskap-vitt\/","title":{"rendered":"VASAGLE tv\u00e4ttst\u00e4llssk\u00e5p vitt"},"content":{"rendered":"<p>Produktdetaljer: &#8211; M\u00e5tt: 60 x 60 x 30 cm (B x H x D) &#8211; M\u00e5tt p\u00e5 sifonutrymmet: 20 x 15 cm (M\u00e4t sifonens storlek f\u00f6re k\u00f6pet och kontrollera att undersk\u00e5pet passar.- F\u00f6rpackningsm\u00e5tt: 68 x 16 x 36 cm &#8211; Material: MDF-skiva &#8211; F\u00e4rg: vit &#8211; Nettovikt: 9,4 kg &#8211; Bruttovikt: 10,3 kg Leveransomfattning: &#8211; 1 x handfatssk\u00e5p &#8211; 1 x tillbeh\u00f6rsp\u00e5se &#8211; 1 x monteringsanvisning (DE, EN, IT, FR, ES)<\/p>\n","protected":false},"excerpt":{"rendered":"<p>VASAGLE Undersk\u00e5p f\u00f6r handfat Undersk\u00e5p Badrumssk\u00e5p 2 d\u00f6rrar med justerbar hylla Tr\u00e4, vit, 60 x 60 x 30 cm (B x H x D) BBC01WT<\/p>\n","protected":false},"featured_media":38923,"comment_status":"open","ping_status":"closed","template":"","meta":[],"product_brand":[],"product_cat":[33],"product_tag":[],"class_list":{"0":"post-10315","1":"product","2":"type-product","3":"status-publish","4":"has-post-thumbnail","6":"product_cat-okategoriserad","8":"first","9":"instock","10":"shipping-taxable","11":"purchasable","12":"product-type-simple"},"_links":{"self":[{"href":"https:\/\/nordicmart.andreevmaster.com\/sv\/wp-json\/wp\/v2\/product\/10315","targetHints":{"allow":["GET"]}}],"collection":[{"href":"https:\/\/nordicmart.andreevmaster.com\/sv\/wp-json\/wp\/v2\/product"}],"about":[{"href":"https:\/\/nordicmart.andreevmaster.com\/sv\/wp-json\/wp\/v2\/types\/product"}],"replies":[{"embeddable":true,"href":"https:\/\/nordicmart.andreevmaster.com\/sv\/wp-json\/wp\/v2\/comments?post=10315"}],"wp:featuredmedia":[{"embeddable":true,"href":"https:\/\/nordicmart.andreevmaster.com\/sv\/wp-json\/wp\/v2\/media\/38923"}],"wp:attachment":[{"href":"https:\/\/nordicmart.andreevmaster.com\/sv\/wp-json\/wp\/v2\/media?parent=10315"}],"wp:term":[{"taxonomy":"product_brand","embeddable":true,"href":"https:\/\/nordicmart.andreevmaster.com\/sv\/wp-json\/wp\/v2\/product_brand?post=10315"},{"taxonomy":"product_cat","embeddable":true,"href":"https:\/\/nordicmart.andreevmaster.com\/sv\/wp-json\/wp\/v2\/product_cat?post=10315"},{"taxonomy":"product_tag","embeddable":true,"href":"https:\/\/nordicmart.andreevmaster.com\/sv\/wp-json\/wp\/v2\/product_tag?post=10315"}],"curies":[{"name":"wp","href":"https:\/\/api.w.org\/{rel}","templated":true}]}}