{"id":10312,"date":"2026-02-27T00:06:53","date_gmt":"2026-02-27T00:06:53","guid":{"rendered":"https:\/\/nordicmart.andreevmaster.com\/product\/hyllplan-i-furu\/"},"modified":"2026-02-27T08:02:36","modified_gmt":"2026-02-27T08:02:36","slug":"hyllplan-i-furu","status":"publish","type":"product","link":"https:\/\/nordicmart.andreevmaster.com\/sv\/produkt\/hyllplan-i-furu\/","title":{"rendered":"Hyllplan i furu"},"content":{"rendered":"<p>Hyllplanet \u00e4r ett mycket viktigt inslag i barnrum och rum f\u00f6r sm\u00e5 barn. N\u00e4r barnet \u00e4r litet kan du h\u00e4nga det inom r\u00e4ckh\u00e5ll, vilket kommer att p\u00e5verka dess utveckling positivt, och n\u00e4r barnet v\u00e4xer kan du \u00e4ndra dess position p\u00e5 v\u00e4ggen. De subtila och tidl\u00f6sa f\u00e4rgerna passar vackert in i alla interi\u00f6rer. <\/p>\n<p>Huvudsakliga egenskaper och f\u00f6rdelar:<br \/>\n&#8211; tillverkad enligt europeiska standarder och s\u00e4kerhetsnormer<br \/>\n&#8211; organiserar utrymmet <\/p>\n<p>M\u00e5tt (cm):<br \/>\nh\u00f6jd: 13<br \/>\ndjup: 13<br \/>\nbredd: 57<\/p>\n<p>Utf\u00f6rande och finish:<br \/>\n&#8211; hyllan \u00e4r tillverkad av furu, l\u00e4tt att h\u00e5lla ren<br \/>\n&#8211; den har en tr\u00e4ribba (hyvlade) som skyddar elementen fr\u00e5n att falla ut<\/p>\n<p>F\u00e4rger:<br \/>\n&#8211; hyllan \u00e4r i furuf\u00e4rg<br \/>\n&#8211; begr\u00e4nsaren \u00e4r tillverkad av hyvlade tr\u00e4.Eftersom tr\u00e4 \u00e4r det material som anv\u00e4nds kan variationer i nyanser f\u00f6rekomma.<\/p>\n<p>Anv\u00e4ndningsinstruktioner:<br \/>\nM\u00f6blerna ska torkas av med en mjuk bomullsduk fuktad med vatten eller ett produkt avsedd f\u00f6r m\u00f6belv\u00e5rd.<\/p>\n<p>Ytterligare information:<br \/>\nM\u00f6blerna levereras i paket, avsedda f\u00f6r sj\u00e4lvmontering. Paketen inneh\u00e5ller detaljerade monteringsanvisningar samt tillbeh\u00f6r (skruvar etc.).<\/p>\n","protected":false},"excerpt":{"rendered":"<p>Hyllplanet \u00e4r ett mycket viktigt inslag i barnrum och rum f\u00f6r sm\u00e5 barn. N\u00e4r barnet \u00e4r litet kan du h\u00e4nga det inom r\u00e4ckh\u00e5ll, vilket kommer att p\u00e5verka dess utveckling positivt, och n\u00e4r barnet v\u00e4xer kan du \u00e4ndra dess position p\u00e5 v\u00e4ggen. De subtila och tidl\u00f6sa f\u00e4rgerna passar vackert in i alla interi\u00f6rer. Huvudsakliga egenskaper och [&hellip;]<\/p>\n","protected":false},"featured_media":0,"comment_status":"open","ping_status":"closed","template":"","meta":[],"product_brand":[],"product_cat":[33],"product_tag":[],"class_list":{"0":"post-10312","1":"product","2":"type-product","3":"status-publish","5":"product_cat-okategoriserad","7":"first","8":"instock","9":"shipping-taxable","10":"purchasable","11":"product-type-simple"},"_links":{"self":[{"href":"https:\/\/nordicmart.andreevmaster.com\/sv\/wp-json\/wp\/v2\/product\/10312","targetHints":{"allow":["GET"]}}],"collection":[{"href":"https:\/\/nordicmart.andreevmaster.com\/sv\/wp-json\/wp\/v2\/product"}],"about":[{"href":"https:\/\/nordicmart.andreevmaster.com\/sv\/wp-json\/wp\/v2\/types\/product"}],"replies":[{"embeddable":true,"href":"https:\/\/nordicmart.andreevmaster.com\/sv\/wp-json\/wp\/v2\/comments?post=10312"}],"wp:attachment":[{"href":"https:\/\/nordicmart.andreevmaster.com\/sv\/wp-json\/wp\/v2\/media?parent=10312"}],"wp:term":[{"taxonomy":"product_brand","embeddable":true,"href":"https:\/\/nordicmart.andreevmaster.com\/sv\/wp-json\/wp\/v2\/product_brand?post=10312"},{"taxonomy":"product_cat","embeddable":true,"href":"https:\/\/nordicmart.andreevmaster.com\/sv\/wp-json\/wp\/v2\/product_cat?post=10312"},{"taxonomy":"product_tag","embeddable":true,"href":"https:\/\/nordicmart.andreevmaster.com\/sv\/wp-json\/wp\/v2\/product_tag?post=10312"}],"curies":[{"name":"wp","href":"https:\/\/api.w.org\/{rel}","templated":true}]}}