{"id":10308,"date":"2026-02-27T00:06:53","date_gmt":"2026-02-27T00:06:53","guid":{"rendered":"https:\/\/nordicmart.andreevmaster.com\/product\/backyard-discovery-echo-heights-tralekplats-rutschkana-lekhus-kok\/"},"modified":"2026-02-27T08:02:36","modified_gmt":"2026-02-27T08:02:36","slug":"backyard-discovery-echo-heights-tralekplats-rutschkana-lekhus-kok","status":"publish","type":"product","link":"https:\/\/nordicmart.andreevmaster.com\/sv\/produkt\/backyard-discovery-echo-heights-tralekplats-rutschkana-lekhus-kok\/","title":{"rendered":"BACKYARD DISCOVERY Echo Heights Tr\u00e4lekplats Rutschkana Lekhus K\u00f6k"},"content":{"rendered":"<p>Echo Heights lekplats fr\u00e5n Backyard Discovery inneb\u00e4r timmar av lek och skoj i din egen tr\u00e4dg\u00e5rd. Tack vare sin kompakta design passar denna lekstuga perfekt i alla tr\u00e4dg\u00e5rdar. Sm\u00e5 barn kommer att \u00e4lska lekfunktionerna, s\u00e5som spisen, den batteridrivna enheten, den supersnabba rutschkanan och alla andra tillbeh\u00f6r. Funktionella dubbeld\u00f6rrar och stora \u00f6ppna f\u00f6nster g\u00f6r att ditt barn kan se allt omkring sig medan det leker. Entr\u00e9stegen med breda steg g\u00f6r det enkelt f\u00f6r barn i alla \u00e5ldrar att ta sig in. Anv\u00e4nd den medf\u00f6ljande tillv\u00e4xtkurvan f\u00f6r att f\u00f6lja ditt barns tillv\u00e4xt och skapa minnen tillsammans. N\u00e4r ditt barn \u00e4r f\u00e4rdigt med att leka i lekstugan kan det snabbt glida nerf\u00f6r rutschkanan. <\/p>\n<p>Funktioner: <\/p>\n<p>* &#8211; Lekplats utformad f\u00f6r barn fr\u00e5n 3 \u00e5r<br \/>\n* &#8211; Tillverkad av 100 % FSC-certifierat cedertr\u00e4<br \/>\n* &#8211; Setet inneh\u00e5ller massor av roliga tillbeh\u00f6r: ett lek-k\u00f6k, en bar-mixer, en fungerande d\u00f6rrklocka och en sv\u00e4ngd\u00f6rr<br \/>\n* &#8211; Upph\u00f6jd lekstuga, l\u00e4mplig f\u00f6r sm\u00e5 tr\u00e4dg\u00e5rdar<br \/>\n* &#8211; Supersnabb 183 cm rutschkana med r\u00e4cke<br \/>\n* &#8211; H\u00f6jdm\u00e4tare dokumenterar barnens tillv\u00e4xt<br \/>\n* &#8211; Bred, platt stege f\u00f6r enkel \u00e5tkomst f\u00f6r barn i alla \u00e5ldrar<\/p>\n","protected":false},"excerpt":{"rendered":"<p>Echo Heights lekplats fr\u00e5n Backyard Discovery inneb\u00e4r timmar av lek och skoj i din egen tr\u00e4dg\u00e5rd. Tack vare sin kompakta design passar denna lekstuga perfekt i alla tr\u00e4dg\u00e5rdar. Sm\u00e5 barn kommer att \u00e4lska lekfunktionerna, s\u00e5som spisen, den batteridrivna enheten, den supersnabba rutschkanan och alla andra tillbeh\u00f6r. Funktionella dubbeld\u00f6rrar och stora \u00f6ppna f\u00f6nster g\u00f6r att ditt [&hellip;]<\/p>\n","protected":false},"featured_media":0,"comment_status":"open","ping_status":"closed","template":"","meta":[],"product_brand":[],"product_cat":[33],"product_tag":[],"class_list":{"0":"post-10308","1":"product","2":"type-product","3":"status-publish","5":"product_cat-okategoriserad","7":"first","8":"instock","9":"shipping-taxable","10":"purchasable","11":"product-type-simple"},"_links":{"self":[{"href":"https:\/\/nordicmart.andreevmaster.com\/sv\/wp-json\/wp\/v2\/product\/10308","targetHints":{"allow":["GET"]}}],"collection":[{"href":"https:\/\/nordicmart.andreevmaster.com\/sv\/wp-json\/wp\/v2\/product"}],"about":[{"href":"https:\/\/nordicmart.andreevmaster.com\/sv\/wp-json\/wp\/v2\/types\/product"}],"replies":[{"embeddable":true,"href":"https:\/\/nordicmart.andreevmaster.com\/sv\/wp-json\/wp\/v2\/comments?post=10308"}],"wp:attachment":[{"href":"https:\/\/nordicmart.andreevmaster.com\/sv\/wp-json\/wp\/v2\/media?parent=10308"}],"wp:term":[{"taxonomy":"product_brand","embeddable":true,"href":"https:\/\/nordicmart.andreevmaster.com\/sv\/wp-json\/wp\/v2\/product_brand?post=10308"},{"taxonomy":"product_cat","embeddable":true,"href":"https:\/\/nordicmart.andreevmaster.com\/sv\/wp-json\/wp\/v2\/product_cat?post=10308"},{"taxonomy":"product_tag","embeddable":true,"href":"https:\/\/nordicmart.andreevmaster.com\/sv\/wp-json\/wp\/v2\/product_tag?post=10308"}],"curies":[{"name":"wp","href":"https:\/\/api.w.org\/{rel}","templated":true}]}}