{"id":10307,"date":"2026-02-27T00:06:53","date_gmt":"2026-02-27T00:06:53","guid":{"rendered":"https:\/\/nordicmart.andreevmaster.com\/product\/backyard-discovery-aurora-tralekplats-lekstuga-rutschkana\/"},"modified":"2026-02-27T08:02:36","modified_gmt":"2026-02-27T08:02:36","slug":"backyard-discovery-aurora-tralekplats-lekstuga-rutschkana","status":"publish","type":"product","link":"https:\/\/nordicmart.andreevmaster.com\/sv\/produkt\/backyard-discovery-aurora-tralekplats-lekstuga-rutschkana\/","title":{"rendered":"BACKYARD DISCOVERY Aurora Tr\u00e4lekplats Lekstuga Rutschkana"},"content":{"rendered":"<p>Aurora Backyard Discovery lekplats \u00e4r ocks\u00e5 ett utm\u00e4rkt val f\u00f6r mindre tr\u00e4dg\u00e5rdar. Att leka i tr\u00e4dg\u00e5rden kommer aldrig att bli tr\u00e5kigt igen! Aurora lekplats i tr\u00e4 erbjuder m\u00e5nga m\u00f6jligheter till lek och skoj. Den har en plattform med en v\u00e5gig bl\u00e5 rutschkana, som man kommer \u00e5t via en s\u00e4ker stege som ocks\u00e5 fungerar som kl\u00e4tterv\u00e4gg. Hela konstruktionen \u00e4r t\u00e4ckt av ett bl\u00e5tt tak som skyddar ditt barn fr\u00e5n solen. L\u00e4ngst ner finns en sandl\u00e5da och tv\u00e5 stabila gungor. <\/p>\n<p>Funktioner: <\/p>\n<p>* &#8211; sandl\u00e5da,<br \/>\n* &#8211; 2 gungor,<br \/>\n* &#8211; kl\u00e4tterst\u00e4llning,<br \/>\n* &#8211; kl\u00e4tterv\u00e4gg,<br \/>\n* &#8211; rutschkana.<\/p>\n<p>De underbara tr\u00e4dg\u00e5rdsleksakerna fr\u00e5n det amerikanska f\u00f6retaget Backyard Discovery \u2013 \u00e4gare av det v\u00e4lk\u00e4nda och respekterade varum\u00e4rket STEP2 \u2013 har glatt barn i \u00f6ver 30 \u00e5r. Leksakerna fr\u00e5n denna tillverkare k\u00e4nnetecknas av h\u00f6gsta kvalitet och noggrant hantverk. De \u00e4r stabila, s\u00e4kra och h\u00e5llbara. De \u00e4r tillverkade av cedertr\u00e4, vilket g\u00f6r varje set naturligt motst\u00e5ndskraftigt mot r\u00f6ta, insekter och v\u00e4derf\u00f6rh\u00e5llanden. De fungerar utm\u00e4rkt under m\u00e5nga s\u00e4songer utan att f\u00f6rlora sin f\u00e4rg eller sina egenskaper. Backyard Discoverys tr\u00e4dg\u00e5rdshus och lekplatser \u00e4r vackra och genialt utrustade. De har inbyggda k\u00f6k f\u00f6r barn, rutschkanor, gungor och m\u00e5nga andra attraktioner.<\/p>\n<p>Backyard Discoverys produkter f\u00f6rtj\u00e4nar att kallas premium bland tr\u00e4dg\u00e5rdsleksaker \u2013 de \u00e4r v\u00e4rda varje krona.<\/p>\n","protected":false},"excerpt":{"rendered":"<p>Aurora Backyard Discovery lekplats \u00e4r ocks\u00e5 ett utm\u00e4rkt val f\u00f6r mindre tr\u00e4dg\u00e5rdar. Att leka i tr\u00e4dg\u00e5rden kommer aldrig att bli tr\u00e5kigt igen! Aurora lekplats i tr\u00e4 erbjuder m\u00e5nga m\u00f6jligheter till lek och skoj. Den har en plattform med en v\u00e5gig bl\u00e5 rutschkana, som man kommer \u00e5t via en s\u00e4ker stege som ocks\u00e5 fungerar som kl\u00e4tterv\u00e4gg. [&hellip;]<\/p>\n","protected":false},"featured_media":0,"comment_status":"open","ping_status":"closed","template":"","meta":[],"product_brand":[],"product_cat":[33],"product_tag":[],"class_list":{"0":"post-10307","1":"product","2":"type-product","3":"status-publish","5":"product_cat-okategoriserad","7":"first","8":"instock","9":"shipping-taxable","10":"purchasable","11":"product-type-simple"},"_links":{"self":[{"href":"https:\/\/nordicmart.andreevmaster.com\/sv\/wp-json\/wp\/v2\/product\/10307","targetHints":{"allow":["GET"]}}],"collection":[{"href":"https:\/\/nordicmart.andreevmaster.com\/sv\/wp-json\/wp\/v2\/product"}],"about":[{"href":"https:\/\/nordicmart.andreevmaster.com\/sv\/wp-json\/wp\/v2\/types\/product"}],"replies":[{"embeddable":true,"href":"https:\/\/nordicmart.andreevmaster.com\/sv\/wp-json\/wp\/v2\/comments?post=10307"}],"wp:attachment":[{"href":"https:\/\/nordicmart.andreevmaster.com\/sv\/wp-json\/wp\/v2\/media?parent=10307"}],"wp:term":[{"taxonomy":"product_brand","embeddable":true,"href":"https:\/\/nordicmart.andreevmaster.com\/sv\/wp-json\/wp\/v2\/product_brand?post=10307"},{"taxonomy":"product_cat","embeddable":true,"href":"https:\/\/nordicmart.andreevmaster.com\/sv\/wp-json\/wp\/v2\/product_cat?post=10307"},{"taxonomy":"product_tag","embeddable":true,"href":"https:\/\/nordicmart.andreevmaster.com\/sv\/wp-json\/wp\/v2\/product_tag?post=10307"}],"curies":[{"name":"wp","href":"https:\/\/api.w.org\/{rel}","templated":true}]}}