{"id":10306,"date":"2026-02-27T00:06:52","date_gmt":"2026-02-27T00:06:52","guid":{"rendered":"https:\/\/nordicmart.andreevmaster.com\/product\/backyard-discovery-belmont-6-i-1-lekplats-i-tra\/"},"modified":"2026-02-27T08:02:36","modified_gmt":"2026-02-27T08:02:36","slug":"backyard-discovery-belmont-6-i-1-lekplats-i-tra","status":"publish","type":"product","link":"https:\/\/nordicmart.andreevmaster.com\/sv\/produkt\/backyard-discovery-belmont-6-i-1-lekplats-i-tra\/","title":{"rendered":"BACKYARD DISCOVERY Belmont 6-i-1 lekplats i tr\u00e4"},"content":{"rendered":"<p>Backyard Discovery Belmont 6-i-1 lekplats i tr\u00e4 ger barn ett roligt s\u00e4tt att vara fysiskt aktiva och motionera. Belmont \u00e4r tillverkad av 100 % cedertr\u00e4 och tack vare sin sm\u00e5, kompakta knutstruktur \u00e4r den mindre k\u00e4nslig f\u00f6r sm\u00e5 sprickor fr\u00e5n knutar. Tillverkad enligt h\u00f6gsta kvalitetsstandarder.<\/p>\n<p>Backyard Discovery Belmont 6-i-1 tr\u00e4lekplats i cedertr\u00e4 har f\u00f6ljande egenskaper:<\/p>\n<p>&#8211; Enkel montering med hj\u00e4lp av den interaktiva appen BILT\u00ae som guidar dig steg f\u00f6r steg &#8211; 2 gungor + akrobatisk rem \u2013 s\u00e5 det finns n\u00e5got f\u00f6r alla, fr\u00e5n unga nyb\u00f6rjare till de mest atletiska &#8211; Sandl\u00e5da som rymmer ca 125 kg sand (sand ing\u00e5r ej) &#8211; Bord med b\u00e4nk &#8211; 244 cm l\u00e5ng rutschkana &#8211; Kl\u00e4ttringsv\u00e4gg &#8211; mer sp\u00e4nnande \u00e4n en vanlig stege, stimulerar koordination, muskelstyrka och motorik. Metallhandtag s\u00e4kerst\u00e4ller s\u00e4ker och enkel p\u00e5- och avstigning fr\u00e5n det anslutna \u00f6vre fortet &#8211; Lektorn med f\u00e4rgglad baldakin<\/p>\n<p>Belmont-lekplatsen \u00e4r helt tillverkad av cedertr\u00e4, som \u00e4r naturligt mycket h\u00e5llbart och r\u00f6tbest\u00e4ndigt.<\/p>\n<p>Backyard Discovery Belmont 6-i-1 lekplats i cedertr\u00e4:<\/p>\n<p>Rekommenderat k\u00f6n: Pojke\/Flicka, Produktf\u00e4rg: Brun, Gr\u00f6n, Gul, Ramens material: Tr\u00e4. Bredd: 2220 mm, Djup: 5400 mm, H\u00f6jd: 2900 mm. EU TSD-varning: Ej f\u00f6r barn under 36 m\u00e5nader, endast f\u00f6r hemmabruk, ska anv\u00e4ndas under direkt uppsikt av vuxen. Bredd: 555 mm, djup: 2330 mm, h\u00f6jd: 168 mm. Lastkapacitet: 68 kg per barn vid enskild anv\u00e4ndning. 54,5 kg per barn vid anv\u00e4ndning av flera barn. H\u00f6gst 9 barn per lekst\u00e4llning rekommenderas.Den fullt funktionella stora lekplatsen Belmont fr\u00e5n Backyard Discovery ger dina barn massor av id\u00e9er f\u00f6r lek och skoj \u2013 b\u00e5de med v\u00e4nner och p\u00e5 egen hand! Backyard Discovery har tillverkat h\u00f6gkvalitativa lekplatser och lekstugor i tr\u00e4 f\u00f6r barn i \u00f6ver 30 \u00e5r.<\/p>\n","protected":false},"excerpt":{"rendered":"<p>Backyard Discovery Belmont 6-i-1 lekplats i tr\u00e4 ger barn ett roligt s\u00e4tt att vara fysiskt aktiva och motionera. Belmont \u00e4r tillverkad av 100 % cedertr\u00e4 och tack vare sin sm\u00e5, kompakta knutstruktur \u00e4r den mindre k\u00e4nslig f\u00f6r sm\u00e5 sprickor fr\u00e5n knutar. Tillverkad enligt h\u00f6gsta kvalitetsstandarder. Backyard Discovery Belmont 6-i-1 tr\u00e4lekplats i cedertr\u00e4 har f\u00f6ljande egenskaper: [&hellip;]<\/p>\n","protected":false},"featured_media":0,"comment_status":"open","ping_status":"closed","template":"","meta":[],"product_brand":[],"product_cat":[33],"product_tag":[],"class_list":{"0":"post-10306","1":"product","2":"type-product","3":"status-publish","5":"product_cat-okategoriserad","7":"first","8":"instock","9":"shipping-taxable","10":"purchasable","11":"product-type-simple"},"_links":{"self":[{"href":"https:\/\/nordicmart.andreevmaster.com\/sv\/wp-json\/wp\/v2\/product\/10306","targetHints":{"allow":["GET"]}}],"collection":[{"href":"https:\/\/nordicmart.andreevmaster.com\/sv\/wp-json\/wp\/v2\/product"}],"about":[{"href":"https:\/\/nordicmart.andreevmaster.com\/sv\/wp-json\/wp\/v2\/types\/product"}],"replies":[{"embeddable":true,"href":"https:\/\/nordicmart.andreevmaster.com\/sv\/wp-json\/wp\/v2\/comments?post=10306"}],"wp:attachment":[{"href":"https:\/\/nordicmart.andreevmaster.com\/sv\/wp-json\/wp\/v2\/media?parent=10306"}],"wp:term":[{"taxonomy":"product_brand","embeddable":true,"href":"https:\/\/nordicmart.andreevmaster.com\/sv\/wp-json\/wp\/v2\/product_brand?post=10306"},{"taxonomy":"product_cat","embeddable":true,"href":"https:\/\/nordicmart.andreevmaster.com\/sv\/wp-json\/wp\/v2\/product_cat?post=10306"},{"taxonomy":"product_tag","embeddable":true,"href":"https:\/\/nordicmart.andreevmaster.com\/sv\/wp-json\/wp\/v2\/product_tag?post=10306"}],"curies":[{"name":"wp","href":"https:\/\/api.w.org\/{rel}","templated":true}]}}