{"id":10305,"date":"2026-02-27T00:06:52","date_gmt":"2026-02-27T00:06:52","guid":{"rendered":"https:\/\/nordicmart.andreevmaster.com\/product\/backyard-discovery-lakewood-tralekplats-gungor-rutschkana-lekstuga\/"},"modified":"2026-02-27T08:02:36","modified_gmt":"2026-02-27T08:02:36","slug":"backyard-discovery-lakewood-tralekplats-gungor-rutschkana-lekstuga","status":"publish","type":"product","link":"https:\/\/nordicmart.andreevmaster.com\/sv\/produkt\/backyard-discovery-lakewood-tralekplats-gungor-rutschkana-lekstuga\/","title":{"rendered":"BACKYARD DISCOVERY Lakewood Tr\u00e4lekplats Gungor Rutschkana Lekstuga"},"content":{"rendered":"<p>Lakewood-lekplatsen med gungor och rutschkana fr\u00e5n Backyard Discovery erbjuder sm\u00e5 barn massor av m\u00f6jligheter till lek och skoj. Tack vare sin kompakta design f\u00f6rvandlar Lakewood \u00e4ven mindre tr\u00e4dg\u00e5rdar till en riktig lekplats d\u00e4r barnen kan leka hela dagen l\u00e5ng. Konstruktionen har en upph\u00f6jd lekplattform med ett f\u00e4rgglatt soltak. Nedre rum med framv\u00e4gg, f\u00f6nster och riktig d\u00f6rr. Inbyggd b\u00e4nk utanf\u00f6r f\u00f6nstret. Barnen kan gunga p\u00e5 en av tv\u00e5 gungor eller g\u00f6ra akrobatik p\u00e5 trapetsen. Platta trappor leder barnen till den h\u00f6gsta plattformen, varifr\u00e5n en 244 cm l\u00e5ng rutschkana snabbt tar dem tillbaka ner.<\/p>\n<p>Egenskaper:<\/p>\n<p>* &#8211; lekplats avsedd f\u00f6r barn fr\u00e5n 3 \u00e5r<br \/>\n* &#8211; tillverkad av 100 % v\u00e4derbest\u00e4ndigt cedertr\u00e4<br \/>\n* &#8211; enkel att montera<br \/>\n* &#8211; 2 d\u00e4cksgungor f\u00e4sta vid rep, skonsamma mot sm\u00e5 h\u00e4nder och f\u00f6rhindrar att fingrarna kl\u00e4ms<br \/>\n* &#8211; trapets f\u00f6r gymnastiska akrobatiska \u00f6vningar<br \/>\n* &#8211; plana trappor f\u00f6r s\u00e4ker \u00e5tkomst<br \/>\n* &#8211; upph\u00f6jd lekplattform med tak<br \/>\n* &#8211; framv\u00e4gg, f\u00f6nster och riktig d\u00f6rr<br \/>\n* &#8211; f\u00f6nster med inbyggd b\u00e4nk p\u00e5 utsidan<br \/>\n* &#8211; supersnabb rutschkana, 244 cm l\u00e5ng<br \/>\n* &#8211; den nedre delen av plattformen \u00e4r idealisk f\u00f6r f\u00f6rvaring av leksaker eller till och med som sandl\u00e5da<\/p>\n","protected":false},"excerpt":{"rendered":"<p>Lakewood-lekplatsen med gungor och rutschkana fr\u00e5n Backyard Discovery erbjuder sm\u00e5 barn massor av m\u00f6jligheter till lek och skoj. Tack vare sin kompakta design f\u00f6rvandlar Lakewood \u00e4ven mindre tr\u00e4dg\u00e5rdar till en riktig lekplats d\u00e4r barnen kan leka hela dagen l\u00e5ng. Konstruktionen har en upph\u00f6jd lekplattform med ett f\u00e4rgglatt soltak. Nedre rum med framv\u00e4gg, f\u00f6nster och riktig [&hellip;]<\/p>\n","protected":false},"featured_media":0,"comment_status":"open","ping_status":"closed","template":"","meta":[],"product_brand":[],"product_cat":[33],"product_tag":[],"class_list":{"0":"post-10305","1":"product","2":"type-product","3":"status-publish","5":"product_cat-okategoriserad","7":"first","8":"instock","9":"shipping-taxable","10":"purchasable","11":"product-type-simple"},"_links":{"self":[{"href":"https:\/\/nordicmart.andreevmaster.com\/sv\/wp-json\/wp\/v2\/product\/10305","targetHints":{"allow":["GET"]}}],"collection":[{"href":"https:\/\/nordicmart.andreevmaster.com\/sv\/wp-json\/wp\/v2\/product"}],"about":[{"href":"https:\/\/nordicmart.andreevmaster.com\/sv\/wp-json\/wp\/v2\/types\/product"}],"replies":[{"embeddable":true,"href":"https:\/\/nordicmart.andreevmaster.com\/sv\/wp-json\/wp\/v2\/comments?post=10305"}],"wp:attachment":[{"href":"https:\/\/nordicmart.andreevmaster.com\/sv\/wp-json\/wp\/v2\/media?parent=10305"}],"wp:term":[{"taxonomy":"product_brand","embeddable":true,"href":"https:\/\/nordicmart.andreevmaster.com\/sv\/wp-json\/wp\/v2\/product_brand?post=10305"},{"taxonomy":"product_cat","embeddable":true,"href":"https:\/\/nordicmart.andreevmaster.com\/sv\/wp-json\/wp\/v2\/product_cat?post=10305"},{"taxonomy":"product_tag","embeddable":true,"href":"https:\/\/nordicmart.andreevmaster.com\/sv\/wp-json\/wp\/v2\/product_tag?post=10305"}],"curies":[{"name":"wp","href":"https:\/\/api.w.org\/{rel}","templated":true}]}}