{"id":10304,"date":"2026-02-27T00:06:52","date_gmt":"2026-02-27T00:06:52","guid":{"rendered":"https:\/\/nordicmart.andreevmaster.com\/product\/backyard-discovery-stor-lekplats-i-tra-fran-atlantic\/"},"modified":"2026-02-27T08:02:35","modified_gmt":"2026-02-27T08:02:35","slug":"backyard-discovery-stor-lekplats-i-tra-fran-atlantic","status":"publish","type":"product","link":"https:\/\/nordicmart.andreevmaster.com\/sv\/produkt\/backyard-discovery-stor-lekplats-i-tra-fran-atlantic\/","title":{"rendered":"BACKYARD DISCOVERY Stor lekplats i tr\u00e4 fr\u00e5n Atlantic"},"content":{"rendered":"<p>Den enorma lekplatsen Sunnydale Backyard Discovery \u00e4r ett perfekt tillskott till alla tr\u00e4dg\u00e5rdar. Fr\u00e5n och med nu kommer det att finnas o\u00e4ndligt med roliga aktiviteter i tr\u00e4dg\u00e5rden! Lekplatsen Atlantic i tr\u00e4 \u00e4r ett perfekt aktivitetscenter som erbjuder m\u00e5nga m\u00f6jligheter till lek och skoj. Den har en plattform i form av ett hus p\u00e5 p\u00e5lar med en l\u00e5ng, v\u00e5gig rutschkana, som man kommer \u00e5t via en stege eller en kl\u00e4tterv\u00e4gg med s\u00e4kerhetshandtag h\u00f6gst upp. Hela konstruktionen t\u00e4cks av ett vackert tr\u00e4tak som skyddar ditt barn fr\u00e5n solen. En ytterligare f\u00f6rdel \u00e4r balkongen p\u00e5 lekplatsens \u00f6vre niv\u00e5.<\/p>\n<p>I den nedre delen finns en rymlig sandl\u00e5da, ett f\u00f6nster med en barformad b\u00e4nkskiva och tre robusta gungor (tv\u00e5 enkla och en dubbel).<\/p>\n<p>Produktegenskaper: Material: cedertr\u00e4 M\u00e5tt p\u00e5 den \u00f6vre plattformen: 163 x 102 cm Balkongens h\u00f6jd: 122 cm Rutschkanans l\u00e4ngd: 244 cm Sandl\u00e5dan rymmer ca 200 kg sand<\/p>\n<p>Backyard Discovery \u2013 i \u00f6ver 30 \u00e5r har f\u00f6retaget tillverkat h\u00f6gkvalitativa lekplatser i tr\u00e4, som ofta \u00e4r utrustade med sensationella rutschkanor, stegar, gungor och sandl\u00e5dor. I sortimentet ing\u00e5r \u00e4ven lekstugor och fritidsprodukter f\u00f6r tr\u00e4dg\u00e5rden.<\/p>\n","protected":false},"excerpt":{"rendered":"<p>Den enorma lekplatsen Sunnydale Backyard Discovery \u00e4r ett perfekt tillskott till alla tr\u00e4dg\u00e5rdar. Fr\u00e5n och med nu kommer det att finnas o\u00e4ndligt med roliga aktiviteter i tr\u00e4dg\u00e5rden! Lekplatsen Atlantic i tr\u00e4 \u00e4r ett perfekt aktivitetscenter som erbjuder m\u00e5nga m\u00f6jligheter till lek och skoj. Den har en plattform i form av ett hus p\u00e5 p\u00e5lar med [&hellip;]<\/p>\n","protected":false},"featured_media":0,"comment_status":"open","ping_status":"closed","template":"","meta":[],"product_brand":[],"product_cat":[33],"product_tag":[],"class_list":{"0":"post-10304","1":"product","2":"type-product","3":"status-publish","5":"product_cat-okategoriserad","7":"first","8":"instock","9":"shipping-taxable","10":"purchasable","11":"product-type-simple"},"_links":{"self":[{"href":"https:\/\/nordicmart.andreevmaster.com\/sv\/wp-json\/wp\/v2\/product\/10304","targetHints":{"allow":["GET"]}}],"collection":[{"href":"https:\/\/nordicmart.andreevmaster.com\/sv\/wp-json\/wp\/v2\/product"}],"about":[{"href":"https:\/\/nordicmart.andreevmaster.com\/sv\/wp-json\/wp\/v2\/types\/product"}],"replies":[{"embeddable":true,"href":"https:\/\/nordicmart.andreevmaster.com\/sv\/wp-json\/wp\/v2\/comments?post=10304"}],"wp:attachment":[{"href":"https:\/\/nordicmart.andreevmaster.com\/sv\/wp-json\/wp\/v2\/media?parent=10304"}],"wp:term":[{"taxonomy":"product_brand","embeddable":true,"href":"https:\/\/nordicmart.andreevmaster.com\/sv\/wp-json\/wp\/v2\/product_brand?post=10304"},{"taxonomy":"product_cat","embeddable":true,"href":"https:\/\/nordicmart.andreevmaster.com\/sv\/wp-json\/wp\/v2\/product_cat?post=10304"},{"taxonomy":"product_tag","embeddable":true,"href":"https:\/\/nordicmart.andreevmaster.com\/sv\/wp-json\/wp\/v2\/product_tag?post=10304"}],"curies":[{"name":"wp","href":"https:\/\/api.w.org\/{rel}","templated":true}]}}