{"id":10303,"date":"2026-02-27T00:06:52","date_gmt":"2026-02-27T00:06:52","guid":{"rendered":"https:\/\/nordicmart.andreevmaster.com\/product\/backyard-discovery-timberlake-tralekstuga\/"},"modified":"2026-02-27T08:02:35","modified_gmt":"2026-02-27T08:02:35","slug":"backyard-discovery-timberlake-tralekstuga","status":"publish","type":"product","link":"https:\/\/nordicmart.andreevmaster.com\/sv\/produkt\/backyard-discovery-timberlake-tralekstuga\/","title":{"rendered":"BACKYARD DISCOVERY Timberlake Tr\u00e4lekstuga"},"content":{"rendered":"<p>Den stora tr\u00e4lekstugan Timberlake fr\u00e5n det v\u00e4lk\u00e4nda m\u00e4rket Backyard Discovery \u00e4r det perfekta tillskottet till alla tr\u00e4dg\u00e5rdar. Fr\u00e5n och med nu kommer det att finnas o\u00e4ndligt med roliga aktiviteter i tr\u00e4dg\u00e5rden! Timberlake lekstuga i tr\u00e4 erbjuder m\u00e5nga m\u00f6jligheter till lek och skoj. Den har stora f\u00f6nster som lyser upp interi\u00f6ren. Lekstugans framsida \u00e4r dekorerad med vackra krukor och stilfulla halvd\u00f6rrar. Inuti lekstugan finns en imiterad spis och diskb\u00e4nk, och en tr\u00e5dl\u00f6s telefon h\u00e4nger p\u00e5 v\u00e4ggen, vilket garanterat bidrar till lekens variation. F\u00f6nstret vid k\u00f6ket \u00e4r perfekt f\u00f6r att servera m\u00e5ltider till v\u00e4nner. Hela huset t\u00e4cks av ett vackert tr\u00e4tak som skyddar ditt barn fr\u00e5n solen. <\/p>\n<p>Egenskaper: <\/p>\n<p>* &#8211; fr\u00e5n 3 \u00e5r,<br \/>\n* &#8211; tillverkad av cedertr\u00e4,<br \/>\n* &#8211; innerm\u00e5tt: 94 x 94 (cm),<br \/>\n* &#8211; huset \u00e4r l\u00e4tt att montera och har ett unikt T-l\u00e5ssystem.<\/p>\n<p>Backyard Discovery \u2013 \u00e4gare av det v\u00e4lk\u00e4nda och respekterade varum\u00e4rket STEP2 \u2013 har tillverkat tr\u00e4dg\u00e5rdsleksaker av h\u00f6gsta kvalitet i \u00f6ver 30 \u00e5r. Sortimentet omfattar lekplatser i tr\u00e4, som ofta \u00e4r utrustade med fantastiska rutschkanor, kl\u00e4tterst\u00e4llningar, gungor och sandl\u00e5dor. Backyard Discovery erbjuder \u00e4ven lekstugor och fritidsprodukter f\u00f6r tr\u00e4dg\u00e5rden.<\/p>\n","protected":false},"excerpt":{"rendered":"<p>Den stora tr\u00e4lekstugan Timberlake fr\u00e5n det v\u00e4lk\u00e4nda m\u00e4rket Backyard Discovery \u00e4r det perfekta tillskottet till alla tr\u00e4dg\u00e5rdar. Fr\u00e5n och med nu kommer det att finnas o\u00e4ndligt med roliga aktiviteter i tr\u00e4dg\u00e5rden! Timberlake lekstuga i tr\u00e4 erbjuder m\u00e5nga m\u00f6jligheter till lek och skoj. Den har stora f\u00f6nster som lyser upp interi\u00f6ren. Lekstugans framsida \u00e4r dekorerad med [&hellip;]<\/p>\n","protected":false},"featured_media":0,"comment_status":"open","ping_status":"closed","template":"","meta":[],"product_brand":[],"product_cat":[33],"product_tag":[],"class_list":{"0":"post-10303","1":"product","2":"type-product","3":"status-publish","5":"product_cat-okategoriserad","7":"first","8":"instock","9":"shipping-taxable","10":"purchasable","11":"product-type-simple"},"_links":{"self":[{"href":"https:\/\/nordicmart.andreevmaster.com\/sv\/wp-json\/wp\/v2\/product\/10303","targetHints":{"allow":["GET"]}}],"collection":[{"href":"https:\/\/nordicmart.andreevmaster.com\/sv\/wp-json\/wp\/v2\/product"}],"about":[{"href":"https:\/\/nordicmart.andreevmaster.com\/sv\/wp-json\/wp\/v2\/types\/product"}],"replies":[{"embeddable":true,"href":"https:\/\/nordicmart.andreevmaster.com\/sv\/wp-json\/wp\/v2\/comments?post=10303"}],"wp:attachment":[{"href":"https:\/\/nordicmart.andreevmaster.com\/sv\/wp-json\/wp\/v2\/media?parent=10303"}],"wp:term":[{"taxonomy":"product_brand","embeddable":true,"href":"https:\/\/nordicmart.andreevmaster.com\/sv\/wp-json\/wp\/v2\/product_brand?post=10303"},{"taxonomy":"product_cat","embeddable":true,"href":"https:\/\/nordicmart.andreevmaster.com\/sv\/wp-json\/wp\/v2\/product_cat?post=10303"},{"taxonomy":"product_tag","embeddable":true,"href":"https:\/\/nordicmart.andreevmaster.com\/sv\/wp-json\/wp\/v2\/product_tag?post=10303"}],"curies":[{"name":"wp","href":"https:\/\/api.w.org\/{rel}","templated":true}]}}