{"id":10301,"date":"2026-02-27T00:06:52","date_gmt":"2026-02-27T00:06:52","guid":{"rendered":"https:\/\/nordicmart.andreevmaster.com\/product\/rondi-mesh-kontorsstol-mesh-anyfix-mekanism-svart\/"},"modified":"2026-02-27T08:02:35","modified_gmt":"2026-02-27T08:02:35","slug":"rondi-mesh-kontorsstol-mesh-anyfix-mekanism-svart","status":"publish","type":"product","link":"https:\/\/nordicmart.andreevmaster.com\/sv\/produkt\/rondi-mesh-kontorsstol-mesh-anyfix-mekanism-svart\/","title":{"rendered":"Rondi Mesh kontorsstol, Mesh Anyfix-mekanism, svart"},"content":{"rendered":"<p>RONDI Roger \u00e4r en h\u00f6gkvalitativ f\u00e5t\u00f6lj som kombinerar komfort och funktionalitet. Dess viktigaste egenskap \u00e4r ryggst\u00f6det i n\u00e4t, som ger optimal ventilation och st\u00f6d. Dessutom har stolen ett justerbart nackst\u00f6d och ryggst\u00f6d som enkelt kan anpassas efter dina behov. Det breda s\u00e4tet, kl\u00e4tt med h\u00f6gkvalitativt tyg, ger extra komfort vid l\u00e5ngvarigt sittande. Armst\u00f6den i plast, kl\u00e4dda med mjuka dynor, kan ocks\u00e5 justeras i h\u00f6jd f\u00f6r att passa dina h\u00e4nder perfekt. RONDI Roger \u00e4r utrustad med M-2 (Anyfix)-mekanismen, som g\u00f6r att du enkelt kan justera stolens h\u00f6jd och l\u00e5sa den i valfri lutningsposition. Ytterligare justering av lutningsstyvheten hj\u00e4lper dig att anpassa stolen efter din sittstil. Den eleganta kromade tv\u00e4rbalken och gasfj\u00e4dern ger stolen en elegant look, och de gummerade hjulen s\u00e4kerst\u00e4ller tyst och s\u00e4ker f\u00f6rflyttning. RONDI Roger \u00e4r ingen vanlig stol, den \u00e4r f\u00f6rkroppsligandet av komfort och funktionalitet i ett modernt kontor. Observera att stolen levereras omonterad. Monteringen tar lite tid och leveranspaketet inneh\u00e5ller alla n\u00f6dv\u00e4ndiga delar.<\/p>\n","protected":false},"excerpt":{"rendered":"<p>Modell: Roger<br \/>\nModifiering: Roger Chrome<br \/>\nLutningsmekanism: M-2 (Anyfix)<br \/>\nJustering av ryggst\u00f6dets lutning: I valfri position<br \/>\nRyggst\u00f6dets vinkel: Upp till 135 grader<br \/>\nKl\u00e4dselmaterial: Tyg + Mesh<br \/>\nKl\u00e4dselmaterialets f\u00e4rg: Svart<br \/>\nArmst\u00f6d: Plast med mjuka dynor; h\u00f6jdjustering<br \/>\nStolsunderrede: F\u00f6rkromad metall<br \/>\nHjul: Gummerade<br \/>\nMinsta produkth\u00f6jd: 1160 mm<br \/>\nMaximal produkth\u00f6jd: 1280 mm<br \/>\nMinsta sitth\u00f6jd: 470 mm<br \/>\nMaximal sitth\u00f6jd: 560 mm<br \/>\nRyggst\u00f6dets h\u00f6jd: 710 mm<br \/>\nMinsta h\u00f6jd fr\u00e5n golv till armst\u00f6d: 640 mm<br \/>\nMaximal h\u00f6jd fr\u00e5n golv till armst\u00f6d: 820 mm<br \/>\nArmst\u00f6dets h\u00f6jd: 150\u2013260 mm<br \/>\nArmst\u00f6dets l\u00e4ngd: 240 mm<br \/>\nAvst\u00e5nd mellan armst\u00f6den: 500 mm<br \/>\nSitsens bredd: 500 mm<br \/>\nSitsens djup: 490 mm<br \/>\nProduktens bredd: 660 mm<br \/>\nProduktens djup: 640 mm<br \/>\nNackst\u00f6dets bredd: 290 mm<br \/>\nNackst\u00f6dets h\u00f6jd: 160\u2013210 mm<br \/>\nMaximal belastning: 120 kg<br \/>\nProduktens vikt: 12,6 kg<br \/>\nF\u00f6rpackningens m\u00e5tt: 700 x 330 x 590 mm<\/p>\n","protected":false},"featured_media":0,"comment_status":"open","ping_status":"closed","template":"","meta":[],"product_brand":[],"product_cat":[33],"product_tag":[],"class_list":{"0":"post-10301","1":"product","2":"type-product","3":"status-publish","5":"product_cat-okategoriserad","7":"first","8":"instock","9":"shipping-taxable","10":"purchasable","11":"product-type-simple"},"_links":{"self":[{"href":"https:\/\/nordicmart.andreevmaster.com\/sv\/wp-json\/wp\/v2\/product\/10301","targetHints":{"allow":["GET"]}}],"collection":[{"href":"https:\/\/nordicmart.andreevmaster.com\/sv\/wp-json\/wp\/v2\/product"}],"about":[{"href":"https:\/\/nordicmart.andreevmaster.com\/sv\/wp-json\/wp\/v2\/types\/product"}],"replies":[{"embeddable":true,"href":"https:\/\/nordicmart.andreevmaster.com\/sv\/wp-json\/wp\/v2\/comments?post=10301"}],"wp:attachment":[{"href":"https:\/\/nordicmart.andreevmaster.com\/sv\/wp-json\/wp\/v2\/media?parent=10301"}],"wp:term":[{"taxonomy":"product_brand","embeddable":true,"href":"https:\/\/nordicmart.andreevmaster.com\/sv\/wp-json\/wp\/v2\/product_brand?post=10301"},{"taxonomy":"product_cat","embeddable":true,"href":"https:\/\/nordicmart.andreevmaster.com\/sv\/wp-json\/wp\/v2\/product_cat?post=10301"},{"taxonomy":"product_tag","embeddable":true,"href":"https:\/\/nordicmart.andreevmaster.com\/sv\/wp-json\/wp\/v2\/product_tag?post=10301"}],"curies":[{"name":"wp","href":"https:\/\/api.w.org\/{rel}","templated":true}]}}