{"id":10300,"date":"2026-02-27T00:06:51","date_gmt":"2026-02-27T00:06:51","guid":{"rendered":"https:\/\/nordicmart.andreevmaster.com\/product\/rondi-kontorsstol-konstgjort-pu-lader-lutningsmekanism-svart\/"},"modified":"2026-02-27T08:02:35","modified_gmt":"2026-02-27T08:02:35","slug":"rondi-kontorsstol-konstgjort-pu-lader-lutningsmekanism-svart","status":"publish","type":"product","link":"https:\/\/nordicmart.andreevmaster.com\/sv\/produkt\/rondi-kontorsstol-konstgjort-pu-lader-lutningsmekanism-svart\/","title":{"rendered":"Rondi kontorsstol, konstgjort PU-l\u00e4der, lutningsmekanism, svart"},"content":{"rendered":"<p>RONDI Cagliari Chrome-stolen \u2013 en modern modell f\u00f6r kontor och hemmakontor. Ett elegant ryggst\u00f6d med en b\u00f6j i nedre delen av ryggen ger n\u00f6dv\u00e4ndig avkoppling och avlastar ryggraden. Stilren design, h\u00f6g materialkvalitet \u2013 denna stol \u00e4r v\u00e4rd din uppm\u00e4rksamhet. Anv\u00e4nds b\u00e5de f\u00f6r att arbeta bekv\u00e4mt och f\u00f6r att vila under en paus. Stolens kl\u00e4dsel \u00e4r tillverkad av h\u00f6gkvalitativt konstl\u00e4der (PU) i klassisk svart f\u00e4rg. De kromade armst\u00f6den \u00e4r utrustade med mjuka kuddar, som g\u00f6r att du kan luta dig bekv\u00e4mt i valfri position och placera h\u00e4nderna bekv\u00e4mt under vilopauser. F\u00f6rutom en bekv\u00e4m sits \u00e4r denna modell utrustad med M-1 (Tilt)-mekanismen. Det robusta f\u00f6rkromade tv\u00e4rstycket med en tjocklek p\u00e5 1,4 mm p\u00e5 gummerade hjul g\u00f6r att du s\u00e4kert och tyst kan flytta f\u00e5t\u00f6ljen \u00f6ver olika ytor utan att beh\u00f6va oroa dig f\u00f6r att skada dem. T\u00e4nk p\u00e5 att stolen levereras omonterad. Monteringen tar lite tid och leveranspaketet inneh\u00e5ller alla n\u00f6dv\u00e4ndiga delar.<\/p>\n","protected":false},"excerpt":{"rendered":"<p>Modell: Cagliari<br \/>\nModifiering: Cagliari Chrome<br \/>\nLutningsmekanism: M-1 (lutning)<br \/>\nKl\u00e4dselmaterial: Ekologiskt l\u00e4der<br \/>\nKl\u00e4dselmaterialets f\u00e4rg: Svart<br \/>\nArmst\u00f6d Metall, f\u00f6rkromad med mjuka dynor<br \/>\nStolsunderrede: Metall, f\u00f6rkromad<br \/>\nHjul: Gummibelagda<br \/>\nMinsta produkth\u00f6jd: 1160 mm<br \/>\nMaximal produkth\u00f6jd: 1250 mm<br \/>\nMinsta sitth\u00f6jd: 490 mm<br \/>\nMaximal sitth\u00f6jd: 580 mm<br \/>\nRyggst\u00f6dets h\u00f6jd: 690 mm<br \/>\nMinsta h\u00f6jd fr\u00e5n golv till armst\u00f6d: 730 mm<br \/>\nMaximal h\u00f6jd fr\u00e5n golv till armst\u00f6d: 820 mm<br \/>\nArmst\u00f6dets h\u00f6jd: 280 mm<br \/>\nArmst\u00f6dets l\u00e4ngd: 430 mm<br \/>\nAvst\u00e5nd mellan armst\u00f6d: 500 mm<br \/>\nSitsbredd: 500 mm<br \/>\nSitsdjup: 520 mm<br \/>\nProduktens bredd: 620 mm<br \/>\nProduktens djup: 590 mm<br \/>\nProduktens vikt: 16 kg<br \/>\nF\u00f6rpackningens m\u00e5tt: 840 x 340 x 650 mm<br \/>\nF\u00f6rpackningens volym: 0,19 m3<\/p>\n","protected":false},"featured_media":0,"comment_status":"open","ping_status":"closed","template":"","meta":[],"product_brand":[],"product_cat":[33],"product_tag":[],"class_list":{"0":"post-10300","1":"product","2":"type-product","3":"status-publish","5":"product_cat-okategoriserad","7":"first","8":"instock","9":"shipping-taxable","10":"purchasable","11":"product-type-simple"},"_links":{"self":[{"href":"https:\/\/nordicmart.andreevmaster.com\/sv\/wp-json\/wp\/v2\/product\/10300","targetHints":{"allow":["GET"]}}],"collection":[{"href":"https:\/\/nordicmart.andreevmaster.com\/sv\/wp-json\/wp\/v2\/product"}],"about":[{"href":"https:\/\/nordicmart.andreevmaster.com\/sv\/wp-json\/wp\/v2\/types\/product"}],"replies":[{"embeddable":true,"href":"https:\/\/nordicmart.andreevmaster.com\/sv\/wp-json\/wp\/v2\/comments?post=10300"}],"wp:attachment":[{"href":"https:\/\/nordicmart.andreevmaster.com\/sv\/wp-json\/wp\/v2\/media?parent=10300"}],"wp:term":[{"taxonomy":"product_brand","embeddable":true,"href":"https:\/\/nordicmart.andreevmaster.com\/sv\/wp-json\/wp\/v2\/product_brand?post=10300"},{"taxonomy":"product_cat","embeddable":true,"href":"https:\/\/nordicmart.andreevmaster.com\/sv\/wp-json\/wp\/v2\/product_cat?post=10300"},{"taxonomy":"product_tag","embeddable":true,"href":"https:\/\/nordicmart.andreevmaster.com\/sv\/wp-json\/wp\/v2\/product_tag?post=10300"}],"curies":[{"name":"wp","href":"https:\/\/api.w.org\/{rel}","templated":true}]}}