{"id":10298,"date":"2026-02-27T00:06:51","date_gmt":"2026-02-27T00:06:51","guid":{"rendered":"https:\/\/nordicmart.andreevmaster.com\/product\/rondi-kontorsstol-konstgjort-pu-lader-anyfix-mekanism-svart\/"},"modified":"2026-02-27T08:02:35","modified_gmt":"2026-02-27T08:02:35","slug":"rondi-kontorsstol-konstgjort-pu-lader-anyfix-mekanism-svart","status":"publish","type":"product","link":"https:\/\/nordicmart.andreevmaster.com\/sv\/produkt\/rondi-kontorsstol-konstgjort-pu-lader-anyfix-mekanism-svart\/","title":{"rendered":"Rondi kontorsstol, konstgjort PU-l\u00e4der, Anyfix-mekanism, svart"},"content":{"rendered":"<p>RONDI Senator-stolen \u2013 en symbol f\u00f6r status, stil och komfort. Denna modell hj\u00e4lper dig att skapa en elegant milj\u00f6 f\u00f6r arbete eller fritid, d\u00e4r klassiska inslag kombineras med moderna trender. Stolen \u00e4r dekorerad med kromade detaljer som sm\u00e4lter perfekt in med det h\u00f6gkvalitativa konstl\u00e4dret. Senatorns design utm\u00e4rks av sin m\u00e5ngsidighet och sofistikering. Smidiga silhuettlinjer, ett V-format ryggst\u00f6d och kromade armst\u00f6d skapar en symfoni av lyx f\u00f6r din inredning. Den ergonomiska designen \u00e4r skapad utifr\u00e5n kroppens anatomiska egenskaper, vilket garanterar en bekv\u00e4m h\u00e5llning under hela arbetsdagen. Sitsen med mjuk passform omsluter din kropp, ett brett, stort nackst\u00f6d och sidost\u00f6d s\u00e4kerst\u00e4ller korrekt h\u00e5llning och h\u00e4lsa f\u00f6r din rygg. Mjuka armst\u00f6dskuddar ger extra komfort f\u00f6r dina h\u00e4nder. Stolens material f\u00f6rtj\u00e4nar ett s\u00e4rskilt omn\u00e4mnande \u2013 konstl\u00e4der. Det har samma egenskaper som naturl\u00e4der: slitstarkt, elastiskt, \u201dandningsbart\u201d och l\u00e4ttsk\u00f6tt. Och viktigast av allt \u2013 det hela till ett bra pris. Stolens M-2 (Anyfix) lutningsmekanism ger extra komfort under arbetet och g\u00f6r att du kan l\u00e5sa ryggst\u00f6det i valfri position. Dessutom kan h\u00f6jden enkelt justeras med hj\u00e4lp av en gasfj\u00e4der. En trevlig bonus medf\u00f6ljer mekanismen \u2013 justering efter anv\u00e4ndarens vikt med hj\u00e4lp av ett runt handtag under sitsen. Senator-stolen har ett h\u00e5llbart f\u00f6rkromat tv\u00e4rstycke som ger stabilitet och tillf\u00f6rlitlighet \u00e5t konstruktionen. Gummibelagda hjul g\u00f6r det m\u00f6jligt f\u00f6r anv\u00e4ndaren att flytta stolen med l\u00e4tthet, vilket garanterar s\u00e4ker anv\u00e4ndning. Senator-stolen \u00e4r en f\u00f6rkroppsligande av elegans, utf\u00f6rd i klassisk stil med lysande kromatiska inslag. Observera att stolen levereras omonterad. Monteringen tar lite tid och leveranspaketet inneh\u00e5ller alla n\u00f6dv\u00e4ndiga delar.<\/p>\n","protected":false},"excerpt":{"rendered":"<p>Modell: Senator<br \/>\nModifiering: Senator Chrome<br \/>\nLutningsmekanism: M-2 (Anyfix)<br \/>\nJustering av ryggst\u00f6dets lutning: I valfri position<br \/>\nRyggst\u00f6dets vinkel: upp till 115 grader<br \/>\nKl\u00e4dselmaterial: Ekologiskt l\u00e4der<br \/>\nKl\u00e4dselmaterialets f\u00e4rg: Svart<br \/>\nArmst\u00f6d: F\u00f6rkromad metall med mjuka dynor<br \/>\nStolsunderrede: F\u00f6rkromad metall<br \/>\nHjul: Gummibelagda<br \/>\nMinsta produkth\u00f6jd: 1180 mm<br \/>\nMaximal produkth\u00f6jd: 1250 mm<br \/>\nMinsta sitth\u00f6jd: 550 mm<br \/>\nMaximal sitth\u00f6jd: 620 mm<br \/>\nRyggst\u00f6dets h\u00f6jd: 750 mm<br \/>\nMinsta h\u00f6jd fr\u00e5n golv till armst\u00f6d: 730 mm<br \/>\nMaximal h\u00f6jd fr\u00e5n golv till armst\u00f6d: 800 mm<br \/>\nArmst\u00f6dets h\u00f6jd: 200 mm<br \/>\nArmst\u00f6dets l\u00e4ngd: 420 mm<br \/>\nAvst\u00e5nd mellan armst\u00f6d: 550 mm<br \/>\nSitsbredd: 540 mm<br \/>\nSitsdjup: 550 mm<br \/>\nProduktens bredd: 650 mm<br \/>\nProduktens djup: 630 mm<br \/>\nProduktens vikt: 20 kg<br \/>\nF\u00f6rpackningens m\u00e5tt: 900 x 355 x 650 mm<br \/>\nF\u00f6rpackningens volym: 0,21 m\u00b3<\/p>\n","protected":false},"featured_media":0,"comment_status":"open","ping_status":"closed","template":"","meta":[],"product_brand":[],"product_cat":[33],"product_tag":[],"class_list":{"0":"post-10298","1":"product","2":"type-product","3":"status-publish","5":"product_cat-okategoriserad","7":"first","8":"instock","9":"shipping-taxable","10":"purchasable","11":"product-type-simple"},"_links":{"self":[{"href":"https:\/\/nordicmart.andreevmaster.com\/sv\/wp-json\/wp\/v2\/product\/10298","targetHints":{"allow":["GET"]}}],"collection":[{"href":"https:\/\/nordicmart.andreevmaster.com\/sv\/wp-json\/wp\/v2\/product"}],"about":[{"href":"https:\/\/nordicmart.andreevmaster.com\/sv\/wp-json\/wp\/v2\/types\/product"}],"replies":[{"embeddable":true,"href":"https:\/\/nordicmart.andreevmaster.com\/sv\/wp-json\/wp\/v2\/comments?post=10298"}],"wp:attachment":[{"href":"https:\/\/nordicmart.andreevmaster.com\/sv\/wp-json\/wp\/v2\/media?parent=10298"}],"wp:term":[{"taxonomy":"product_brand","embeddable":true,"href":"https:\/\/nordicmart.andreevmaster.com\/sv\/wp-json\/wp\/v2\/product_brand?post=10298"},{"taxonomy":"product_cat","embeddable":true,"href":"https:\/\/nordicmart.andreevmaster.com\/sv\/wp-json\/wp\/v2\/product_cat?post=10298"},{"taxonomy":"product_tag","embeddable":true,"href":"https:\/\/nordicmart.andreevmaster.com\/sv\/wp-json\/wp\/v2\/product_tag?post=10298"}],"curies":[{"name":"wp","href":"https:\/\/api.w.org\/{rel}","templated":true}]}}