{"id":10297,"date":"2026-02-27T00:06:51","date_gmt":"2026-02-27T00:06:51","guid":{"rendered":"https:\/\/nordicmart.andreevmaster.com\/product\/axi-sandgravare-360-roterande-sits-upp-till-50-kg\/"},"modified":"2026-02-27T08:02:35","modified_gmt":"2026-02-27T08:02:35","slug":"axi-sandgravare-360-roterande-sits-upp-till-50-kg","status":"publish","type":"product","link":"https:\/\/nordicmart.andreevmaster.com\/sv\/produkt\/axi-sandgravare-360-roterande-sits-upp-till-50-kg\/","title":{"rendered":"AXI Sandgr\u00e4vare 360\u00b0 roterande sits upp till 50 kg"},"content":{"rendered":"<p>### AXI Dean \u2013 Gul sandgr\u00e4vare<\/p>\n<p>\u2714 Robust metallkonstruktion<\/p>\n<p>\u2714 R\u00f6rlig ram f\u00f6r gr\u00e4vning<\/p>\n<p>\u2714 CE-certifierad och uppfyller EN 71-standarderna<\/p>\n<p>\u2714 Maximal belastning: 50 kg \u2013 idealisk f\u00f6r barn fr\u00e5n 3 \u00e5r<\/p>\n<p>Funktioner:<\/p>\n<p>&#8211; 360\u00b0 roterande s\u00e4te \u2013 fullst\u00e4ndig r\u00f6relsefrihet, precis som i en riktig gr\u00e4vmaskin!<\/p>\n<p>&#8211; Ergonomiskt, bekv\u00e4mt s\u00e4te<\/p>\n<p>&#8211; L\u00e4tt men stabil konstruktion<\/p>\n<p>&#8211; Enkel montering och tydliga instruktioner<\/p>\n<p>### Tekniska data:<\/p>\n<p>\u2714 Gr\u00e4vmaskinens m\u00e5tt (L x B x H): 121 x 39 x 63 cm \u2714 Skopans m\u00e5tt (L x B x H): 12 x 12 x 13 cm \u2714 S\u00e4tets m\u00e5tt: 20 x 19 cm \u2714 S\u00e4tets h\u00f6jd: 45 cm \u2714 Hjuldiameter: 10 cm \u2714 Vikt: 6,75 kg<\/p>\n","protected":false},"excerpt":{"rendered":"<p>### AXI Dean \u2013 Gul sandgr\u00e4vare \u2714 Robust metallkonstruktion \u2714 R\u00f6rlig ram f\u00f6r gr\u00e4vning \u2714 CE-certifierad och uppfyller EN 71-standarderna \u2714 Maximal belastning: 50 kg \u2013 idealisk f\u00f6r barn fr\u00e5n 3 \u00e5r Funktioner: &#8211; 360\u00b0 roterande s\u00e4te \u2013 fullst\u00e4ndig r\u00f6relsefrihet, precis som i en riktig gr\u00e4vmaskin! &#8211; Ergonomiskt, bekv\u00e4mt s\u00e4te &#8211; L\u00e4tt men stabil konstruktion [&hellip;]<\/p>\n","protected":false},"featured_media":0,"comment_status":"open","ping_status":"closed","template":"","meta":[],"product_brand":[],"product_cat":[33],"product_tag":[],"class_list":{"0":"post-10297","1":"product","2":"type-product","3":"status-publish","5":"product_cat-okategoriserad","7":"first","8":"instock","9":"shipping-taxable","10":"purchasable","11":"product-type-simple"},"_links":{"self":[{"href":"https:\/\/nordicmart.andreevmaster.com\/sv\/wp-json\/wp\/v2\/product\/10297","targetHints":{"allow":["GET"]}}],"collection":[{"href":"https:\/\/nordicmart.andreevmaster.com\/sv\/wp-json\/wp\/v2\/product"}],"about":[{"href":"https:\/\/nordicmart.andreevmaster.com\/sv\/wp-json\/wp\/v2\/types\/product"}],"replies":[{"embeddable":true,"href":"https:\/\/nordicmart.andreevmaster.com\/sv\/wp-json\/wp\/v2\/comments?post=10297"}],"wp:attachment":[{"href":"https:\/\/nordicmart.andreevmaster.com\/sv\/wp-json\/wp\/v2\/media?parent=10297"}],"wp:term":[{"taxonomy":"product_brand","embeddable":true,"href":"https:\/\/nordicmart.andreevmaster.com\/sv\/wp-json\/wp\/v2\/product_brand?post=10297"},{"taxonomy":"product_cat","embeddable":true,"href":"https:\/\/nordicmart.andreevmaster.com\/sv\/wp-json\/wp\/v2\/product_cat?post=10297"},{"taxonomy":"product_tag","embeddable":true,"href":"https:\/\/nordicmart.andreevmaster.com\/sv\/wp-json\/wp\/v2\/product_tag?post=10297"}],"curies":[{"name":"wp","href":"https:\/\/api.w.org\/{rel}","templated":true}]}}