{"id":10296,"date":"2026-02-27T00:06:51","date_gmt":"2026-02-27T00:06:51","guid":{"rendered":"https:\/\/nordicmart.andreevmaster.com\/product\/axi-emily-picknickbord-med-bank-och-diskho-med-kranar-och-vatten-sandbehallare\/"},"modified":"2026-02-27T08:02:35","modified_gmt":"2026-02-27T08:02:35","slug":"axi-emily-picknickbord-med-bank-och-diskho-med-kranar-och-vatten-sandbehallare","status":"publish","type":"product","link":"https:\/\/nordicmart.andreevmaster.com\/sv\/produkt\/axi-emily-picknickbord-med-bank-och-diskho-med-kranar-och-vatten-sandbehallare\/","title":{"rendered":"AXI Emily Picknickbord med B\u00e4nk och Diskho med Kranar och Vatten-\/Sandbeh\u00e5llare"},"content":{"rendered":"<p>### Emily Sand &#038; Vatten \u2013 Picknickbord<\/p>\n<p>Uppt\u00e4ck ett unikt 3-i-1 picknickbord som kombinerar lek med vatten, sand och matlagning! Emily-modellen fr\u00e5n AXI \u00e4r den perfekta l\u00f6sningen f\u00f6r tr\u00e4dg\u00e5rden, stimulerar barnens kreativitet och ger timmar av fantastisk lek utomhus!<\/p>\n<p>Funktioner:<\/p>\n<p>* &#8211; Multifunktionellt picknickbord med dolt utrymme f\u00f6r lek med sand och vatten<br \/>\n* &#8211; Avtagbart 8-liters tr\u00e5g \u2013 l\u00e4tt att fylla och reng\u00f6ra<br \/>\n* &#8211; Funktionell diskho med pump och avlopp \u2013 fungerar med ett knapptryck<br \/>\n* &#8211; Solid 100 % FSC Hemlock-tr\u00e4 \u2013 v\u00e4dert\u00e5ligt och biologiskt nedbrytbart<br \/>\n* &#8211; S\u00e4ker design \u2013 uppfyller CE- och EN 71-standarder<br \/>\n* &#8211; Enkel montering \u2013 delvis f\u00f6rmonterade komponenter<br \/>\n* &#8211; Maximal belastning: 100 kg per b\u00e4nk<br \/>\n* &#8211; L\u00e4mplig f\u00f6r barn i \u00e5ldern 3 till 10 \u00e5r<\/p>\n<p>Settet inneh\u00e5ller:<\/p>\n<p>* &#8211; 1 x picknickbord med lekfunktion<br \/>\n* &#8211; 1 x avtagbart tr\u00e5g f\u00f6r sand eller vatten<br \/>\n* &#8211; 1 x diskho med vattenpump<br \/>\n* &#8211; 2 x tallrikar<br \/>\n* &#8211; 1 x st\u00e4ll<br \/>\n* &#8211; 1 x sk\u00e4rbr\u00e4da<br \/>\n* &#8211; 1 x kniv<br \/>\n* &#8211; 6 x gr\u00f6nsaker och frukter (delade p\u00e5 mitten, med kardborref\u00e4stning)<\/p>\n<p>M\u00e5tt:<\/p>\n<p>* &#8211; Totalt: 95 \u00d7 97,5 \u00d7 50 cm<br \/>\n* &#8211; Bordsskiva: 95 \u00d7 43 cm<br \/>\n* &#8211; Sitth\u00f6jd: 27,5 cm<\/p>\n<p>&#8211; Totalt: 95 \u00d7 97,5 \u00d7 50 cm<\/p>\n<p>&#8211; Bordsskiva: 95 \u00d7 43 cm<\/p>\n<p>&#8211; Sitth\u00f6jd: 27,5 cm<\/p>\n","protected":false},"excerpt":{"rendered":"<p>### Emily Sand &#038; Vatten \u2013 Picknickbord Uppt\u00e4ck ett unikt 3-i-1 picknickbord som kombinerar lek med vatten, sand och matlagning! Emily-modellen fr\u00e5n AXI \u00e4r den perfekta l\u00f6sningen f\u00f6r tr\u00e4dg\u00e5rden, stimulerar barnens kreativitet och ger timmar av fantastisk lek utomhus! Funktioner: * &#8211; Multifunktionellt picknickbord med dolt utrymme f\u00f6r lek med sand och vatten * &#8211; [&hellip;]<\/p>\n","protected":false},"featured_media":0,"comment_status":"open","ping_status":"closed","template":"","meta":[],"product_brand":[],"product_cat":[33],"product_tag":[],"class_list":{"0":"post-10296","1":"product","2":"type-product","3":"status-publish","5":"product_cat-okategoriserad","7":"first","8":"instock","9":"shipping-taxable","10":"purchasable","11":"product-type-simple"},"_links":{"self":[{"href":"https:\/\/nordicmart.andreevmaster.com\/sv\/wp-json\/wp\/v2\/product\/10296","targetHints":{"allow":["GET"]}}],"collection":[{"href":"https:\/\/nordicmart.andreevmaster.com\/sv\/wp-json\/wp\/v2\/product"}],"about":[{"href":"https:\/\/nordicmart.andreevmaster.com\/sv\/wp-json\/wp\/v2\/types\/product"}],"replies":[{"embeddable":true,"href":"https:\/\/nordicmart.andreevmaster.com\/sv\/wp-json\/wp\/v2\/comments?post=10296"}],"wp:attachment":[{"href":"https:\/\/nordicmart.andreevmaster.com\/sv\/wp-json\/wp\/v2\/media?parent=10296"}],"wp:term":[{"taxonomy":"product_brand","embeddable":true,"href":"https:\/\/nordicmart.andreevmaster.com\/sv\/wp-json\/wp\/v2\/product_brand?post=10296"},{"taxonomy":"product_cat","embeddable":true,"href":"https:\/\/nordicmart.andreevmaster.com\/sv\/wp-json\/wp\/v2\/product_cat?post=10296"},{"taxonomy":"product_tag","embeddable":true,"href":"https:\/\/nordicmart.andreevmaster.com\/sv\/wp-json\/wp\/v2\/product_tag?post=10296"}],"curies":[{"name":"wp","href":"https:\/\/api.w.org\/{rel}","templated":true}]}}