{"id":10295,"date":"2026-02-27T00:06:50","date_gmt":"2026-02-27T00:06:50","guid":{"rendered":"https:\/\/nordicmart.andreevmaster.com\/product\/axi-trasandlada-med-tak-lasbar-med-bankar\/"},"modified":"2026-02-27T08:02:34","modified_gmt":"2026-02-27T08:02:34","slug":"axi-trasandlada-med-tak-lasbar-med-bankar","status":"publish","type":"product","link":"https:\/\/nordicmart.andreevmaster.com\/sv\/produkt\/axi-trasandlada-med-tak-lasbar-med-bankar\/","title":{"rendered":"AXI Tr\u00e4sandl\u00e5da med tak, l\u00e5sbar, med b\u00e4nkar"},"content":{"rendered":"<p>### Lily sandl\u00e5da med tak<\/p>\n<p>\u2714 Sandl\u00e5dan Lily fr\u00e5n AXI \u00e4r det perfekta valet f\u00f6r f\u00f6r\u00e4ldrar som vill ge sina barn en bekv\u00e4m och s\u00e4ker plats att leka utomhus \u2714 Tack vare det justerbara taket och den h\u00e5llbara konstruktionen i naturligt tr\u00e4 kommer denna produkt att tj\u00e4na dig i m\u00e5nga \u00e5r \u2714 Tillverkad av 100 % FSC-certifierat hemlocktr\u00e4, som \u00e4r naturligt v\u00e4derbest\u00e4ndigt, inte splittras och inte kr\u00e4ver n\u00e5got extra underh\u00e5ll \u2714 Sandl\u00e5dan \u00e4r CE-certifierad och uppfyller den europeiska s\u00e4kerhetsstandarden EN 71<\/p>\n<p>#### Egenskaper:<\/p>\n<p>&#8211; Justerbar 2-i-1-kapell \u2013 tillverkad av vattent\u00e4t polyester (280 g\/m\u00b2) med UV50-skydd, som skyddar barnen fr\u00e5n sol och regn. Den kan enkelt justeras f\u00f6r att \u00e4ndra lutningsvinkeln, och n\u00e4r lektiden \u00e4r \u00f6ver kan den s\u00e4nkas ned f\u00f6r att fungera som ett skyddande lock f\u00f6r sandl\u00e5dan. &#8211; Rymmer ca 225 kg sand &#8211; Praktisk innerduk ing\u00e5r \u2013 f\u00f6rhindrar ogr\u00e4s fr\u00e5n att v\u00e4xa och h\u00e5ller sanden ren, samtidigt som vattnet kan rinna av fritt. &#8211; Enkel montering \u2013 tack vare delvis f\u00f6rmonterade komponenter g\u00e5r det snabbt och enkelt att s\u00e4tta ihop sandl\u00e5dan.Tekniska data: \u2714 M\u00e5tt: 118 x 118 x 118 cm \u2714 Maximal belastning: 50 kg \u2714 Rymmer ca 225 kg sand \u2714 Avsedd anv\u00e4ndning: f\u00f6r barn fr\u00e5n 18 m\u00e5nader<\/p>\n","protected":false},"excerpt":{"rendered":"<p>### Lily sandl\u00e5da med tak \u2714 Sandl\u00e5dan Lily fr\u00e5n AXI \u00e4r det perfekta valet f\u00f6r f\u00f6r\u00e4ldrar som vill ge sina barn en bekv\u00e4m och s\u00e4ker plats att leka utomhus \u2714 Tack vare det justerbara taket och den h\u00e5llbara konstruktionen i naturligt tr\u00e4 kommer denna produkt att tj\u00e4na dig i m\u00e5nga \u00e5r \u2714 Tillverkad av 100 [&hellip;]<\/p>\n","protected":false},"featured_media":0,"comment_status":"open","ping_status":"closed","template":"","meta":[],"product_brand":[],"product_cat":[33],"product_tag":[],"class_list":{"0":"post-10295","1":"product","2":"type-product","3":"status-publish","5":"product_cat-okategoriserad","7":"first","8":"instock","9":"shipping-taxable","10":"purchasable","11":"product-type-simple"},"_links":{"self":[{"href":"https:\/\/nordicmart.andreevmaster.com\/sv\/wp-json\/wp\/v2\/product\/10295","targetHints":{"allow":["GET"]}}],"collection":[{"href":"https:\/\/nordicmart.andreevmaster.com\/sv\/wp-json\/wp\/v2\/product"}],"about":[{"href":"https:\/\/nordicmart.andreevmaster.com\/sv\/wp-json\/wp\/v2\/types\/product"}],"replies":[{"embeddable":true,"href":"https:\/\/nordicmart.andreevmaster.com\/sv\/wp-json\/wp\/v2\/comments?post=10295"}],"wp:attachment":[{"href":"https:\/\/nordicmart.andreevmaster.com\/sv\/wp-json\/wp\/v2\/media?parent=10295"}],"wp:term":[{"taxonomy":"product_brand","embeddable":true,"href":"https:\/\/nordicmart.andreevmaster.com\/sv\/wp-json\/wp\/v2\/product_brand?post=10295"},{"taxonomy":"product_cat","embeddable":true,"href":"https:\/\/nordicmart.andreevmaster.com\/sv\/wp-json\/wp\/v2\/product_cat?post=10295"},{"taxonomy":"product_tag","embeddable":true,"href":"https:\/\/nordicmart.andreevmaster.com\/sv\/wp-json\/wp\/v2\/product_tag?post=10295"}],"curies":[{"name":"wp","href":"https:\/\/api.w.org\/{rel}","templated":true}]}}