{"id":10294,"date":"2026-02-27T00:06:50","date_gmt":"2026-02-27T00:06:50","guid":{"rendered":"https:\/\/nordicmart.andreevmaster.com\/product\/sandlada-i-tra-med-justerbar-kapell-lily-sandpit-axi\/"},"modified":"2026-02-27T08:02:34","modified_gmt":"2026-02-27T08:02:34","slug":"sandlada-i-tra-med-justerbar-kapell-lily-sandpit-axi","status":"publish","type":"product","link":"https:\/\/nordicmart.andreevmaster.com\/sv\/produkt\/sandlada-i-tra-med-justerbar-kapell-lily-sandpit-axi\/","title":{"rendered":"Sandl\u00e5da i tr\u00e4 med justerbar kapell Lily Sandpit AXI"},"content":{"rendered":"<p>Sandl\u00e5dan Lily Sandpit AXI i tr\u00e4 \u00e4r ett vackert och m\u00e5ngsidigt tillskott till alla lekplatser hemma. Den \u00e4r utrustad med ett justerbart tygkapell som, n\u00e4r det \u00e4r neds\u00e4nkt, fungerar som ett skydd mot v\u00e4der och djur. Sandl\u00e5dan har f\u00f6rl\u00e4ngda kanter som fungerar som bekv\u00e4ma sittplatser, och den speciella basen f\u00f6rhindrar att ogr\u00e4s v\u00e4xer. Sandl\u00e5dan rymmer cirka 300 kg sand, vilket garanterar massor av lekgl\u00e4dje. Montering \u00e4r snabbt och enkelt. Ge dina barn o\u00e4ndlig lekgl\u00e4dje utomhus!<\/p>\n<p>Egenskaper:<\/p>\n<p>* &#8211; sandl\u00e5dan i tr\u00e4 \u00e4r det perfekta tillskottet till din lekplats hemma<br \/>\n* &#8211; sandl\u00e5dan \u00e4r utrustad med ett tygskydd som kan justeras i h\u00f6jd och vinkel<br \/>\n* &#8211; n\u00e4r det \u00e4r helt neds\u00e4nkt fungerar skyddet som ett lock f\u00f6r sandl\u00e5dan och skyddar den fr\u00e5n v\u00e4der och djur<br \/>\n* &#8211; sandl\u00e5dans f\u00f6rl\u00e4ngda kanter fungerar som en bekv\u00e4m sittplats.* &#8211; Sandl\u00e5dan har en speciell botten som f\u00f6rhindrar att ogr\u00e4s v\u00e4xer. * &#8211; Sandl\u00e5dan rymmer cirka 300 kg sand. * &#8211; Hela konstruktionen \u00e4r enkel att montera.<\/p>\n","protected":false},"excerpt":{"rendered":"<p>Sandl\u00e5dan Lily Sandpit AXI i tr\u00e4 \u00e4r ett vackert och m\u00e5ngsidigt tillskott till alla lekplatser hemma. Den \u00e4r utrustad med ett justerbart tygkapell som, n\u00e4r det \u00e4r neds\u00e4nkt, fungerar som ett skydd mot v\u00e4der och djur. Sandl\u00e5dan har f\u00f6rl\u00e4ngda kanter som fungerar som bekv\u00e4ma sittplatser, och den speciella basen f\u00f6rhindrar att ogr\u00e4s v\u00e4xer. Sandl\u00e5dan rymmer [&hellip;]<\/p>\n","protected":false},"featured_media":0,"comment_status":"open","ping_status":"closed","template":"","meta":[],"product_brand":[],"product_cat":[33],"product_tag":[],"class_list":{"0":"post-10294","1":"product","2":"type-product","3":"status-publish","5":"product_cat-okategoriserad","7":"first","8":"instock","9":"shipping-taxable","10":"purchasable","11":"product-type-simple"},"_links":{"self":[{"href":"https:\/\/nordicmart.andreevmaster.com\/sv\/wp-json\/wp\/v2\/product\/10294","targetHints":{"allow":["GET"]}}],"collection":[{"href":"https:\/\/nordicmart.andreevmaster.com\/sv\/wp-json\/wp\/v2\/product"}],"about":[{"href":"https:\/\/nordicmart.andreevmaster.com\/sv\/wp-json\/wp\/v2\/types\/product"}],"replies":[{"embeddable":true,"href":"https:\/\/nordicmart.andreevmaster.com\/sv\/wp-json\/wp\/v2\/comments?post=10294"}],"wp:attachment":[{"href":"https:\/\/nordicmart.andreevmaster.com\/sv\/wp-json\/wp\/v2\/media?parent=10294"}],"wp:term":[{"taxonomy":"product_brand","embeddable":true,"href":"https:\/\/nordicmart.andreevmaster.com\/sv\/wp-json\/wp\/v2\/product_brand?post=10294"},{"taxonomy":"product_cat","embeddable":true,"href":"https:\/\/nordicmart.andreevmaster.com\/sv\/wp-json\/wp\/v2\/product_cat?post=10294"},{"taxonomy":"product_tag","embeddable":true,"href":"https:\/\/nordicmart.andreevmaster.com\/sv\/wp-json\/wp\/v2\/product_tag?post=10294"}],"curies":[{"name":"wp","href":"https:\/\/api.w.org\/{rel}","templated":true}]}}