{"id":10293,"date":"2026-02-27T00:06:50","date_gmt":"2026-02-27T00:06:50","guid":{"rendered":"https:\/\/nordicmart.andreevmaster.com\/product\/axi-ella-rainbow-trasandlada-med-bankar\/"},"modified":"2026-02-27T08:02:34","modified_gmt":"2026-02-27T08:02:34","slug":"axi-ella-rainbow-trasandlada-med-bankar","status":"publish","type":"product","link":"https:\/\/nordicmart.andreevmaster.com\/sv\/produkt\/axi-ella-rainbow-trasandlada-med-bankar\/","title":{"rendered":"AXI Ella Rainbow Tr\u00e4sandl\u00e5da med b\u00e4nkar"},"content":{"rendered":"<p>Att leka i AXI:s regnb\u00e5gssandl\u00e5da i tr\u00e4 \u00e4r varje sm\u00e5barns dr\u00f6m. Sandl\u00e5dan \u00e4r utrustad med tv\u00e5 b\u00e4nkar d\u00e4r barnen kan sitta eller l\u00e4gga sina leksaker. Den h\u00f6gkvalitativa, robusta och v\u00e4derbest\u00e4ndiga konstruktionen g\u00f6r att sandl\u00e5dan ser bra ut \u00e5ret om. B\u00e4nkarna kan f\u00e4llas upp s\u00e5 att sandl\u00e5dan kan st\u00e4ngas efter lektiden.<\/p>\n<p>Egenskaper:<\/p>\n<p>* &#8211; bred och bekv\u00e4m f\u00f6r flera barn att leka p\u00e5,<br \/>\n* &#8211; bekv\u00e4ma b\u00e4nkar som fungerar som lock till sandl\u00e5dan,<br \/>\n* &#8211; tillverkad av v\u00e4derbest\u00e4ndigt tr\u00e4,<br \/>\n* &#8211; m\u00e5lad i vackra regnb\u00e5gsf\u00e4rger, som uppmuntrar ditt barn att leka utomhus,<br \/>\n* &#8211; genomt\u00e4nkt och solid konstruktion.<\/p>\n<p>Leksaker fr\u00e5n det brittiska m\u00e4rket AXI \u00e4r h\u00f6gkvalitativa tr\u00e4dg\u00e5rdsredskap som kommer att tj\u00e4na ditt barn i m\u00e5nga \u00e5r. Tillverkarens sortiment inkluderar vackra sandl\u00e5dor, som \u00e4r tillverkade med st\u00f6rsta omsorg och av tr\u00e4 av b\u00e4sta kvalitet. Det \u00e4r v\u00e4rt att \u00f6verv\u00e4ga att k\u00f6pa en sandl\u00e5da med tak \u2013 det skyddar mot starkt solljus, s\u00e5 att barnen kan leka \u00e4ven i varmt v\u00e4der. Andra leksaker fr\u00e5n AXI \u00e4r picknickbord, fotbollsm\u00e5l och tr\u00e4ningsset med koner.<\/p>\n","protected":false},"excerpt":{"rendered":"<p>Att leka i AXI:s regnb\u00e5gssandl\u00e5da i tr\u00e4 \u00e4r varje sm\u00e5barns dr\u00f6m. Sandl\u00e5dan \u00e4r utrustad med tv\u00e5 b\u00e4nkar d\u00e4r barnen kan sitta eller l\u00e4gga sina leksaker. Den h\u00f6gkvalitativa, robusta och v\u00e4derbest\u00e4ndiga konstruktionen g\u00f6r att sandl\u00e5dan ser bra ut \u00e5ret om. B\u00e4nkarna kan f\u00e4llas upp s\u00e5 att sandl\u00e5dan kan st\u00e4ngas efter lektiden. Egenskaper: * &#8211; bred och [&hellip;]<\/p>\n","protected":false},"featured_media":0,"comment_status":"open","ping_status":"closed","template":"","meta":[],"product_brand":[],"product_cat":[33],"product_tag":[],"class_list":{"0":"post-10293","1":"product","2":"type-product","3":"status-publish","5":"product_cat-okategoriserad","7":"first","8":"instock","9":"shipping-taxable","10":"purchasable","11":"product-type-simple"},"_links":{"self":[{"href":"https:\/\/nordicmart.andreevmaster.com\/sv\/wp-json\/wp\/v2\/product\/10293","targetHints":{"allow":["GET"]}}],"collection":[{"href":"https:\/\/nordicmart.andreevmaster.com\/sv\/wp-json\/wp\/v2\/product"}],"about":[{"href":"https:\/\/nordicmart.andreevmaster.com\/sv\/wp-json\/wp\/v2\/types\/product"}],"replies":[{"embeddable":true,"href":"https:\/\/nordicmart.andreevmaster.com\/sv\/wp-json\/wp\/v2\/comments?post=10293"}],"wp:attachment":[{"href":"https:\/\/nordicmart.andreevmaster.com\/sv\/wp-json\/wp\/v2\/media?parent=10293"}],"wp:term":[{"taxonomy":"product_brand","embeddable":true,"href":"https:\/\/nordicmart.andreevmaster.com\/sv\/wp-json\/wp\/v2\/product_brand?post=10293"},{"taxonomy":"product_cat","embeddable":true,"href":"https:\/\/nordicmart.andreevmaster.com\/sv\/wp-json\/wp\/v2\/product_cat?post=10293"},{"taxonomy":"product_tag","embeddable":true,"href":"https:\/\/nordicmart.andreevmaster.com\/sv\/wp-json\/wp\/v2\/product_tag?post=10293"}],"curies":[{"name":"wp","href":"https:\/\/api.w.org\/{rel}","templated":true}]}}