{"id":10292,"date":"2026-02-27T00:06:50","date_gmt":"2026-02-27T00:06:50","guid":{"rendered":"https:\/\/nordicmart.andreevmaster.com\/product\/ella-sandpit-axi-sandlada-i-tra-med-bankar\/"},"modified":"2026-02-27T08:02:34","modified_gmt":"2026-02-27T08:02:34","slug":"ella-sandpit-axi-sandlada-i-tra-med-bankar","status":"publish","type":"product","link":"https:\/\/nordicmart.andreevmaster.com\/sv\/produkt\/ella-sandpit-axi-sandlada-i-tra-med-bankar\/","title":{"rendered":"Ella Sandpit AXI sandl\u00e5da i tr\u00e4 med b\u00e4nkar"},"content":{"rendered":"<p>Den vackra och m\u00e5ngsidiga sandl\u00e5dan AXi i tr\u00e4 \u00e4r det perfekta tillskottet till din lekplats i tr\u00e4dg\u00e5rden. Den levereras med ett praktiskt lock som kan f\u00e4llas ut till tv\u00e5 b\u00e4nkar med ryggst\u00f6d. Sandl\u00e5dan rymmer upp till 250 kg sand! Hela sandl\u00e5dan \u00e4r enkel att montera.<\/p>\n","protected":false},"excerpt":{"rendered":"<p>Den vackra och m\u00e5ngsidiga sandl\u00e5dan AXi i tr\u00e4 \u00e4r det perfekta tillskottet till din lekplats i tr\u00e4dg\u00e5rden. Den levereras med ett praktiskt lock som kan f\u00e4llas ut till tv\u00e5 b\u00e4nkar med ryggst\u00f6d. Sandl\u00e5dan rymmer upp till 250 kg sand! Hela sandl\u00e5dan \u00e4r enkel att montera.<\/p>\n","protected":false},"featured_media":0,"comment_status":"open","ping_status":"closed","template":"","meta":[],"product_brand":[],"product_cat":[33],"product_tag":[],"class_list":{"0":"post-10292","1":"product","2":"type-product","3":"status-publish","5":"product_cat-okategoriserad","7":"first","8":"instock","9":"shipping-taxable","10":"purchasable","11":"product-type-simple"},"_links":{"self":[{"href":"https:\/\/nordicmart.andreevmaster.com\/sv\/wp-json\/wp\/v2\/product\/10292","targetHints":{"allow":["GET"]}}],"collection":[{"href":"https:\/\/nordicmart.andreevmaster.com\/sv\/wp-json\/wp\/v2\/product"}],"about":[{"href":"https:\/\/nordicmart.andreevmaster.com\/sv\/wp-json\/wp\/v2\/types\/product"}],"replies":[{"embeddable":true,"href":"https:\/\/nordicmart.andreevmaster.com\/sv\/wp-json\/wp\/v2\/comments?post=10292"}],"wp:attachment":[{"href":"https:\/\/nordicmart.andreevmaster.com\/sv\/wp-json\/wp\/v2\/media?parent=10292"}],"wp:term":[{"taxonomy":"product_brand","embeddable":true,"href":"https:\/\/nordicmart.andreevmaster.com\/sv\/wp-json\/wp\/v2\/product_brand?post=10292"},{"taxonomy":"product_cat","embeddable":true,"href":"https:\/\/nordicmart.andreevmaster.com\/sv\/wp-json\/wp\/v2\/product_cat?post=10292"},{"taxonomy":"product_tag","embeddable":true,"href":"https:\/\/nordicmart.andreevmaster.com\/sv\/wp-json\/wp\/v2\/product_tag?post=10292"}],"curies":[{"name":"wp","href":"https:\/\/api.w.org\/{rel}","templated":true}]}}