{"id":10291,"date":"2026-02-27T00:06:50","date_gmt":"2026-02-27T00:06:50","guid":{"rendered":"https:\/\/nordicmart.andreevmaster.com\/product\/axi-sandlada-i-tra-forvaringsfack-for-tillbehor-presenning\/"},"modified":"2026-02-27T08:02:34","modified_gmt":"2026-02-27T08:02:34","slug":"axi-sandlada-i-tra-forvaringsfack-for-tillbehor-presenning","status":"publish","type":"product","link":"https:\/\/nordicmart.andreevmaster.com\/sv\/produkt\/axi-sandlada-i-tra-forvaringsfack-for-tillbehor-presenning\/","title":{"rendered":"AXI Sandl\u00e5da i tr\u00e4 + f\u00f6rvaringsfack f\u00f6r tillbeh\u00f6r + presenning"},"content":{"rendered":"<p>Den vackra och m\u00e5ngsidiga sandl\u00e5dan i tr\u00e4 fr\u00e5n AXI \u00e4r ett perfekt tillskott till din lekplats hemma. Sandl\u00e5dan \u00e4r utrustad med ett f\u00f6rvaringsutrymme f\u00f6r tillbeh\u00f6r, d\u00e4r barnen kan f\u00f6rvara sina spadar och hinkar. F\u00f6rvaringsutrymmet har lock i tr\u00e4 som fungerar som b\u00e4nkar. Det finns bekv\u00e4ma sittplatser i varje h\u00f6rn. Setet inneh\u00e5ller en presenning som fungerar som lock och ett speciellt ogr\u00e4sskydd. Sandl\u00e5dan rymmer upp till 350 kg sand! Hela setet \u00e4r enkelt att montera. <\/p>\n<p>Egenskaper: <\/p>\n<p>* &#8211; M\u00e5ngsidig SANDL\u00c5DA i tr\u00e4<br \/>\n* &#8211; Sandl\u00e5dan har ett f\u00f6rvaringsutrymme f\u00f6r leksaker.<br \/>\n* &#8211; Setet inneh\u00e5ller \u00e4ven en presenning som t\u00e4cker sandl\u00e5dan n\u00e4r den inte anv\u00e4nds.* &#8211; Den rymmer upp till 350 kg sand.<br \/>\n* &#8211; Varje h\u00f6rn har en bekv\u00e4m sittplats.<\/p>\n","protected":false},"excerpt":{"rendered":"<p>Den vackra och m\u00e5ngsidiga sandl\u00e5dan i tr\u00e4 fr\u00e5n AXI \u00e4r ett perfekt tillskott till din lekplats hemma. Sandl\u00e5dan \u00e4r utrustad med ett f\u00f6rvaringsutrymme f\u00f6r tillbeh\u00f6r, d\u00e4r barnen kan f\u00f6rvara sina spadar och hinkar. F\u00f6rvaringsutrymmet har lock i tr\u00e4 som fungerar som b\u00e4nkar. Det finns bekv\u00e4ma sittplatser i varje h\u00f6rn. Setet inneh\u00e5ller en presenning som fungerar [&hellip;]<\/p>\n","protected":false},"featured_media":0,"comment_status":"open","ping_status":"closed","template":"","meta":[],"product_brand":[],"product_cat":[33],"product_tag":[],"class_list":{"0":"post-10291","1":"product","2":"type-product","3":"status-publish","5":"product_cat-okategoriserad","7":"first","8":"instock","9":"shipping-taxable","10":"purchasable","11":"product-type-simple"},"_links":{"self":[{"href":"https:\/\/nordicmart.andreevmaster.com\/sv\/wp-json\/wp\/v2\/product\/10291","targetHints":{"allow":["GET"]}}],"collection":[{"href":"https:\/\/nordicmart.andreevmaster.com\/sv\/wp-json\/wp\/v2\/product"}],"about":[{"href":"https:\/\/nordicmart.andreevmaster.com\/sv\/wp-json\/wp\/v2\/types\/product"}],"replies":[{"embeddable":true,"href":"https:\/\/nordicmart.andreevmaster.com\/sv\/wp-json\/wp\/v2\/comments?post=10291"}],"wp:attachment":[{"href":"https:\/\/nordicmart.andreevmaster.com\/sv\/wp-json\/wp\/v2\/media?parent=10291"}],"wp:term":[{"taxonomy":"product_brand","embeddable":true,"href":"https:\/\/nordicmart.andreevmaster.com\/sv\/wp-json\/wp\/v2\/product_brand?post=10291"},{"taxonomy":"product_cat","embeddable":true,"href":"https:\/\/nordicmart.andreevmaster.com\/sv\/wp-json\/wp\/v2\/product_cat?post=10291"},{"taxonomy":"product_tag","embeddable":true,"href":"https:\/\/nordicmart.andreevmaster.com\/sv\/wp-json\/wp\/v2\/product_tag?post=10291"}],"curies":[{"name":"wp","href":"https:\/\/api.w.org\/{rel}","templated":true}]}}