{"id":10290,"date":"2026-02-27T00:06:49","date_gmt":"2026-02-27T00:06:49","guid":{"rendered":"https:\/\/nordicmart.andreevmaster.com\/product\/axi-nick-picknickbord-med-sand-vattenbehallare-och-parasoll\/"},"modified":"2026-02-27T08:02:34","modified_gmt":"2026-02-27T08:02:34","slug":"axi-nick-picknickbord-med-sand-vattenbehallare-och-parasoll","status":"publish","type":"product","link":"https:\/\/nordicmart.andreevmaster.com\/sv\/produkt\/axi-nick-picknickbord-med-sand-vattenbehallare-och-parasoll\/","title":{"rendered":"AXI Nick picknickbord med sand-\/vattenbeh\u00e5llare och parasoll"},"content":{"rendered":"<p>Picknickbordet Nick f\u00f6r barn fr\u00e5n Axi kommer att ge dina barn stor gl\u00e4dje. Barnen har en plats d\u00e4r de kan sitta bekv\u00e4mt, leka och m\u00e5la. De sm\u00e5 f\u00e5r en mysig h\u00f6rna bara f\u00f6r sig sj\u00e4lva. Och om de tr\u00f6ttnar p\u00e5 att sitta stilla kan bordet f\u00f6rvandlas till en sandl\u00e5da eller ett vattenbord genom att ta bort bordsskivan. Det finns tv\u00e5 fack som passar b\u00e5de f\u00f6r sand och vatten. Det betyder att barnen kan bygga sandslott p\u00e5 ena sidan och leka med leksaksb\u00e5tar p\u00e5 den andra. Bordet \u00e4r perfekt f\u00f6r tr\u00e4dg\u00e5rden, terrassen eller balkongen.Den robusta och h\u00e5llbara konstruktionen garanterar s\u00e4ker lek utomhus. Bordet levereras med ett parasoll som kan f\u00e4stas f\u00f6r att skydda barnen fr\u00e5n solen. Egenskaper: * &#8211; robust, h\u00e5llbar konstruktion, * &#8211; enkelt att f\u00f6rvandla bordet till en sandl\u00e5da och ett vattenbord, * &#8211; multifunktionellt, * &#8211; v\u00e4derbest\u00e4ndigt.<\/p>\n<p>Leksaker fr\u00e5n det brittiska m\u00e4rket Axi \u00e4r h\u00f6gkvalitativ tr\u00e4dg\u00e5rdsutrustning som kommer att tj\u00e4na ditt barn i m\u00e5nga \u00e5r. Tillverkarens sortiment inkluderar vackra sandl\u00e5dor, som \u00e4r tillverkade med st\u00f6rsta omsorg och av tr\u00e4 av b\u00e4sta kvalitet. Det \u00e4r v\u00e4rt att \u00f6verv\u00e4ga att k\u00f6pa en sandl\u00e5da med tak \u2013 det skyddar mot starkt solljus, s\u00e5 att barnen kan leka \u00e4ven i varmt v\u00e4der. Andra leksaker fr\u00e5n Axi inkluderar picknickbord, fotbollsm\u00e5l och tr\u00e4ningsset med koner.<\/p>\n","protected":false},"excerpt":{"rendered":"<p>Picknickbordet Nick f\u00f6r barn fr\u00e5n Axi kommer att ge dina barn stor gl\u00e4dje. Barnen har en plats d\u00e4r de kan sitta bekv\u00e4mt, leka och m\u00e5la. De sm\u00e5 f\u00e5r en mysig h\u00f6rna bara f\u00f6r sig sj\u00e4lva. Och om de tr\u00f6ttnar p\u00e5 att sitta stilla kan bordet f\u00f6rvandlas till en sandl\u00e5da eller ett vattenbord genom att ta [&hellip;]<\/p>\n","protected":false},"featured_media":0,"comment_status":"open","ping_status":"closed","template":"","meta":[],"product_brand":[],"product_cat":[33],"product_tag":[],"class_list":{"0":"post-10290","1":"product","2":"type-product","3":"status-publish","5":"product_cat-okategoriserad","7":"first","8":"instock","9":"shipping-taxable","10":"purchasable","11":"product-type-simple"},"_links":{"self":[{"href":"https:\/\/nordicmart.andreevmaster.com\/sv\/wp-json\/wp\/v2\/product\/10290","targetHints":{"allow":["GET"]}}],"collection":[{"href":"https:\/\/nordicmart.andreevmaster.com\/sv\/wp-json\/wp\/v2\/product"}],"about":[{"href":"https:\/\/nordicmart.andreevmaster.com\/sv\/wp-json\/wp\/v2\/types\/product"}],"replies":[{"embeddable":true,"href":"https:\/\/nordicmart.andreevmaster.com\/sv\/wp-json\/wp\/v2\/comments?post=10290"}],"wp:attachment":[{"href":"https:\/\/nordicmart.andreevmaster.com\/sv\/wp-json\/wp\/v2\/media?parent=10290"}],"wp:term":[{"taxonomy":"product_brand","embeddable":true,"href":"https:\/\/nordicmart.andreevmaster.com\/sv\/wp-json\/wp\/v2\/product_brand?post=10290"},{"taxonomy":"product_cat","embeddable":true,"href":"https:\/\/nordicmart.andreevmaster.com\/sv\/wp-json\/wp\/v2\/product_cat?post=10290"},{"taxonomy":"product_tag","embeddable":true,"href":"https:\/\/nordicmart.andreevmaster.com\/sv\/wp-json\/wp\/v2\/product_tag?post=10290"}],"curies":[{"name":"wp","href":"https:\/\/api.w.org\/{rel}","templated":true}]}}