{"id":10289,"date":"2026-02-27T00:06:49","date_gmt":"2026-02-27T00:06:49","guid":{"rendered":"https:\/\/nordicmart.andreevmaster.com\/product\/axi-nick-picknickbord-med-bank-parasoll-och-vatten-sandbehallare\/"},"modified":"2026-02-27T08:02:34","modified_gmt":"2026-02-27T08:02:34","slug":"axi-nick-picknickbord-med-bank-parasoll-och-vatten-sandbehallare","status":"publish","type":"product","link":"https:\/\/nordicmart.andreevmaster.com\/sv\/produkt\/axi-nick-picknickbord-med-bank-parasoll-och-vatten-sandbehallare\/","title":{"rendered":"AXI Nick picknickbord med b\u00e4nk, parasoll och vatten-\/sandbeh\u00e5llare"},"content":{"rendered":"<p>Picknickbordet Nick fr\u00e5n det v\u00e4lk\u00e4nda varum\u00e4rket AXI \u00e4r ett multifunktionellt bord med ett hemligt fack som inneh\u00e5ller tv\u00e5 bl\u00e5 beh\u00e5llare under den avtagbara bordsskivan. Dessa bl\u00e5 beh\u00e5llare kan fyllas med sand och\/eller vatten, men kan naturligtvis ocks\u00e5 anv\u00e4ndas f\u00f6r f\u00f6rvaring av leksaker. Dessutom \u00e4r beh\u00e5llarna avtagbara, vilket g\u00f6r dem l\u00e4tta att reng\u00f6ra. Den klassiska kombinationen av sand och vatten fungerar alltid bra med barn! P\u00e5 nolltid kan du f\u00f6rvandla sand- och vattenbordet till ett picknickbord d\u00e4r barnen kan skapa, rita eller njuta av godsaker.<br \/>\nEgenskaper:<br \/>\n* &#8211; picknickbordet \u00e4r tillverkat av FSC-certifierat tr\u00e4,<br \/>\n* &#8211; inkluderar ett h\u00f6jdjusterbart parasoll (110-175 cm),<br \/>\n* &#8211; tv\u00e5 avtagbara plastbeh\u00e5llare f\u00f6r sand eller vatten,<br \/>\n* &#8211; maximal kapacitet p\u00e5 8 liter,<br \/>\n* &#8211; bordsskivans m\u00e5tt (L x B): 95 x 41 cm,<br \/>\n* &#8211; sitth\u00f6jd: 26,7 cm,<br \/>\n* &#8211; maximal vikt: 100 kg per b\u00e4nk,<br \/>\n* &#8211; kanadensisk gran spricker inte och \u00e4r naturligt motst\u00e5ndskraftig mot v\u00e4derf\u00f6rh\u00e5llanden,<br \/>\n* &#8211; enkel montering tack vare delvis f\u00f6rmonterade delar,<br \/>\n* &#8211; belagd med vattenbaserad bets, inga kemikalier.<\/p>\n<p>Leksaker fr\u00e5n det brittiska m\u00e4rket AXI \u00e4r h\u00f6gkvalitativa tr\u00e4dg\u00e5rdsredskap som kommer att tj\u00e4na ditt barn i m\u00e5nga \u00e5r. Tillverkarens sortiment inkluderar vackra sandl\u00e5dor, som \u00e4r tillverkade med st\u00f6rsta omsorg och av tr\u00e4 av b\u00e4sta kvalitet. Det \u00e4r v\u00e4rt att \u00f6verv\u00e4ga att k\u00f6pa en sandl\u00e5da med tak \u2013 den skyddar mot starkt solljus, s\u00e5 att barnen kan leka \u00e4ven i varmt v\u00e4der. Andra leksaker fr\u00e5n AXI \u00e4r picknickbord, fotbollsm\u00e5l och tr\u00e4ningsset med koner.<\/p>\n","protected":false},"excerpt":{"rendered":"<p>Picknickbordet Nick fr\u00e5n det v\u00e4lk\u00e4nda varum\u00e4rket AXI \u00e4r ett multifunktionellt bord med ett hemligt fack som inneh\u00e5ller tv\u00e5 bl\u00e5 beh\u00e5llare under den avtagbara bordsskivan. Dessa bl\u00e5 beh\u00e5llare kan fyllas med sand och\/eller vatten, men kan naturligtvis ocks\u00e5 anv\u00e4ndas f\u00f6r f\u00f6rvaring av leksaker. Dessutom \u00e4r beh\u00e5llarna avtagbara, vilket g\u00f6r dem l\u00e4tta att reng\u00f6ra. Den klassiska kombinationen [&hellip;]<\/p>\n","protected":false},"featured_media":0,"comment_status":"open","ping_status":"closed","template":"","meta":[],"product_brand":[],"product_cat":[33],"product_tag":[],"class_list":{"0":"post-10289","1":"product","2":"type-product","3":"status-publish","5":"product_cat-okategoriserad","7":"first","8":"instock","9":"shipping-taxable","10":"purchasable","11":"product-type-simple"},"_links":{"self":[{"href":"https:\/\/nordicmart.andreevmaster.com\/sv\/wp-json\/wp\/v2\/product\/10289","targetHints":{"allow":["GET"]}}],"collection":[{"href":"https:\/\/nordicmart.andreevmaster.com\/sv\/wp-json\/wp\/v2\/product"}],"about":[{"href":"https:\/\/nordicmart.andreevmaster.com\/sv\/wp-json\/wp\/v2\/types\/product"}],"replies":[{"embeddable":true,"href":"https:\/\/nordicmart.andreevmaster.com\/sv\/wp-json\/wp\/v2\/comments?post=10289"}],"wp:attachment":[{"href":"https:\/\/nordicmart.andreevmaster.com\/sv\/wp-json\/wp\/v2\/media?parent=10289"}],"wp:term":[{"taxonomy":"product_brand","embeddable":true,"href":"https:\/\/nordicmart.andreevmaster.com\/sv\/wp-json\/wp\/v2\/product_brand?post=10289"},{"taxonomy":"product_cat","embeddable":true,"href":"https:\/\/nordicmart.andreevmaster.com\/sv\/wp-json\/wp\/v2\/product_cat?post=10289"},{"taxonomy":"product_tag","embeddable":true,"href":"https:\/\/nordicmart.andreevmaster.com\/sv\/wp-json\/wp\/v2\/product_tag?post=10289"}],"curies":[{"name":"wp","href":"https:\/\/api.w.org\/{rel}","templated":true}]}}