{"id":10287,"date":"2026-02-27T00:06:49","date_gmt":"2026-02-27T00:06:49","guid":{"rendered":"https:\/\/nordicmart.andreevmaster.com\/product\/axi-stor-lekplats-i-tra-med-gungor-rutschkana-torn-och-sandlada\/"},"modified":"2026-02-27T08:02:34","modified_gmt":"2026-02-27T08:02:34","slug":"axi-stor-lekplats-i-tra-med-gungor-rutschkana-torn-och-sandlada","status":"publish","type":"product","link":"https:\/\/nordicmart.andreevmaster.com\/sv\/produkt\/axi-stor-lekplats-i-tra-med-gungor-rutschkana-torn-och-sandlada\/","title":{"rendered":"AXI Stor lekplats i tr\u00e4 med gungor, rutschkana, torn och sandl\u00e5da"},"content":{"rendered":"<p>### Stor Malik lekplats &#8211; bl\u00e5tt set<\/p>\n<p>\u2714 Tack vare en m\u00e4ngd olika element \u2013 ett observationstorn, en l\u00e5ng rutschkana, en dubbel gunga och en sandl\u00e5da \u2013 kan barnen utveckla sin kreativitet, styrka och motoriska koordination p\u00e5 ett och samma st\u00e4lle!<\/p>\n<p>\u2714 Det \u00e4r den perfekta kombinationen av r\u00f6relse, \u00e4ventyr och s\u00e4kerhet i en naturlig, milj\u00f6v\u00e4nlig milj\u00f6.<\/p>\n<p>\u2714 Tillverkad av 100 % FSC-certifierat cedertr\u00e4, motst\u00e5ndskraftigt mot v\u00e4derf\u00f6rh\u00e5llanden och r\u00f6ta<\/p>\n<p>\u2714 Tr\u00e4et har skyddats med en milj\u00f6v\u00e4nlig, kemikaliefri, vattenbaserad bets<\/p>\n<p>\u2714 Produkten uppfyller CE-, EN 71, FSC 100 % och UKCA-standarder. Egenskaper: &#8211; Multifunktionell lekplats \u2013 kl\u00e4ttring, rutschkana, gunga och sandlek p\u00e5 ett och samma st\u00e4lle! &#8211; Dubbelgunga &#8211; 220 cm l\u00e5ng rutschkana med m\u00f6jlighet att ansluta vatten f\u00f6r extra kul p\u00e5 varma dagar &#8211; Sandl\u00e5da med tak och lekv\u00e4gg &#8211; S\u00e4ker och stabil konstruktion \u2013 setet har 6 markankare f\u00f6r maximal stabilitet &#8211; Leksetet \u00e4r avsett f\u00f6r upp till 5 barn (maximal vikt per barn: 50 kg) &#8211; Enkel montering \u2013 enkla instruktioner och delvis f\u00f6rmonterade komponenter g\u00f6r det m\u00f6jligt att snabbt montera lekplatsen. <\/p>\n<p>### Tekniska data: <\/p>\n<p>\u2714 Totala m\u00e5tt: 345 x 336 x 269,5 cm \u2714 Plattformsh\u00f6jd: 119 cm \u2714 Maximal vikt: 200 kg (50 kg per barn) \u2714 Rutschkana: 220 cm, kan anslutas till vatten \u2714 Sandl\u00e5da: 125 kg sand, m\u00e5tt 83,2 x 80 x 18,8 cm<\/p>\n","protected":false},"excerpt":{"rendered":"<p>### Stor Malik lekplats &#8211; bl\u00e5tt set \u2714 Tack vare en m\u00e4ngd olika element \u2013 ett observationstorn, en l\u00e5ng rutschkana, en dubbel gunga och en sandl\u00e5da \u2013 kan barnen utveckla sin kreativitet, styrka och motoriska koordination p\u00e5 ett och samma st\u00e4lle! \u2714 Det \u00e4r den perfekta kombinationen av r\u00f6relse, \u00e4ventyr och s\u00e4kerhet i en naturlig, [&hellip;]<\/p>\n","protected":false},"featured_media":0,"comment_status":"open","ping_status":"closed","template":"","meta":[],"product_brand":[],"product_cat":[33],"product_tag":[],"class_list":{"0":"post-10287","1":"product","2":"type-product","3":"status-publish","5":"product_cat-okategoriserad","7":"first","8":"instock","9":"shipping-taxable","10":"purchasable","11":"product-type-simple"},"_links":{"self":[{"href":"https:\/\/nordicmart.andreevmaster.com\/sv\/wp-json\/wp\/v2\/product\/10287","targetHints":{"allow":["GET"]}}],"collection":[{"href":"https:\/\/nordicmart.andreevmaster.com\/sv\/wp-json\/wp\/v2\/product"}],"about":[{"href":"https:\/\/nordicmart.andreevmaster.com\/sv\/wp-json\/wp\/v2\/types\/product"}],"replies":[{"embeddable":true,"href":"https:\/\/nordicmart.andreevmaster.com\/sv\/wp-json\/wp\/v2\/comments?post=10287"}],"wp:attachment":[{"href":"https:\/\/nordicmart.andreevmaster.com\/sv\/wp-json\/wp\/v2\/media?parent=10287"}],"wp:term":[{"taxonomy":"product_brand","embeddable":true,"href":"https:\/\/nordicmart.andreevmaster.com\/sv\/wp-json\/wp\/v2\/product_brand?post=10287"},{"taxonomy":"product_cat","embeddable":true,"href":"https:\/\/nordicmart.andreevmaster.com\/sv\/wp-json\/wp\/v2\/product_cat?post=10287"},{"taxonomy":"product_tag","embeddable":true,"href":"https:\/\/nordicmart.andreevmaster.com\/sv\/wp-json\/wp\/v2\/product_tag?post=10287"}],"curies":[{"name":"wp","href":"https:\/\/api.w.org\/{rel}","templated":true}]}}