{"id":10285,"date":"2026-02-27T00:06:48","date_gmt":"2026-02-27T00:06:48","guid":{"rendered":"https:\/\/nordicmart.andreevmaster.com\/product\/axi-tradgardssvangar-med-metallram-for-barn\/"},"modified":"2026-02-27T08:02:33","modified_gmt":"2026-02-27T08:02:33","slug":"axi-tradgardssvangar-med-metallram-for-barn","status":"publish","type":"product","link":"https:\/\/nordicmart.andreevmaster.com\/sv\/produkt\/axi-tradgardssvangar-med-metallram-for-barn\/","title":{"rendered":"AXI Tr\u00e4dg\u00e5rdssv\u00e4ngar med metallram f\u00f6r barn"},"content":{"rendered":"<p>Metallsv\u00e4ngen \u00e4r utrustad med en enkel gunga och en dubbel gunga, d\u00e4r tv\u00e5 barn kan gunga samtidigt. Den moderna, f\u00e4rgglada ramen \u00e4r v\u00e4derbest\u00e4ndig och h\u00e5llbar, och tack vare sin kompakta storlek passar den \u00e4ven i sm\u00e5 tr\u00e4dg\u00e5rdar. Med en extra h\u00f6jd p\u00e5 n\u00e4stan 2,2 meter ger ramen \u00e4nnu mer sv\u00e4ngr\u00f6relse. Metallsv\u00e4ngen \u00e4r tillverkad av pulverlackerat st\u00e5l och \u00e4r galvaniserad b\u00e5de inuti och utanp\u00e5. F\u00f6r \u00f6kad s\u00e4kerhet \u00e4r gungan utrustad med fyra markankare som kan installeras i betong. Gungstolarna \u00e4r mycket l\u00e4tta att reng\u00f6ra, s\u00e5 du kan gunga direkt efter ett l\u00e4tt regn. De justerbara gungrepena garanterar l\u00e5ng livsl\u00e4ngd, eftersom gungan v\u00e4xer med dig under m\u00e5nga \u00e5r. <\/p>\n<p>Funktioner: <\/p>\n<p>* &#8211; Metallgunga med enkelgunga och dubbelgunga,<br \/>\n* &#8211; Tillverkad av pulverlackerat st\u00e5l, galvaniserad inifr\u00e5n och ut f\u00f6r l\u00e5ngvarigt korrosionsskydd,<br \/>\n* &#8211; Justerbara rep fr\u00e5n 39 till 99 cm \u00f6ver marken g\u00f6r att gungan kan &#8221;v\u00e4xa&#8221; med dig,<br \/>\n* &#8211; Inkluderar 4 markankare f\u00f6r installation i betong,<br \/>\n* &#8211; F\u00f6r upp till 3 barn,<br \/>\n* &#8211; Maximal anv\u00e4ndarvikt 50 kg per gungstol; 100 kg totalt,<br \/>\n* &#8211; L\u00e4tt att montera (vuxen kr\u00e4vs),<br \/>\n* &#8211; L\u00e4mplig f\u00f6r barn i \u00e5ldern 3 till 10 \u00e5r,<\/p>\n<p>Leksaker fr\u00e5n det brittiska m\u00e4rket Axi \u00e4r h\u00f6gkvalitativ tr\u00e4dg\u00e5rdsutrustning som kommer att tj\u00e4na ditt barn i m\u00e5nga \u00e5r. Tillverkarens sortiment omfattar vackra sandl\u00e5dor, som \u00e4r tillverkade med st\u00f6rsta omsorg och av tr\u00e4 av h\u00f6gsta kvalitet. Det \u00e4r v\u00e4rt att \u00f6verv\u00e4ga att k\u00f6pa en sandl\u00e5da med tak \u2013 det skyddar mot starkt solljus, s\u00e5 att barnen kan leka \u00e4ven i varmt v\u00e4der. Andra leksaker fr\u00e5n Axi \u00e4r picknickbord, fotbollsm\u00e5l och tr\u00e4ningsset med koner.<\/p>\n","protected":false},"excerpt":{"rendered":"<p>Metallsv\u00e4ngen \u00e4r utrustad med en enkel gunga och en dubbel gunga, d\u00e4r tv\u00e5 barn kan gunga samtidigt. Den moderna, f\u00e4rgglada ramen \u00e4r v\u00e4derbest\u00e4ndig och h\u00e5llbar, och tack vare sin kompakta storlek passar den \u00e4ven i sm\u00e5 tr\u00e4dg\u00e5rdar. Med en extra h\u00f6jd p\u00e5 n\u00e4stan 2,2 meter ger ramen \u00e4nnu mer sv\u00e4ngr\u00f6relse. Metallsv\u00e4ngen \u00e4r tillverkad av pulverlackerat [&hellip;]<\/p>\n","protected":false},"featured_media":0,"comment_status":"open","ping_status":"closed","template":"","meta":[],"product_brand":[],"product_cat":[33],"product_tag":[],"class_list":{"0":"post-10285","1":"product","2":"type-product","3":"status-publish","5":"product_cat-okategoriserad","7":"first","8":"instock","9":"shipping-taxable","10":"purchasable","11":"product-type-simple"},"_links":{"self":[{"href":"https:\/\/nordicmart.andreevmaster.com\/sv\/wp-json\/wp\/v2\/product\/10285","targetHints":{"allow":["GET"]}}],"collection":[{"href":"https:\/\/nordicmart.andreevmaster.com\/sv\/wp-json\/wp\/v2\/product"}],"about":[{"href":"https:\/\/nordicmart.andreevmaster.com\/sv\/wp-json\/wp\/v2\/types\/product"}],"replies":[{"embeddable":true,"href":"https:\/\/nordicmart.andreevmaster.com\/sv\/wp-json\/wp\/v2\/comments?post=10285"}],"wp:attachment":[{"href":"https:\/\/nordicmart.andreevmaster.com\/sv\/wp-json\/wp\/v2\/media?parent=10285"}],"wp:term":[{"taxonomy":"product_brand","embeddable":true,"href":"https:\/\/nordicmart.andreevmaster.com\/sv\/wp-json\/wp\/v2\/product_brand?post=10285"},{"taxonomy":"product_cat","embeddable":true,"href":"https:\/\/nordicmart.andreevmaster.com\/sv\/wp-json\/wp\/v2\/product_cat?post=10285"},{"taxonomy":"product_tag","embeddable":true,"href":"https:\/\/nordicmart.andreevmaster.com\/sv\/wp-json\/wp\/v2\/product_tag?post=10285"}],"curies":[{"name":"wp","href":"https:\/\/api.w.org\/{rel}","templated":true}]}}