{"id":10284,"date":"2026-02-27T00:06:48","date_gmt":"2026-02-27T00:06:48","guid":{"rendered":"https:\/\/nordicmart.andreevmaster.com\/product\/axi-stor-hallbar-tradgardssvang-storks-nest-for-barn\/"},"modified":"2026-02-27T08:02:33","modified_gmt":"2026-02-27T08:02:33","slug":"axi-stor-hallbar-tradgardssvang-storks-nest-for-barn","status":"publish","type":"product","link":"https:\/\/nordicmart.andreevmaster.com\/sv\/produkt\/axi-stor-hallbar-tradgardssvang-storks-nest-for-barn\/","title":{"rendered":"AXI Stor h\u00e5llbar tr\u00e4dg\u00e5rdssv\u00e4ng Stork&#8217;s Nest f\u00f6r barn"},"content":{"rendered":"<p>AXI-gunga \u2013 roligt i m\u00e5nga \u00e5r fram\u00f6ver!<\/p>\n<p>\u2714 Stabil gunga med ett bo-liknande s\u00e4te (\u00d8 120 cm) tillverkat av vattent\u00e4tt material och pulverlackerat st\u00e5l<br \/>\n\u2714 Tack vare sina kompakta m\u00e5tt passar den \u00e4ven i en liten tr\u00e4dg\u00e5rd, och dess h\u00f6jd p\u00e5 2,2 m ger m\u00e5nga olika gungm\u00f6jligheter<br \/>\n\u2714 Tack vare sina kompakta m\u00e5tt passar den \u00e4ven i en liten tr\u00e4dg\u00e5rd, och h\u00f6jden p\u00e5 2,2 m ger m\u00e5nga olika gungm\u00f6jligheter<br \/>\n\u2714 De justerbara repen &#8221;v\u00e4xer&#8221; med ditt barn, och fyra markankare s\u00e4kerst\u00e4ller stabiliteten<br \/>\n\u2714 Justerbara rep &#8221;v\u00e4xer&#8221; med ditt barn, och fyra markankare s\u00e4kerst\u00e4ller stabiliteten<\/p>\n<p>\u2714 Perfekt f\u00f6r barn i \u00e5ldern 3 till 10 \u00e5r, upp till 50 kg. Egenskaper:<\/p>\n<p>&#8211; \u00c5lder 3\u201310<br \/>\n&#8211; Tillverkad av pulverlackerat st\u00e5l, galvaniserat inifr\u00e5n och ut f\u00f6r l\u00e5ngvarigt korrosionsskydd<br \/>\n&#8211; Tillverkad av pulverlackerat st\u00e5l, galvaniserat inifr\u00e5n och ut f\u00f6r l\u00e5ngvarigt korrosionsskydd<\/p>\n<p>&#8211; Mjuka PP-rep och en boformad gunga tillverkad av vattent\u00e4tt textilmaterial<br \/>\n&#8211; Justerbara rep fr\u00e5n 39 till 99 cm \u00f6ver marken g\u00f6r att gungan kan &#8221;v\u00e4xa&#8221; med dig<br \/>\n&#8211; Justerbara rep fr\u00e5n 39 till 99 cm \u00f6ver marken g\u00f6r att gungan kan &#8221;v\u00e4xa&#8221; med dig<\/p>\n<p>&#8211; F\u00f6r upp till 1 barn,<br \/>\n&#8211; Lastkapacitet upp till 50 kg<br \/>\n&#8211; Lastkapacitet upp till 50 kg<\/p>\n<p>&#8211; L\u00e4tt att montera (vuxen kr\u00e4vs)<\/p>\n<p>&#8211; Gungans diameter: \u00d8 120 cm<\/p>\n","protected":false},"excerpt":{"rendered":"<p>AXI-gunga \u2013 roligt i m\u00e5nga \u00e5r fram\u00f6ver! \u2714 Stabil gunga med ett bo-liknande s\u00e4te (\u00d8 120 cm) tillverkat av vattent\u00e4tt material och pulverlackerat st\u00e5l \u2714 Tack vare sina kompakta m\u00e5tt passar den \u00e4ven i en liten tr\u00e4dg\u00e5rd, och dess h\u00f6jd p\u00e5 2,2 m ger m\u00e5nga olika gungm\u00f6jligheter \u2714 Tack vare sina kompakta m\u00e5tt passar den [&hellip;]<\/p>\n","protected":false},"featured_media":0,"comment_status":"open","ping_status":"closed","template":"","meta":[],"product_brand":[],"product_cat":[33],"product_tag":[],"class_list":{"0":"post-10284","1":"product","2":"type-product","3":"status-publish","5":"product_cat-okategoriserad","7":"first","8":"instock","9":"shipping-taxable","10":"purchasable","11":"product-type-simple"},"_links":{"self":[{"href":"https:\/\/nordicmart.andreevmaster.com\/sv\/wp-json\/wp\/v2\/product\/10284","targetHints":{"allow":["GET"]}}],"collection":[{"href":"https:\/\/nordicmart.andreevmaster.com\/sv\/wp-json\/wp\/v2\/product"}],"about":[{"href":"https:\/\/nordicmart.andreevmaster.com\/sv\/wp-json\/wp\/v2\/types\/product"}],"replies":[{"embeddable":true,"href":"https:\/\/nordicmart.andreevmaster.com\/sv\/wp-json\/wp\/v2\/comments?post=10284"}],"wp:attachment":[{"href":"https:\/\/nordicmart.andreevmaster.com\/sv\/wp-json\/wp\/v2\/media?parent=10284"}],"wp:term":[{"taxonomy":"product_brand","embeddable":true,"href":"https:\/\/nordicmart.andreevmaster.com\/sv\/wp-json\/wp\/v2\/product_brand?post=10284"},{"taxonomy":"product_cat","embeddable":true,"href":"https:\/\/nordicmart.andreevmaster.com\/sv\/wp-json\/wp\/v2\/product_cat?post=10284"},{"taxonomy":"product_tag","embeddable":true,"href":"https:\/\/nordicmart.andreevmaster.com\/sv\/wp-json\/wp\/v2\/product_tag?post=10284"}],"curies":[{"name":"wp","href":"https:\/\/api.w.org\/{rel}","templated":true}]}}