{"id":10283,"date":"2026-02-27T00:06:48","date_gmt":"2026-02-27T00:06:48","guid":{"rendered":"https:\/\/nordicmart.andreevmaster.com\/product\/axi-double-metal-swing-2\/"},"modified":"2026-02-27T08:02:33","modified_gmt":"2026-02-27T08:02:33","slug":"axi-double-metal-swing-2","status":"publish","type":"product","link":"https:\/\/nordicmart.andreevmaster.com\/sv\/produkt\/axi-double-metal-swing-2\/","title":{"rendered":"Axi Double Metal Swing"},"content":{"rendered":"<p>Satsen inneh\u00e5ller 4 f\u00f6rankringar som s\u00e4kerst\u00e4ller att gungan sitter fast ordentligt i marken. Sitsarna \u00e4r tillverkade av h\u00f6gkvalitativ v\u00e4derbest\u00e4ndig och UV-best\u00e4ndig plast. H\u00f6jden p\u00e5 varje sits kan justeras.<\/p>\n<p>Maximal belastning: 50 kg per sits (100 kg totalt)<\/p>\n<p>Gungan \u00e4r endast avsedd f\u00f6r privat bruk.<\/p>\n","protected":false},"excerpt":{"rendered":"<p>Satsen inneh\u00e5ller 4 f\u00f6rankringar som s\u00e4kerst\u00e4ller att gungan sitter fast ordentligt i marken. Sitsarna \u00e4r tillverkade av h\u00f6gkvalitativ v\u00e4derbest\u00e4ndig och UV-best\u00e4ndig plast. H\u00f6jden p\u00e5 varje sits kan justeras. Maximal belastning: 50 kg per sits (100 kg totalt) Gungan \u00e4r endast avsedd f\u00f6r privat bruk.<\/p>\n","protected":false},"featured_media":0,"comment_status":"open","ping_status":"closed","template":"","meta":[],"product_brand":[],"product_cat":[33],"product_tag":[],"class_list":{"0":"post-10283","1":"product","2":"type-product","3":"status-publish","5":"product_cat-okategoriserad","7":"first","8":"instock","9":"shipping-taxable","10":"purchasable","11":"product-type-simple"},"_links":{"self":[{"href":"https:\/\/nordicmart.andreevmaster.com\/sv\/wp-json\/wp\/v2\/product\/10283","targetHints":{"allow":["GET"]}}],"collection":[{"href":"https:\/\/nordicmart.andreevmaster.com\/sv\/wp-json\/wp\/v2\/product"}],"about":[{"href":"https:\/\/nordicmart.andreevmaster.com\/sv\/wp-json\/wp\/v2\/types\/product"}],"replies":[{"embeddable":true,"href":"https:\/\/nordicmart.andreevmaster.com\/sv\/wp-json\/wp\/v2\/comments?post=10283"}],"wp:attachment":[{"href":"https:\/\/nordicmart.andreevmaster.com\/sv\/wp-json\/wp\/v2\/media?parent=10283"}],"wp:term":[{"taxonomy":"product_brand","embeddable":true,"href":"https:\/\/nordicmart.andreevmaster.com\/sv\/wp-json\/wp\/v2\/product_brand?post=10283"},{"taxonomy":"product_cat","embeddable":true,"href":"https:\/\/nordicmart.andreevmaster.com\/sv\/wp-json\/wp\/v2\/product_cat?post=10283"},{"taxonomy":"product_tag","embeddable":true,"href":"https:\/\/nordicmart.andreevmaster.com\/sv\/wp-json\/wp\/v2\/product_tag?post=10283"}],"curies":[{"name":"wp","href":"https:\/\/api.w.org\/{rel}","templated":true}]}}