{"id":10282,"date":"2026-02-27T00:06:48","date_gmt":"2026-02-27T00:06:48","guid":{"rendered":"https:\/\/nordicmart.andreevmaster.com\/product\/axi-enkelgunga-med-stor-ram\/"},"modified":"2026-02-27T08:02:33","modified_gmt":"2026-02-27T08:02:33","slug":"axi-enkelgunga-med-stor-ram","status":"publish","type":"product","link":"https:\/\/nordicmart.andreevmaster.com\/sv\/produkt\/axi-enkelgunga-med-stor-ram\/","title":{"rendered":"AXI Enkelgunga med stor ram"},"content":{"rendered":"<p>En enkel metallgunga fr\u00e5n det v\u00e4lk\u00e4nda f\u00f6retaget AXI ger barn avkoppling och gl\u00e4dje under deras fritid.<\/p>\n<p>\u2714 Den moderna, f\u00e4rgglada ramen \u00e4r v\u00e4derbest\u00e4ndig och robust, och tack vare sin storlek passar den \u00e4ven i sm\u00e5 tr\u00e4dg\u00e5rdar<\/p>\n<p>\u2714 Med en extra h\u00f6jd p\u00e5 n\u00e4stan 2,2 meter ger ramen en \u00e4nnu st\u00f6rre gunga. Metallsvingen \u00e4r tillverkad av pulverlackerat st\u00e5l och \u00e4r galvaniserad b\u00e5de inuti och utanp\u00e5. \u2714 F\u00f6r \u00f6kad s\u00e4kerhet \u00e4r svingen utrustad med fyra markankare som ska s\u00e4ttas i betong i marken. \u2714 Sv\u00e4ngs\u00e4tena av PP-plast \u00e4r mycket l\u00e4tta att reng\u00f6ra, s\u00e5 du kan svinga direkt efter ett l\u00e4tt regn. \u2714 Svingen v\u00e4xer med ditt barn tack vare justerbara rep, vilket garanterar en l\u00e5ng livsl\u00e4ngd.<\/p>\n<p>Egenskaper:<\/p>\n<p>* &#8211; Ungef\u00e4rliga m\u00e5tt (LxBxH) 140 x 210 x 217 (cm),<br \/>\n* &#8211; Tillverkad av pulverlackerat st\u00e5l, galvaniserat inifr\u00e5n och ut, vilket garanterar l\u00e5ngvarigt skydd mot rost,<br \/>\n* &#8211; Mjuka PP-rep och tv\u00e5 formsprutade PP-gungstolar i plast,<br \/>\n* &#8211; Justerbara rep fr\u00e5n 39 cm till 99 cm \u00f6ver marken garanterar l\u00e5ng livsl\u00e4ngd,<br \/>\n* &#8211; Inkluderar 4 markankare f\u00f6r ingjutning i marken,<br \/>\n* &#8211; Maximal anv\u00e4ndarvikt 50 kg per gungstol,<br \/>\n* &#8211; Enkel montering (kr\u00e4ver vuxens \u00f6vervakning).<\/p>\n","protected":false},"excerpt":{"rendered":"<p>En enkel metallgunga fr\u00e5n det v\u00e4lk\u00e4nda f\u00f6retaget AXI ger barn avkoppling och gl\u00e4dje under deras fritid. \u2714 Den moderna, f\u00e4rgglada ramen \u00e4r v\u00e4derbest\u00e4ndig och robust, och tack vare sin storlek passar den \u00e4ven i sm\u00e5 tr\u00e4dg\u00e5rdar \u2714 Med en extra h\u00f6jd p\u00e5 n\u00e4stan 2,2 meter ger ramen en \u00e4nnu st\u00f6rre gunga. Metallsvingen \u00e4r tillverkad av [&hellip;]<\/p>\n","protected":false},"featured_media":0,"comment_status":"open","ping_status":"closed","template":"","meta":[],"product_brand":[],"product_cat":[33],"product_tag":[],"class_list":{"0":"post-10282","1":"product","2":"type-product","3":"status-publish","5":"product_cat-okategoriserad","7":"first","8":"instock","9":"shipping-taxable","10":"purchasable","11":"product-type-simple"},"_links":{"self":[{"href":"https:\/\/nordicmart.andreevmaster.com\/sv\/wp-json\/wp\/v2\/product\/10282","targetHints":{"allow":["GET"]}}],"collection":[{"href":"https:\/\/nordicmart.andreevmaster.com\/sv\/wp-json\/wp\/v2\/product"}],"about":[{"href":"https:\/\/nordicmart.andreevmaster.com\/sv\/wp-json\/wp\/v2\/types\/product"}],"replies":[{"embeddable":true,"href":"https:\/\/nordicmart.andreevmaster.com\/sv\/wp-json\/wp\/v2\/comments?post=10282"}],"wp:attachment":[{"href":"https:\/\/nordicmart.andreevmaster.com\/sv\/wp-json\/wp\/v2\/media?parent=10282"}],"wp:term":[{"taxonomy":"product_brand","embeddable":true,"href":"https:\/\/nordicmart.andreevmaster.com\/sv\/wp-json\/wp\/v2\/product_brand?post=10282"},{"taxonomy":"product_cat","embeddable":true,"href":"https:\/\/nordicmart.andreevmaster.com\/sv\/wp-json\/wp\/v2\/product_cat?post=10282"},{"taxonomy":"product_tag","embeddable":true,"href":"https:\/\/nordicmart.andreevmaster.com\/sv\/wp-json\/wp\/v2\/product_tag?post=10282"}],"curies":[{"name":"wp","href":"https:\/\/api.w.org\/{rel}","templated":true}]}}