{"id":10281,"date":"2026-02-27T00:06:48","date_gmt":"2026-02-27T00:06:48","guid":{"rendered":"https:\/\/nordicmart.andreevmaster.com\/product\/axi-tragunga-med-sits-gra-lekplats\/"},"modified":"2026-02-27T08:02:33","modified_gmt":"2026-02-27T08:02:33","slug":"axi-tragunga-med-sits-gra-lekplats","status":"publish","type":"product","link":"https:\/\/nordicmart.andreevmaster.com\/sv\/produkt\/axi-tragunga-med-sits-gra-lekplats\/","title":{"rendered":"AXI Tr\u00e4gunga med sits Gr\u00e5 lekplats"},"content":{"rendered":"<p>Axi Tr\u00e4gunga Gr\u00e5 lekplats Axi tr\u00e4gunga best\u00e5r av en enda traditionell gunga. Tack vare sin breda sp\u00e4nnvidd kan den ge of\u00f6rgl\u00f6mliga stunder av utomhusmotion, skratt och skoj i m\u00e5nga \u00e5r fram\u00f6ver, precis som alla andra Axi-produkter. Lekplatsen \u00e4r tillverkad av h\u00f6gkvalitativt massivt tr\u00e4 med inslag av metall och plast. Tr\u00e4gungan \u00e4r avsedd f\u00f6r sj\u00e4lvmontering av de medf\u00f6ljande komponenterna. Tr\u00e4delarna i gungan \u00e4r FSC-certifierade, vilket \u00e4r ett bevis p\u00e5 att ekologiska principer f\u00f6ljs i skogsbruksprocesser och vid produktion av tr\u00e4 fr\u00e5n f\u00f6rnybara k\u00e4llor.<\/p>\n","protected":false},"excerpt":{"rendered":"<p>Axi Tr\u00e4gunga Gr\u00e5 lekplats Axi tr\u00e4gunga best\u00e5r av en enda traditionell gunga. Tack vare sin breda sp\u00e4nnvidd kan den ge of\u00f6rgl\u00f6mliga stunder av utomhusmotion, skratt och skoj i m\u00e5nga \u00e5r fram\u00f6ver, precis som alla andra Axi-produkter. Lekplatsen \u00e4r tillverkad av h\u00f6gkvalitativt massivt tr\u00e4 med inslag av metall och plast. Tr\u00e4gungan \u00e4r avsedd f\u00f6r sj\u00e4lvmontering av [&hellip;]<\/p>\n","protected":false},"featured_media":0,"comment_status":"open","ping_status":"closed","template":"","meta":[],"product_brand":[],"product_cat":[33],"product_tag":[],"class_list":{"0":"post-10281","1":"product","2":"type-product","3":"status-publish","5":"product_cat-okategoriserad","7":"first","8":"instock","9":"shipping-taxable","10":"purchasable","11":"product-type-simple"},"_links":{"self":[{"href":"https:\/\/nordicmart.andreevmaster.com\/sv\/wp-json\/wp\/v2\/product\/10281","targetHints":{"allow":["GET"]}}],"collection":[{"href":"https:\/\/nordicmart.andreevmaster.com\/sv\/wp-json\/wp\/v2\/product"}],"about":[{"href":"https:\/\/nordicmart.andreevmaster.com\/sv\/wp-json\/wp\/v2\/types\/product"}],"replies":[{"embeddable":true,"href":"https:\/\/nordicmart.andreevmaster.com\/sv\/wp-json\/wp\/v2\/comments?post=10281"}],"wp:attachment":[{"href":"https:\/\/nordicmart.andreevmaster.com\/sv\/wp-json\/wp\/v2\/media?parent=10281"}],"wp:term":[{"taxonomy":"product_brand","embeddable":true,"href":"https:\/\/nordicmart.andreevmaster.com\/sv\/wp-json\/wp\/v2\/product_brand?post=10281"},{"taxonomy":"product_cat","embeddable":true,"href":"https:\/\/nordicmart.andreevmaster.com\/sv\/wp-json\/wp\/v2\/product_cat?post=10281"},{"taxonomy":"product_tag","embeddable":true,"href":"https:\/\/nordicmart.andreevmaster.com\/sv\/wp-json\/wp\/v2\/product_tag?post=10281"}],"curies":[{"name":"wp","href":"https:\/\/api.w.org\/{rel}","templated":true}]}}