{"id":10280,"date":"2026-02-27T00:06:48","date_gmt":"2026-02-27T00:06:48","guid":{"rendered":"https:\/\/nordicmart.andreevmaster.com\/product\/tragunga-med-saten-axi-gray-playground\/"},"modified":"2026-02-27T08:02:33","modified_gmt":"2026-02-27T08:02:33","slug":"tragunga-med-saten-axi-gray-playground","status":"publish","type":"product","link":"https:\/\/nordicmart.andreevmaster.com\/sv\/produkt\/tragunga-med-saten-axi-gray-playground\/","title":{"rendered":"Tr\u00e4gunga med s\u00e4ten Axi Gray Playground"},"content":{"rendered":"<p>Axi Tr\u00e4gunga Gr\u00e5 Lekplats Axi tr\u00e4gunga best\u00e5r av tv\u00e5 traditionella gungor. Tack vare det breda \u00e5ldersspannet f\u00f6r barn som anv\u00e4nder gungan kan den ge of\u00f6rgl\u00f6mliga stunder av utomhusmotion, skratt och lek under m\u00e5nga \u00e5r fram\u00f6ver, precis som alla andra Axi-produkter. Lekplatsen \u00e4r tillverkad av h\u00f6gkvalitativt massivt tr\u00e4 med inslag av metall och plast. Tr\u00e4gungan \u00e4r avsedd f\u00f6r sj\u00e4lvmontering av de medf\u00f6ljande komponenterna. Tr\u00e4elementen i gungan \u00e4r FSC-certifierade, vilket \u00e4r ett bevis p\u00e5 att ekologiska principer f\u00f6ljs i skogsproduktionsprocesser och att tr\u00e4 fr\u00e5n f\u00f6rnybara k\u00e4llor anv\u00e4nds.<\/p>\n","protected":false},"excerpt":{"rendered":"<p>Axi Tr\u00e4gunga Gr\u00e5 Lekplats Axi tr\u00e4gunga best\u00e5r av tv\u00e5 traditionella gungor. Tack vare det breda \u00e5ldersspannet f\u00f6r barn som anv\u00e4nder gungan kan den ge of\u00f6rgl\u00f6mliga stunder av utomhusmotion, skratt och lek under m\u00e5nga \u00e5r fram\u00f6ver, precis som alla andra Axi-produkter. Lekplatsen \u00e4r tillverkad av h\u00f6gkvalitativt massivt tr\u00e4 med inslag av metall och plast. Tr\u00e4gungan \u00e4r [&hellip;]<\/p>\n","protected":false},"featured_media":0,"comment_status":"open","ping_status":"closed","template":"","meta":[],"product_brand":[],"product_cat":[33],"product_tag":[],"class_list":{"0":"post-10280","1":"product","2":"type-product","3":"status-publish","5":"product_cat-okategoriserad","7":"first","8":"instock","9":"shipping-taxable","10":"purchasable","11":"product-type-simple"},"_links":{"self":[{"href":"https:\/\/nordicmart.andreevmaster.com\/sv\/wp-json\/wp\/v2\/product\/10280","targetHints":{"allow":["GET"]}}],"collection":[{"href":"https:\/\/nordicmart.andreevmaster.com\/sv\/wp-json\/wp\/v2\/product"}],"about":[{"href":"https:\/\/nordicmart.andreevmaster.com\/sv\/wp-json\/wp\/v2\/types\/product"}],"replies":[{"embeddable":true,"href":"https:\/\/nordicmart.andreevmaster.com\/sv\/wp-json\/wp\/v2\/comments?post=10280"}],"wp:attachment":[{"href":"https:\/\/nordicmart.andreevmaster.com\/sv\/wp-json\/wp\/v2\/media?parent=10280"}],"wp:term":[{"taxonomy":"product_brand","embeddable":true,"href":"https:\/\/nordicmart.andreevmaster.com\/sv\/wp-json\/wp\/v2\/product_brand?post=10280"},{"taxonomy":"product_cat","embeddable":true,"href":"https:\/\/nordicmart.andreevmaster.com\/sv\/wp-json\/wp\/v2\/product_cat?post=10280"},{"taxonomy":"product_tag","embeddable":true,"href":"https:\/\/nordicmart.andreevmaster.com\/sv\/wp-json\/wp\/v2\/product_tag?post=10280"}],"curies":[{"name":"wp","href":"https:\/\/api.w.org\/{rel}","templated":true}]}}