{"id":10276,"date":"2026-02-27T00:06:47","date_gmt":"2026-02-27T00:06:47","guid":{"rendered":"https:\/\/nordicmart.andreevmaster.com\/product\/falk-joskin-tankvagn-for-barn-fran-3-ar\/"},"modified":"2026-02-27T08:02:32","modified_gmt":"2026-02-27T08:02:32","slug":"falk-joskin-tankvagn-for-barn-fran-3-ar","status":"publish","type":"product","link":"https:\/\/nordicmart.andreevmaster.com\/sv\/produkt\/falk-joskin-tankvagn-for-barn-fran-3-ar\/","title":{"rendered":"FALK Joskin tankvagn f\u00f6r barn fr\u00e5n 3 \u00e5r"},"content":{"rendered":"<p>Falk-vagnen tillverkas i Frankrike av h\u00f6gkvalitativa material under licens fr\u00e5n lantbruksmaskintillverkaren Joskin. Ha kul med att h\u00e4lla vatten i den stora tanken och sedan vattna dina gr\u00f6dor. Joskin-tankbilen passar alla FALK-traktorer f\u00f6r barn fr\u00e5n 3 \u00e5r. Sl\u00e4pvagnens hjul \u00e4r tillverkade av h\u00f6gkvalitativ plast. <\/p>\n<p>Egenskaper: <\/p>\n<p>* &#8211; f\u00f6r stora traktorer f\u00f6r barn fr\u00e5n 3 \u00e5r,<br \/>\n* &#8211; 30-liters tank,<br \/>\n* &#8211; kran,<br \/>\n* &#8211; pip.<\/p>\n<p>Falk \u00e4r en ledande europeisk tillverkare av h\u00f6gkvalitativa pedaldrivna fordon. F\u00f6retagets sortiment omfattar traktorer med licens fr\u00e5n varum\u00e4rken som Claas, Renault, McCormick, Kubota, Case IH och andra. Alla fordon tillverkas i Frankrike av h\u00f6gkvalitativa material.<\/p>\n","protected":false},"excerpt":{"rendered":"<p>Falk-vagnen tillverkas i Frankrike av h\u00f6gkvalitativa material under licens fr\u00e5n lantbruksmaskintillverkaren Joskin. Ha kul med att h\u00e4lla vatten i den stora tanken och sedan vattna dina gr\u00f6dor. Joskin-tankbilen passar alla FALK-traktorer f\u00f6r barn fr\u00e5n 3 \u00e5r. Sl\u00e4pvagnens hjul \u00e4r tillverkade av h\u00f6gkvalitativ plast. Egenskaper: * &#8211; f\u00f6r stora traktorer f\u00f6r barn fr\u00e5n 3 \u00e5r, * [&hellip;]<\/p>\n","protected":false},"featured_media":0,"comment_status":"open","ping_status":"closed","template":"","meta":[],"product_brand":[],"product_cat":[33],"product_tag":[],"class_list":{"0":"post-10276","1":"product","2":"type-product","3":"status-publish","5":"product_cat-okategoriserad","7":"first","8":"instock","9":"shipping-taxable","10":"purchasable","11":"product-type-simple"},"_links":{"self":[{"href":"https:\/\/nordicmart.andreevmaster.com\/sv\/wp-json\/wp\/v2\/product\/10276","targetHints":{"allow":["GET"]}}],"collection":[{"href":"https:\/\/nordicmart.andreevmaster.com\/sv\/wp-json\/wp\/v2\/product"}],"about":[{"href":"https:\/\/nordicmart.andreevmaster.com\/sv\/wp-json\/wp\/v2\/types\/product"}],"replies":[{"embeddable":true,"href":"https:\/\/nordicmart.andreevmaster.com\/sv\/wp-json\/wp\/v2\/comments?post=10276"}],"wp:attachment":[{"href":"https:\/\/nordicmart.andreevmaster.com\/sv\/wp-json\/wp\/v2\/media?parent=10276"}],"wp:term":[{"taxonomy":"product_brand","embeddable":true,"href":"https:\/\/nordicmart.andreevmaster.com\/sv\/wp-json\/wp\/v2\/product_brand?post=10276"},{"taxonomy":"product_cat","embeddable":true,"href":"https:\/\/nordicmart.andreevmaster.com\/sv\/wp-json\/wp\/v2\/product_cat?post=10276"},{"taxonomy":"product_tag","embeddable":true,"href":"https:\/\/nordicmart.andreevmaster.com\/sv\/wp-json\/wp\/v2\/product_tag?post=10276"}],"curies":[{"name":"wp","href":"https:\/\/api.w.org\/{rel}","templated":true}]}}