{"id":10275,"date":"2026-02-27T00:06:47","date_gmt":"2026-02-27T00:06:47","guid":{"rendered":"https:\/\/nordicmart.andreevmaster.com\/product\/falk-claas-tankbil-3-7-ar\/"},"modified":"2026-02-27T08:02:32","modified_gmt":"2026-02-27T08:02:32","slug":"falk-claas-tankbil-3-7-ar","status":"publish","type":"product","link":"https:\/\/nordicmart.andreevmaster.com\/sv\/produkt\/falk-claas-tankbil-3-7-ar\/","title":{"rendered":"FALK Claas Tankbil 3-7 \u00e5r"},"content":{"rendered":"<p>Falk Claas Tankbil<\/p>\n<p>Claas tankbilen \u00e4r tillverkad i Frankrike av h\u00f6gkvalitativa material och passar alla Falk-traktorer f\u00f6r barn i \u00e5ldern 3 till 7 \u00e5r. N\u00e4r den \u00e4r ansluten till en Falk-traktor kan barn enkelt vattna v\u00e4xter i tr\u00e4dg\u00e5rden samtidigt som de har roligt! Leksaken kombinerar lek med att l\u00e4ra sig att ta hand om v\u00e4xter, utveckla kreativitet och ansvarsk\u00e4nsla.<\/p>\n<p>Egenskaper:<\/p>\n<p>* &#8211; F\u00f6r barn i \u00e5ldern 3 till 7 \u00e5r<br \/>\n* &#8211; Leksakens m\u00e5tt: 87 x 53 x 52 cm<br \/>\n* &#8211; Kan kopplas till alla Falk-traktorer f\u00f6r barn i \u00e5ldern 3 till 7 \u00e5r<br \/>\n* &#8211; Realistisk design inspirerad av jordbruksmaskiner<\/p>\n<p>[img-126893-left-thickbox_default]<\/p>\n<p>[img-126892-left-thickbox_default]<\/p>\n<p>[img-126894-left-thickbox_default]<\/p>\n","protected":false},"excerpt":{"rendered":"<p>Falk Claas Tankbil Claas tankbilen \u00e4r tillverkad i Frankrike av h\u00f6gkvalitativa material och passar alla Falk-traktorer f\u00f6r barn i \u00e5ldern 3 till 7 \u00e5r. N\u00e4r den \u00e4r ansluten till en Falk-traktor kan barn enkelt vattna v\u00e4xter i tr\u00e4dg\u00e5rden samtidigt som de har roligt! Leksaken kombinerar lek med att l\u00e4ra sig att ta hand om v\u00e4xter, [&hellip;]<\/p>\n","protected":false},"featured_media":0,"comment_status":"open","ping_status":"closed","template":"","meta":[],"product_brand":[],"product_cat":[33],"product_tag":[],"class_list":{"0":"post-10275","1":"product","2":"type-product","3":"status-publish","5":"product_cat-okategoriserad","7":"first","8":"instock","9":"shipping-taxable","10":"purchasable","11":"product-type-simple"},"_links":{"self":[{"href":"https:\/\/nordicmart.andreevmaster.com\/sv\/wp-json\/wp\/v2\/product\/10275","targetHints":{"allow":["GET"]}}],"collection":[{"href":"https:\/\/nordicmart.andreevmaster.com\/sv\/wp-json\/wp\/v2\/product"}],"about":[{"href":"https:\/\/nordicmart.andreevmaster.com\/sv\/wp-json\/wp\/v2\/types\/product"}],"replies":[{"embeddable":true,"href":"https:\/\/nordicmart.andreevmaster.com\/sv\/wp-json\/wp\/v2\/comments?post=10275"}],"wp:attachment":[{"href":"https:\/\/nordicmart.andreevmaster.com\/sv\/wp-json\/wp\/v2\/media?parent=10275"}],"wp:term":[{"taxonomy":"product_brand","embeddable":true,"href":"https:\/\/nordicmart.andreevmaster.com\/sv\/wp-json\/wp\/v2\/product_brand?post=10275"},{"taxonomy":"product_cat","embeddable":true,"href":"https:\/\/nordicmart.andreevmaster.com\/sv\/wp-json\/wp\/v2\/product_cat?post=10275"},{"taxonomy":"product_tag","embeddable":true,"href":"https:\/\/nordicmart.andreevmaster.com\/sv\/wp-json\/wp\/v2\/product_tag?post=10275"}],"curies":[{"name":"wp","href":"https:\/\/api.w.org\/{rel}","templated":true}]}}