{"id":10274,"date":"2026-02-27T00:06:46","date_gmt":"2026-02-27T00:06:46","guid":{"rendered":"https:\/\/nordicmart.andreevmaster.com\/product\/falk-claas-aktraktor-med-slapvagn-lastare-och-skopa\/"},"modified":"2026-02-27T08:02:32","modified_gmt":"2026-02-27T08:02:32","slug":"falk-claas-aktraktor-med-slapvagn-lastare-och-skopa","status":"publish","type":"product","link":"https:\/\/nordicmart.andreevmaster.com\/sv\/produkt\/falk-claas-aktraktor-med-slapvagn-lastare-och-skopa\/","title":{"rendered":"FALK Claas \u00e5ktraktor med sl\u00e4pvagn, lastare och skopa"},"content":{"rendered":"<p>\u00c5ktraktorn med sl\u00e4pvagn fr\u00e5n Falk \u00e4r en dr\u00f6m som g\u00e5r i uppfyllelse f\u00f6r m\u00e5nga sm\u00e5 traktorf\u00f6rare. Noggrant tillverkad med uppm\u00e4rksamhet p\u00e5 minsta detalj. Ingen riktig bonde skulle tacka nej till den. CLAAS-traktorn med skopa, lastare och sl\u00e4pvagn \u00e4r tillverkad av material av h\u00f6gsta kvalitet. Fordonet \u00e4r avsett f\u00f6r barn fr\u00e5n 12 m\u00e5nader. Fordonet \u00e4r utrustat med en avtagbar sl\u00e4pvagn med paneler och en ratt med tuta.<br \/>\nEgenskaper:<br \/>\n* &#8211; Fr\u00e5n 12 m\u00e5nader<br \/>\n* &#8211; Maximal belastning 25 kg<br \/>\n* &#8211; Signalhorn i styret<br \/>\n* &#8211; Avtagbar sl\u00e4pvagn<br \/>\n* &#8211; R\u00f6rlig skopa<br \/>\n* &#8211; Styrbar framaxel<br \/>\n* &#8211; Hjul tillverkade av h\u00f6gkvalitativ plast<br \/>\n* &#8211; Stabil och s\u00e4ker<br \/>\n* &#8211; Produkt f\u00f6r delvis montering<\/p>\n<p>Satsen inneh\u00e5ller:<\/p>\n<p>* &#8211; \u00c5ktraktor med lastare och skopa<br \/>\n* &#8211; Avtagbar sl\u00e4pvagn<\/p>\n<p>Leksaken utvecklar:<\/p>\n<p>* &#8211; Grovmotorik<br \/>\n* &#8211; Fantasi och kreativitet<br \/>\n* &#8211; Mod och sj\u00e4lvf\u00f6rtroende<\/p>\n","protected":false},"excerpt":{"rendered":"<p>\u00c5ktraktorn med sl\u00e4pvagn fr\u00e5n Falk \u00e4r en dr\u00f6m som g\u00e5r i uppfyllelse f\u00f6r m\u00e5nga sm\u00e5 traktorf\u00f6rare. Noggrant tillverkad med uppm\u00e4rksamhet p\u00e5 minsta detalj. Ingen riktig bonde skulle tacka nej till den. CLAAS-traktorn med skopa, lastare och sl\u00e4pvagn \u00e4r tillverkad av material av h\u00f6gsta kvalitet. Fordonet \u00e4r avsett f\u00f6r barn fr\u00e5n 12 m\u00e5nader. Fordonet \u00e4r utrustat [&hellip;]<\/p>\n","protected":false},"featured_media":0,"comment_status":"open","ping_status":"closed","template":"","meta":[],"product_brand":[],"product_cat":[33],"product_tag":[],"class_list":{"0":"post-10274","1":"product","2":"type-product","3":"status-publish","5":"product_cat-okategoriserad","7":"first","8":"instock","9":"shipping-taxable","10":"purchasable","11":"product-type-simple"},"_links":{"self":[{"href":"https:\/\/nordicmart.andreevmaster.com\/sv\/wp-json\/wp\/v2\/product\/10274","targetHints":{"allow":["GET"]}}],"collection":[{"href":"https:\/\/nordicmart.andreevmaster.com\/sv\/wp-json\/wp\/v2\/product"}],"about":[{"href":"https:\/\/nordicmart.andreevmaster.com\/sv\/wp-json\/wp\/v2\/types\/product"}],"replies":[{"embeddable":true,"href":"https:\/\/nordicmart.andreevmaster.com\/sv\/wp-json\/wp\/v2\/comments?post=10274"}],"wp:attachment":[{"href":"https:\/\/nordicmart.andreevmaster.com\/sv\/wp-json\/wp\/v2\/media?parent=10274"}],"wp:term":[{"taxonomy":"product_brand","embeddable":true,"href":"https:\/\/nordicmart.andreevmaster.com\/sv\/wp-json\/wp\/v2\/product_brand?post=10274"},{"taxonomy":"product_cat","embeddable":true,"href":"https:\/\/nordicmart.andreevmaster.com\/sv\/wp-json\/wp\/v2\/product_cat?post=10274"},{"taxonomy":"product_tag","embeddable":true,"href":"https:\/\/nordicmart.andreevmaster.com\/sv\/wp-json\/wp\/v2\/product_tag?post=10274"}],"curies":[{"name":"wp","href":"https:\/\/api.w.org\/{rel}","templated":true}]}}