{"id":10272,"date":"2026-02-27T00:06:46","date_gmt":"2026-02-27T00:06:46","guid":{"rendered":"https:\/\/nordicmart.andreevmaster.com\/product\/falk-marcel-2-i-1-gabil-gravmaskin\/"},"modified":"2026-02-27T08:02:32","modified_gmt":"2026-02-27T08:02:32","slug":"falk-marcel-2-i-1-gabil-gravmaskin","status":"publish","type":"product","link":"https:\/\/nordicmart.andreevmaster.com\/sv\/produkt\/falk-marcel-2-i-1-gabil-gravmaskin\/","title":{"rendered":"FALK Marcel 2-i-1 g\u00e5bil\/gr\u00e4vmaskin"},"content":{"rendered":"<p>Marcel \u00e5kgr\u00e4vmaskin fr\u00e5n FALK \u00e4r det f\u00f6rsta kompakta fordonet med en fungerande skopa fram, ratt med tuta och praktiskt draghandtag, som inbjuder barn fr\u00e5n 12 m\u00e5nader att leka b\u00e5de inomhus och utomhus. Den stabila konstruktionen och genomt\u00e4nkta detaljerna \u2013 s\u00e5som en klickande nyckel, sv\u00e4ngbar ratt och f\u00f6rvaringsfack under s\u00e4tet \u2013 g\u00f6r varje \u00e5ktur till en kombination av r\u00f6relse och rollspel.<\/p>\n<p>Egenskaper:<\/p>\n<p>* &#8211; F\u00f6r barn fr\u00e5n 1 \u00e5r<br \/>\n* &#8211; Maximal belastning 25 kg<br \/>\n* &#8211; Tillverkad av h\u00f6gkvalitativa material<br \/>\n* &#8211; Funktionell frontskopa f\u00f6r att plocka upp och sl\u00e4ppa sm\u00e5 f\u00f6rem\u00e5l<br \/>\n* &#8211; Ratt med tuta och klickande nyckel<br \/>\n* &#8211; Handtag f\u00f6r att l\u00e4ra sig g\u00e5, vilket g\u00f6r det l\u00e4ttare att skjuta fordonet<br \/>\n* &#8211; F\u00f6rvaringsfack under s\u00e4tet f\u00f6r den lille f\u00f6rarens skatter<\/p>\n<p>Satsen inneh\u00e5ller:<\/p>\n<p>* &#8211; Marcel \u00e5kleksak<br \/>\n* &#8211; Frontlastare<br \/>\n* &#8211; Handtag bak f\u00f6r att skjuta\/l\u00e4ra sig g\u00e5<\/p>\n<p>Leksaken utvecklar:<\/p>\n<p>* &#8211; Motorik<br \/>\n* &#8211; Fantasi<br \/>\n* &#8211; Kreativitet<\/p>\n","protected":false},"excerpt":{"rendered":"<p>Marcel \u00e5kgr\u00e4vmaskin fr\u00e5n FALK \u00e4r det f\u00f6rsta kompakta fordonet med en fungerande skopa fram, ratt med tuta och praktiskt draghandtag, som inbjuder barn fr\u00e5n 12 m\u00e5nader att leka b\u00e5de inomhus och utomhus. Den stabila konstruktionen och genomt\u00e4nkta detaljerna \u2013 s\u00e5som en klickande nyckel, sv\u00e4ngbar ratt och f\u00f6rvaringsfack under s\u00e4tet \u2013 g\u00f6r varje \u00e5ktur till en [&hellip;]<\/p>\n","protected":false},"featured_media":0,"comment_status":"open","ping_status":"closed","template":"","meta":[],"product_brand":[],"product_cat":[33],"product_tag":[],"class_list":{"0":"post-10272","1":"product","2":"type-product","3":"status-publish","5":"product_cat-okategoriserad","7":"first","8":"instock","9":"shipping-taxable","10":"purchasable","11":"product-type-simple"},"_links":{"self":[{"href":"https:\/\/nordicmart.andreevmaster.com\/sv\/wp-json\/wp\/v2\/product\/10272","targetHints":{"allow":["GET"]}}],"collection":[{"href":"https:\/\/nordicmart.andreevmaster.com\/sv\/wp-json\/wp\/v2\/product"}],"about":[{"href":"https:\/\/nordicmart.andreevmaster.com\/sv\/wp-json\/wp\/v2\/types\/product"}],"replies":[{"embeddable":true,"href":"https:\/\/nordicmart.andreevmaster.com\/sv\/wp-json\/wp\/v2\/comments?post=10272"}],"wp:attachment":[{"href":"https:\/\/nordicmart.andreevmaster.com\/sv\/wp-json\/wp\/v2\/media?parent=10272"}],"wp:term":[{"taxonomy":"product_brand","embeddable":true,"href":"https:\/\/nordicmart.andreevmaster.com\/sv\/wp-json\/wp\/v2\/product_brand?post=10272"},{"taxonomy":"product_cat","embeddable":true,"href":"https:\/\/nordicmart.andreevmaster.com\/sv\/wp-json\/wp\/v2\/product_cat?post=10272"},{"taxonomy":"product_tag","embeddable":true,"href":"https:\/\/nordicmart.andreevmaster.com\/sv\/wp-json\/wp\/v2\/product_tag?post=10272"}],"curies":[{"name":"wp","href":"https:\/\/api.w.org\/{rel}","templated":true}]}}