{"id":10270,"date":"2026-02-27T00:06:45","date_gmt":"2026-02-27T00:06:45","guid":{"rendered":"https:\/\/nordicmart.andreevmaster.com\/product\/falk-scooter-strada-retro-akleksak-for-flickor-tysta-dack-fran-1-ar\/"},"modified":"2026-02-27T08:02:32","modified_gmt":"2026-02-27T08:02:32","slug":"falk-scooter-strada-retro-akleksak-for-flickor-tysta-dack-fran-1-ar","status":"publish","type":"product","link":"https:\/\/nordicmart.andreevmaster.com\/sv\/produkt\/falk-scooter-strada-retro-akleksak-for-flickor-tysta-dack-fran-1-ar\/","title":{"rendered":"FALK Scooter Strada Retro \u00e5kleksak f\u00f6r flickor Tysta d\u00e4ck fr\u00e5n 1 \u00e5r"},"content":{"rendered":"<p>Med denna \u00e5kleksak i retrostil blickar Falk tillbaka p\u00e5 sin historia genom att uppdatera en av sina flaggskeppsleksaker fr\u00e5n 1970-talet. Den nya versionen passar perfekt in i nutiden tack vare sina trendiga f\u00e4rger och design. Utrustad med stora hjul som ger ditt barn den stabilitet det beh\u00f6ver f\u00f6r att utvecklas, kommer din lilla ocks\u00e5 att tr\u00e4na sin balans och motorik. Elastomerbel\u00e4ggningen g\u00f6r dem mer motst\u00e5ndskraftiga mot repor och andra skador. Leksaken hanteras som en riktig sparkcykel tack vare sitt lilla ratt, som ocks\u00e5 har en tuta f\u00f6r att g\u00f6ra lektiden \u00e4nnu roligare f\u00f6r ditt barn. <\/p>\n<p>Egenskaper: <\/p>\n<p>* &#8211; F\u00f6r barn fr\u00e5n 1 \u00e5r<br \/>\n* &#8211; Maximal belastning upp till 25 kg<br \/>\n* &#8211; Leksak i retrostil<br \/>\n* &#8211; Har tysta hjul<br \/>\n* &#8211; T\u00e4ckt med en elastomerbel\u00e4ggning<br \/>\n* &#8211; Breda hjul f\u00f6r en k\u00e4nsla av trygghet<br \/>\n* &#8211; Tutan i ratten<\/p>\n<p>Leksaken utvecklar:<\/p>\n<p>* &#8211; Grovmotorik och fysisk kondition<br \/>\n* &#8211; Motorisk koordination och balans<br \/>\n* &#8211; Rumslig orientering<br \/>\n* &#8211; Sj\u00e4lvf\u00f6rtroende<\/p>\n","protected":false},"excerpt":{"rendered":"<p>Med denna \u00e5kleksak i retrostil blickar Falk tillbaka p\u00e5 sin historia genom att uppdatera en av sina flaggskeppsleksaker fr\u00e5n 1970-talet. Den nya versionen passar perfekt in i nutiden tack vare sina trendiga f\u00e4rger och design. Utrustad med stora hjul som ger ditt barn den stabilitet det beh\u00f6ver f\u00f6r att utvecklas, kommer din lilla ocks\u00e5 att [&hellip;]<\/p>\n","protected":false},"featured_media":0,"comment_status":"open","ping_status":"closed","template":"","meta":[],"product_brand":[],"product_cat":[33],"product_tag":[],"class_list":{"0":"post-10270","1":"product","2":"type-product","3":"status-publish","5":"product_cat-okategoriserad","7":"first","8":"instock","9":"shipping-taxable","10":"purchasable","11":"product-type-simple"},"_links":{"self":[{"href":"https:\/\/nordicmart.andreevmaster.com\/sv\/wp-json\/wp\/v2\/product\/10270","targetHints":{"allow":["GET"]}}],"collection":[{"href":"https:\/\/nordicmart.andreevmaster.com\/sv\/wp-json\/wp\/v2\/product"}],"about":[{"href":"https:\/\/nordicmart.andreevmaster.com\/sv\/wp-json\/wp\/v2\/types\/product"}],"replies":[{"embeddable":true,"href":"https:\/\/nordicmart.andreevmaster.com\/sv\/wp-json\/wp\/v2\/comments?post=10270"}],"wp:attachment":[{"href":"https:\/\/nordicmart.andreevmaster.com\/sv\/wp-json\/wp\/v2\/media?parent=10270"}],"wp:term":[{"taxonomy":"product_brand","embeddable":true,"href":"https:\/\/nordicmart.andreevmaster.com\/sv\/wp-json\/wp\/v2\/product_brand?post=10270"},{"taxonomy":"product_cat","embeddable":true,"href":"https:\/\/nordicmart.andreevmaster.com\/sv\/wp-json\/wp\/v2\/product_cat?post=10270"},{"taxonomy":"product_tag","embeddable":true,"href":"https:\/\/nordicmart.andreevmaster.com\/sv\/wp-json\/wp\/v2\/product_tag?post=10270"}],"curies":[{"name":"wp","href":"https:\/\/api.w.org\/{rel}","templated":true}]}}