{"id":10269,"date":"2026-02-27T00:06:45","date_gmt":"2026-02-27T00:06:45","guid":{"rendered":"https:\/\/nordicmart.andreevmaster.com\/product\/falk-scooter-strada-retro-quiet-tires-fran-1-ar\/"},"modified":"2026-02-27T08:02:31","modified_gmt":"2026-02-27T08:02:31","slug":"falk-scooter-strada-retro-quiet-tires-fran-1-ar","status":"publish","type":"product","link":"https:\/\/nordicmart.andreevmaster.com\/sv\/produkt\/falk-scooter-strada-retro-quiet-tires-fran-1-ar\/","title":{"rendered":"FALK Scooter Strada Retro Quiet Tires fr\u00e5n 1 \u00e5r"},"content":{"rendered":"<p>Med denna leksak i retrostil blickar Falk tillbaka p\u00e5 sin historia genom att uppdatera en av sina flaggskeppsleksaker fr\u00e5n 1970-talet. Den nya versionen passar perfekt in i nutiden tack vare sina trendiga f\u00e4rger och design. Utrustad med stora hjul som ger ditt barn den stabilitet det beh\u00f6ver f\u00f6r att utvecklas, kommer din lilla ocks\u00e5 att tr\u00e4na sin balans och motorik. Deras elastomerbel\u00e4ggning g\u00f6r dem mer motst\u00e5ndskraftiga mot repor och andra skador. Leksaken hanteras som en riktig sparkcykel tack vare sitt lilla ratt, som har en tuta som g\u00f6r den \u00e4nnu roligare. <\/p>\n<p>Egenskaper:<\/p>\n<p>* &#8211; f\u00f6r barn fr\u00e5n 1 \u00e5r,<br \/>\n* &#8211; maximal belastning upp till 25 kg,<br \/>\n* &#8211; leksak i retrostil,<br \/>\n* &#8211; har tysta hjul,* &#8211; t\u00e4ckt med en elastomerbel\u00e4ggning,<br \/>\n* &#8211; breda hjul f\u00f6r en k\u00e4nsla av s\u00e4kerhet,<br \/>\n* &#8211; tuta i ratten.<\/p>\n<p>Falk \u00e4r en ledande europeisk tillverkare av h\u00f6gkvalitativa pedaldrivna fordon. F\u00f6retagets produktsortiment omfattar traktorer med licens fr\u00e5n varum\u00e4rken som Claas, Renault, McCormick, Kubota, Case IH och andra. Alla fordon tillverkas i Frankrike av h\u00f6gkvalitativa material.<\/p>\n","protected":false},"excerpt":{"rendered":"<p>Med denna leksak i retrostil blickar Falk tillbaka p\u00e5 sin historia genom att uppdatera en av sina flaggskeppsleksaker fr\u00e5n 1970-talet. Den nya versionen passar perfekt in i nutiden tack vare sina trendiga f\u00e4rger och design. Utrustad med stora hjul som ger ditt barn den stabilitet det beh\u00f6ver f\u00f6r att utvecklas, kommer din lilla ocks\u00e5 att [&hellip;]<\/p>\n","protected":false},"featured_media":0,"comment_status":"open","ping_status":"closed","template":"","meta":[],"product_brand":[],"product_cat":[33],"product_tag":[],"class_list":{"0":"post-10269","1":"product","2":"type-product","3":"status-publish","5":"product_cat-okategoriserad","7":"first","8":"instock","9":"shipping-taxable","10":"product-type-simple"},"_links":{"self":[{"href":"https:\/\/nordicmart.andreevmaster.com\/sv\/wp-json\/wp\/v2\/product\/10269","targetHints":{"allow":["GET"]}}],"collection":[{"href":"https:\/\/nordicmart.andreevmaster.com\/sv\/wp-json\/wp\/v2\/product"}],"about":[{"href":"https:\/\/nordicmart.andreevmaster.com\/sv\/wp-json\/wp\/v2\/types\/product"}],"replies":[{"embeddable":true,"href":"https:\/\/nordicmart.andreevmaster.com\/sv\/wp-json\/wp\/v2\/comments?post=10269"}],"wp:attachment":[{"href":"https:\/\/nordicmart.andreevmaster.com\/sv\/wp-json\/wp\/v2\/media?parent=10269"}],"wp:term":[{"taxonomy":"product_brand","embeddable":true,"href":"https:\/\/nordicmart.andreevmaster.com\/sv\/wp-json\/wp\/v2\/product_brand?post=10269"},{"taxonomy":"product_cat","embeddable":true,"href":"https:\/\/nordicmart.andreevmaster.com\/sv\/wp-json\/wp\/v2\/product_cat?post=10269"},{"taxonomy":"product_tag","embeddable":true,"href":"https:\/\/nordicmart.andreevmaster.com\/sv\/wp-json\/wp\/v2\/product_tag?post=10269"}],"curies":[{"name":"wp","href":"https:\/\/api.w.org\/{rel}","templated":true}]}}