{"id":10268,"date":"2026-02-27T00:06:45","date_gmt":"2026-02-27T00:06:45","guid":{"rendered":"https:\/\/nordicmart.andreevmaster.com\/product\/little-tikes-cozy-coupe-bluey-ride-on-toy-2\/"},"modified":"2026-02-27T08:02:31","modified_gmt":"2026-02-27T08:02:31","slug":"little-tikes-cozy-coupe-bluey-ride-on-toy-2","status":"publish","type":"product","link":"https:\/\/nordicmart.andreevmaster.com\/sv\/produkt\/little-tikes-cozy-coupe-bluey-ride-on-toy-2\/","title":{"rendered":"Little Tikes Cozy Coupe Bluey Ride-On Toy"},"content":{"rendered":"<p>Little Tikes Cozy Coupe Bluey \u00e4r en f\u00e4rgglad \u00e5kleksak inspirerad av den popul\u00e4ra tecknade serien Bluey. Den klassiska Cozy Coupe-silhuetten i kombination med f\u00e4rgerna och detaljerna fr\u00e5n serien kommer att gl\u00e4dja alla sm\u00e5 fans av detta \u00e4ventyr. Den h\u00e5llbara konstruktionen och den maximala lastkapaciteten p\u00e5 22,68 kg g\u00f6r fordonet idealiskt f\u00f6r barn fr\u00e5n 18 m\u00e5naders \u00e5lder. Den \u00e4r perfekt f\u00f6r b\u00e5de inomhus- och utomhusbruk, ger aktiv lek och st\u00f6der motoriska utvecklingen hos sm\u00e5barn.<\/p>\n<p>Funktioner<\/p>\n<p>* Officiellt Bluey-tema \u2013 originalf\u00e4rger och -tryck<br \/>\n* \u00c5lder: fr\u00e5n 18 m\u00e5nader<br \/>\n* Maximal belastning: 23 kg<br \/>\n* Slitstarkt och skadebest\u00e4ndigt material<br \/>\n* F\u00e4rger: turkos, gul och lila<br \/>\n* Kan anv\u00e4ndas inomhus och utomhus<\/p>\n<p>Interaktiva funktioner<\/p>\n<p>* Tut med 9 ljud fr\u00e5n serien \u2013 ger realism och extra kul<br \/>\n* Extra tillbeh\u00f6r: mormors glas\u00f6gon och en burk bakade b\u00f6nor<br \/>\n* Perfekt f\u00f6r kreativa rollspel<\/p>\n<p>Leksaken utvecklar<\/p>\n<p>* Motorisk koordination och balans<br \/>\n* Muskelstyrka och smidighet genom att trycka ifr\u00e5n med benen<br \/>\n* Kreativitet och fantasi<br \/>\n* Sociala f\u00e4rdigheter genom att leka tillsammans<\/p>\n","protected":false},"excerpt":{"rendered":"<p>Little Tikes Cozy Coupe Bluey \u00e4r en f\u00e4rgglad \u00e5kleksak inspirerad av den popul\u00e4ra tecknade serien Bluey. Den klassiska Cozy Coupe-silhuetten i kombination med f\u00e4rgerna och detaljerna fr\u00e5n serien kommer att gl\u00e4dja alla sm\u00e5 fans av detta \u00e4ventyr. Den h\u00e5llbara konstruktionen och den maximala lastkapaciteten p\u00e5 22,68 kg g\u00f6r fordonet idealiskt f\u00f6r barn fr\u00e5n 18 m\u00e5naders [&hellip;]<\/p>\n","protected":false},"featured_media":0,"comment_status":"open","ping_status":"closed","template":"","meta":[],"product_brand":[],"product_cat":[33],"product_tag":[],"class_list":{"0":"post-10268","1":"product","2":"type-product","3":"status-publish","5":"product_cat-okategoriserad","7":"first","8":"instock","9":"shipping-taxable","10":"purchasable","11":"product-type-simple"},"_links":{"self":[{"href":"https:\/\/nordicmart.andreevmaster.com\/sv\/wp-json\/wp\/v2\/product\/10268","targetHints":{"allow":["GET"]}}],"collection":[{"href":"https:\/\/nordicmart.andreevmaster.com\/sv\/wp-json\/wp\/v2\/product"}],"about":[{"href":"https:\/\/nordicmart.andreevmaster.com\/sv\/wp-json\/wp\/v2\/types\/product"}],"replies":[{"embeddable":true,"href":"https:\/\/nordicmart.andreevmaster.com\/sv\/wp-json\/wp\/v2\/comments?post=10268"}],"wp:attachment":[{"href":"https:\/\/nordicmart.andreevmaster.com\/sv\/wp-json\/wp\/v2\/media?parent=10268"}],"wp:term":[{"taxonomy":"product_brand","embeddable":true,"href":"https:\/\/nordicmart.andreevmaster.com\/sv\/wp-json\/wp\/v2\/product_brand?post=10268"},{"taxonomy":"product_cat","embeddable":true,"href":"https:\/\/nordicmart.andreevmaster.com\/sv\/wp-json\/wp\/v2\/product_cat?post=10268"},{"taxonomy":"product_tag","embeddable":true,"href":"https:\/\/nordicmart.andreevmaster.com\/sv\/wp-json\/wp\/v2\/product_tag?post=10268"}],"curies":[{"name":"wp","href":"https:\/\/api.w.org\/{rel}","templated":true}]}}