{"id":10267,"date":"2026-02-27T00:06:45","date_gmt":"2026-02-27T00:06:45","guid":{"rendered":"https:\/\/nordicmart.andreevmaster.com\/product\/little-tikes-cozy-coupe-ride-on-toy-space-rover-2\/"},"modified":"2026-02-27T08:02:31","modified_gmt":"2026-02-27T08:02:31","slug":"little-tikes-cozy-coupe-ride-on-toy-space-rover-2","status":"publish","type":"product","link":"https:\/\/nordicmart.andreevmaster.com\/sv\/produkt\/little-tikes-cozy-coupe-ride-on-toy-space-rover-2\/","title":{"rendered":"LITTLE TIKES Cozy Coupe Ride-On Toy \u2013 Space Rover"},"content":{"rendered":"<p>G\u00f6r dig redo f\u00f6r ett intergalaktiskt \u00e4ventyr! Den ikoniska Cozy Coupe i en rymdversion fr\u00e5n Little Tikes \u00e4r en \u00e5kleksak som tar ditt barn med p\u00e5 en resa in i en v\u00e4rld av fantasi, aktiv lek och f\u00f6rsta uppt\u00e4cktsf\u00e4rder. Den \u00e4r perfekt f\u00f6r att \u00e5ka hemma och i tr\u00e4dg\u00e5rden och har m\u00e5nga funktioner som garanterar s\u00e4kerhet och gl\u00e4dje f\u00f6r barn fr\u00e5n 18 m\u00e5nader.<br \/>\nFunktioner:<br \/>\n* Handtag p\u00e5 baksidan \u2013 kan skjutas av en f\u00f6r\u00e4lder<br \/>\n* Avtagbart golv \u2013 ditt barn kan \u00e5ka sj\u00e4lvst\u00e4ndigt genom att skjuta ifr\u00e5n med f\u00f6tterna<br \/>\n* H\u00f6gt ryggst\u00f6d och bekv\u00e4mt s\u00e4te f\u00f6r en bekv\u00e4m \u00e5ktur<br \/>\n* Ratt med tuta och interaktiva detaljer med rymdtema<br \/>\n* Sidod\u00f6rrar med l\u00e5s \u2013 s\u00e4kerhet under lek<br \/>\n* Robust konstruktion \u2013 f\u00f6r inomhus- och utomhusbruk<br \/>\n* Utvecklar barnets motorik och fantasi<\/p>\n<p>Leksaken utvecklar<\/p>\n<p>* Grovmotorik och koordination<br \/>\n* Fantasi och kreativitet \u2013 barnet leker att det \u00e4r en liten astronaut<br \/>\n* Sj\u00e4lvst\u00e4ndighet och sj\u00e4lvf\u00f6rtroende under \u00e5kturen<br \/>\n* Grupplek och social interaktion<\/p>\n","protected":false},"excerpt":{"rendered":"<p>G\u00f6r dig redo f\u00f6r ett intergalaktiskt \u00e4ventyr! Den ikoniska Cozy Coupe i en rymdversion fr\u00e5n Little Tikes \u00e4r en \u00e5kleksak som tar ditt barn med p\u00e5 en resa in i en v\u00e4rld av fantasi, aktiv lek och f\u00f6rsta uppt\u00e4cktsf\u00e4rder. Den \u00e4r perfekt f\u00f6r att \u00e5ka hemma och i tr\u00e4dg\u00e5rden och har m\u00e5nga funktioner som garanterar [&hellip;]<\/p>\n","protected":false},"featured_media":0,"comment_status":"open","ping_status":"closed","template":"","meta":[],"product_brand":[],"product_cat":[33],"product_tag":[],"class_list":{"0":"post-10267","1":"product","2":"type-product","3":"status-publish","5":"product_cat-okategoriserad","7":"first","8":"instock","9":"shipping-taxable","10":"purchasable","11":"product-type-simple"},"_links":{"self":[{"href":"https:\/\/nordicmart.andreevmaster.com\/sv\/wp-json\/wp\/v2\/product\/10267","targetHints":{"allow":["GET"]}}],"collection":[{"href":"https:\/\/nordicmart.andreevmaster.com\/sv\/wp-json\/wp\/v2\/product"}],"about":[{"href":"https:\/\/nordicmart.andreevmaster.com\/sv\/wp-json\/wp\/v2\/types\/product"}],"replies":[{"embeddable":true,"href":"https:\/\/nordicmart.andreevmaster.com\/sv\/wp-json\/wp\/v2\/comments?post=10267"}],"wp:attachment":[{"href":"https:\/\/nordicmart.andreevmaster.com\/sv\/wp-json\/wp\/v2\/media?parent=10267"}],"wp:term":[{"taxonomy":"product_brand","embeddable":true,"href":"https:\/\/nordicmart.andreevmaster.com\/sv\/wp-json\/wp\/v2\/product_brand?post=10267"},{"taxonomy":"product_cat","embeddable":true,"href":"https:\/\/nordicmart.andreevmaster.com\/sv\/wp-json\/wp\/v2\/product_cat?post=10267"},{"taxonomy":"product_tag","embeddable":true,"href":"https:\/\/nordicmart.andreevmaster.com\/sv\/wp-json\/wp\/v2\/product_tag?post=10267"}],"curies":[{"name":"wp","href":"https:\/\/api.w.org\/{rel}","templated":true}]}}