{"id":10266,"date":"2026-02-27T00:06:45","date_gmt":"2026-02-27T00:06:45","guid":{"rendered":"https:\/\/nordicmart.andreevmaster.com\/product\/little-tikes-cozy-coupe-rosa-shoppingvagn\/"},"modified":"2026-02-27T08:02:31","modified_gmt":"2026-02-27T08:02:31","slug":"little-tikes-cozy-coupe-rosa-shoppingvagn","status":"publish","type":"product","link":"https:\/\/nordicmart.andreevmaster.com\/sv\/produkt\/little-tikes-cozy-coupe-rosa-shoppingvagn\/","title":{"rendered":"Little Tikes Cozy Coupe rosa shoppingvagn"},"content":{"rendered":"<p>* Little Tikes Cozy Coupe shoppingvagn f\u00f6r barn i rosa.<br \/>\n* Bekv\u00e4mt, ergonomiskt handtag utformat f\u00f6r sm\u00e5 barn.<br \/>\n* Leksaken kan ocks\u00e5 anv\u00e4ndas som barnvagn f\u00f6r dockor eller gosedjur, och den bekv\u00e4ma korgen rymmer \u00e4ven mycket stora ink\u00f6p.<\/p>\n<p>F\u00f6rpackningens m\u00e5tt: 55 x 47 x 26 cm.<\/p>\n<p>Little Tikes produkter \u00e4r k\u00e4nda och \u00e4lskade p\u00e5 alla kontinenter, i m\u00e5nga hem bland otaliga leende barn och n\u00f6jda f\u00f6r\u00e4ldrar. Med barnens s\u00e4kerhet i \u00e5tanke tillverkar Little Tikes produkter som garanterar alla n\u00f6dv\u00e4ndiga s\u00e4kerhetsstandarder. Med produktens h\u00e5llbarhet i \u00e5tanke \u00e4r leksakerna designade och tillverkade med den mest l\u00e4mpliga tekniken, &#8221;rotationsgjutning&#8221;, vilket garanterar m\u00e5nga \u00e5rs lekgl\u00e4dje.<\/p>\n","protected":false},"excerpt":{"rendered":"<p>* Little Tikes Cozy Coupe shoppingvagn f\u00f6r barn i rosa. * Bekv\u00e4mt, ergonomiskt handtag utformat f\u00f6r sm\u00e5 barn. * Leksaken kan ocks\u00e5 anv\u00e4ndas som barnvagn f\u00f6r dockor eller gosedjur, och den bekv\u00e4ma korgen rymmer \u00e4ven mycket stora ink\u00f6p. F\u00f6rpackningens m\u00e5tt: 55 x 47 x 26 cm. Little Tikes produkter \u00e4r k\u00e4nda och \u00e4lskade p\u00e5 alla [&hellip;]<\/p>\n","protected":false},"featured_media":0,"comment_status":"open","ping_status":"closed","template":"","meta":[],"product_brand":[],"product_cat":[33],"product_tag":[],"class_list":{"0":"post-10266","1":"product","2":"type-product","3":"status-publish","5":"product_cat-okategoriserad","7":"first","8":"instock","9":"shipping-taxable","10":"purchasable","11":"product-type-simple"},"_links":{"self":[{"href":"https:\/\/nordicmart.andreevmaster.com\/sv\/wp-json\/wp\/v2\/product\/10266","targetHints":{"allow":["GET"]}}],"collection":[{"href":"https:\/\/nordicmart.andreevmaster.com\/sv\/wp-json\/wp\/v2\/product"}],"about":[{"href":"https:\/\/nordicmart.andreevmaster.com\/sv\/wp-json\/wp\/v2\/types\/product"}],"replies":[{"embeddable":true,"href":"https:\/\/nordicmart.andreevmaster.com\/sv\/wp-json\/wp\/v2\/comments?post=10266"}],"wp:attachment":[{"href":"https:\/\/nordicmart.andreevmaster.com\/sv\/wp-json\/wp\/v2\/media?parent=10266"}],"wp:term":[{"taxonomy":"product_brand","embeddable":true,"href":"https:\/\/nordicmart.andreevmaster.com\/sv\/wp-json\/wp\/v2\/product_brand?post=10266"},{"taxonomy":"product_cat","embeddable":true,"href":"https:\/\/nordicmart.andreevmaster.com\/sv\/wp-json\/wp\/v2\/product_cat?post=10266"},{"taxonomy":"product_tag","embeddable":true,"href":"https:\/\/nordicmart.andreevmaster.com\/sv\/wp-json\/wp\/v2\/product_tag?post=10266"}],"curies":[{"name":"wp","href":"https:\/\/api.w.org\/{rel}","templated":true}]}}