{"id":10265,"date":"2026-02-27T00:06:45","date_gmt":"2026-02-27T00:06:45","guid":{"rendered":"https:\/\/nordicmart.andreevmaster.com\/product\/big-buggy-3-i-1-barnvagn\/"},"modified":"2026-02-27T08:02:31","modified_gmt":"2026-02-27T08:02:31","slug":"big-buggy-3-i-1-barnvagn","status":"publish","type":"product","link":"https:\/\/nordicmart.andreevmaster.com\/sv\/produkt\/big-buggy-3-i-1-barnvagn\/","title":{"rendered":"BIG Buggy 3-i-1 barnvagn"},"content":{"rendered":"<p>BIG Buggy 3-i-1-barnvagnen \u00e4r den perfekta f\u00f6ljeslagaren f\u00f6r de f\u00f6rsta stegen! Den kan anv\u00e4ndas som g\u00e5stol, barnvagn f\u00f6r favoritgosedjur och dockor och som sl\u00e4pvagn f\u00f6r BIG Bobby Cars. Tack vare den justerbara bromsfunktionen anpassar sig barnvagnen efter barnets tempo n\u00e4r det l\u00e4r sig g\u00e5, vilket garanterar s\u00e4kerhet och stabilitet.<\/p>\n<p>### Egenskaper:<\/p>\n<p>* &#8211; \u00c5lder: 12 m\u00e5nader<br \/>\n* &#8211; 3-i-1 \u2013 g\u00e5stol, barnvagn och sl\u00e4pvagn i ett.<br \/>\n* &#8211; Justerbar broms \u2013 anpassar sig efter ditt barns f\u00f6rm\u00e5ga och garanterar s\u00e4ker lek.* &#8211; Stabilitet och komfort \u2013 breda Whisper-hjul, ergonomiska handtag och tippskydd. * &#8211; L\u00e4tt att reng\u00f6ra \u2013 tillverkad av h\u00f6gkvalitativ, \u00e5tervinningsbar, UV-best\u00e4ndig plast. * &#8211; F\u00f6r anv\u00e4ndning i hemmet och tr\u00e4dg\u00e5rden \u2013 h\u00e5llbar konstruktion som fungerar bra b\u00e5de inomhus och utomhus.* &#8211; Enkel anslutning till BIG Bobby Car \u2013 den hopf\u00e4llbara dragst\u00e5ngen g\u00f6r det m\u00f6jligt att snabbt och enkelt f\u00e4sta den p\u00e5 modellerna Classic, Neo, Next och New. <\/p>\n<p>### Leksaken utvecklar<\/p>\n<p>* &#8211; Motorisk koordination \u2013 st\u00f6der inl\u00e4rningen av att g\u00e5 och utvecklingen av balansen.* &#8211; Sj\u00e4lvst\u00e4ndighet och sj\u00e4lvf\u00f6rtroende \u2013 uppmuntrar barn att vara aktiva och ta sina f\u00f6rsta steg. * &#8211; Fin- och grovmotorik \u2013 att skjuta, dra och styra barnvagnen st\u00e4rker musklerna och f\u00f6rb\u00e4ttrar fingerf\u00e4rdigheten.* &#8211; Sociala och emotionella f\u00e4rdigheter \u2013 att leka med att ta hand om gosedjur och dockor utvecklar empati och fantasi.<br \/>\n* &#8211; Kreativitet \u2013 m\u00f6jligheten att anv\u00e4nda vagnen p\u00e5 olika s\u00e4tt stimulerar barnets fantasi. <\/p>\n<p>BIG Buggy 3-in-1 Stroller \u00e4r en m\u00e5ngsidig leksak som v\u00e4xer med ditt barn, st\u00f6der dess utveckling och garanterar timmar av lekgl\u00e4dje.<\/p>\n","protected":false},"excerpt":{"rendered":"<p>BIG Buggy 3-i-1-barnvagnen \u00e4r den perfekta f\u00f6ljeslagaren f\u00f6r de f\u00f6rsta stegen! Den kan anv\u00e4ndas som g\u00e5stol, barnvagn f\u00f6r favoritgosedjur och dockor och som sl\u00e4pvagn f\u00f6r BIG Bobby Cars. Tack vare den justerbara bromsfunktionen anpassar sig barnvagnen efter barnets tempo n\u00e4r det l\u00e4r sig g\u00e5, vilket garanterar s\u00e4kerhet och stabilitet. ### Egenskaper: * &#8211; \u00c5lder: 12 [&hellip;]<\/p>\n","protected":false},"featured_media":0,"comment_status":"open","ping_status":"closed","template":"","meta":[],"product_brand":[],"product_cat":[33],"product_tag":[],"class_list":{"0":"post-10265","1":"product","2":"type-product","3":"status-publish","5":"product_cat-okategoriserad","7":"first","8":"instock","9":"shipping-taxable","10":"purchasable","11":"product-type-simple"},"_links":{"self":[{"href":"https:\/\/nordicmart.andreevmaster.com\/sv\/wp-json\/wp\/v2\/product\/10265","targetHints":{"allow":["GET"]}}],"collection":[{"href":"https:\/\/nordicmart.andreevmaster.com\/sv\/wp-json\/wp\/v2\/product"}],"about":[{"href":"https:\/\/nordicmart.andreevmaster.com\/sv\/wp-json\/wp\/v2\/types\/product"}],"replies":[{"embeddable":true,"href":"https:\/\/nordicmart.andreevmaster.com\/sv\/wp-json\/wp\/v2\/comments?post=10265"}],"wp:attachment":[{"href":"https:\/\/nordicmart.andreevmaster.com\/sv\/wp-json\/wp\/v2\/media?parent=10265"}],"wp:term":[{"taxonomy":"product_brand","embeddable":true,"href":"https:\/\/nordicmart.andreevmaster.com\/sv\/wp-json\/wp\/v2\/product_brand?post=10265"},{"taxonomy":"product_cat","embeddable":true,"href":"https:\/\/nordicmart.andreevmaster.com\/sv\/wp-json\/wp\/v2\/product_cat?post=10265"},{"taxonomy":"product_tag","embeddable":true,"href":"https:\/\/nordicmart.andreevmaster.com\/sv\/wp-json\/wp\/v2\/product_tag?post=10265"}],"curies":[{"name":"wp","href":"https:\/\/api.w.org\/{rel}","templated":true}]}}