{"id":10263,"date":"2026-02-27T00:06:44","date_gmt":"2026-02-27T00:06:44","guid":{"rendered":"https:\/\/nordicmart.andreevmaster.com\/product\/step2-adventure-tralekplats-lekstuga-rutschkana\/"},"modified":"2026-02-27T08:02:30","modified_gmt":"2026-02-27T08:02:30","slug":"step2-adventure-tralekplats-lekstuga-rutschkana","status":"publish","type":"product","link":"https:\/\/nordicmart.andreevmaster.com\/sv\/produkt\/step2-adventure-tralekplats-lekstuga-rutschkana\/","title":{"rendered":"STEP2 Adventure Tr\u00e4lekplats Lekstuga Rutschkana"},"content":{"rendered":"<p>Denna charmiga lekstuga och rutschkana erbjuder o\u00e4ndliga m\u00f6jligheter! Den kan vara ett slott, en stuga, ett piratskepp eller vad de \u00e4n kan t\u00e4nka sig! Denna stilfulla lekplats f\u00f6r tr\u00e4dg\u00e5rden \u00e4r tillverkad av olika material f\u00f6r en unik look. Den huvudsakligen tr\u00e4konstruktion ger ett klassiskt utseende. De f\u00e4rgglada plastdelarna \u00e4r barnv\u00e4nliga och t\u00e5l m\u00e5nga timmars lek! Denna lekstuga i tr\u00e4 och plast kommer att underh\u00e5lla dina sm\u00e5 hela dagen l\u00e5ng!<\/p>\n<p>Funktioner:<\/p>\n<p>* &#8211; Kl\u00e4ttra uppf\u00f6r rampen f\u00f6r att komma in i din egen stuga i skogen! Anv\u00e4nd d\u00f6rren i holl\u00e4ndsk stil f\u00f6r att sl\u00e4ppa in och ut g\u00e4ster!<br \/>\n* &#8211; Inuti kan du laga mat p\u00e5 spisen! Gl\u00f6m inte att diska \u2013 det l\u00e5tsasdiskb\u00e4nken l\u00e5ter barnen \u00f6va p\u00e5 att st\u00e4da!<br \/>\n* &#8211; Anv\u00e4nd de robusta handtagen f\u00f6r att kl\u00e4ttra upp till den \u00f6vre plattformen! De f\u00e4rgglada panelv\u00e4ggarna \u00e4r roliga att kika igenom och ger extra s\u00e4kerhet.* &#8211; N\u00e4r du \u00e4r redo, l\u00e4gg undan den extra l\u00e5nga 1,5 meter l\u00e5nga rutschkanan f\u00f6r extra kul!<br \/>\n* &#8211; F\u00f6rvara leksakerna inom r\u00e4ckh\u00e5ll med den utdragbara l\u00e5dan! St\u00e4dningen g\u00e5r som en dans!<\/p>\n<p>Step2 \u2013 kvalitet f\u00f6rst, fantastiska leksaker sedan! Om du prioriterar kvalitet och s\u00e4kerhet n\u00e4r du v\u00e4ljer leksaker till ditt barn kommer hela sortimentet av fantastiska leksaker fr\u00e5n det amerikanska f\u00f6retaget Step2 s\u00e4kert att uppfylla f\u00f6rv\u00e4ntningarna hos barn, f\u00f6r\u00e4ldrar, daghem, f\u00f6rskolor och andra utbildningsinstitutioner. Step2 har tillverkat de b\u00e4sta leksakerna i USA i \u00e5rtionden! Sortimentet omfattar sandl\u00e5dor, tr\u00e4dg\u00e5rdshus, lekplatser, verkst\u00e4der, \u00e5kleksaker, k\u00f6k och barnm\u00f6bler.<\/p>\n","protected":false},"excerpt":{"rendered":"<p>Denna charmiga lekstuga och rutschkana erbjuder o\u00e4ndliga m\u00f6jligheter! Den kan vara ett slott, en stuga, ett piratskepp eller vad de \u00e4n kan t\u00e4nka sig! Denna stilfulla lekplats f\u00f6r tr\u00e4dg\u00e5rden \u00e4r tillverkad av olika material f\u00f6r en unik look. Den huvudsakligen tr\u00e4konstruktion ger ett klassiskt utseende. De f\u00e4rgglada plastdelarna \u00e4r barnv\u00e4nliga och t\u00e5l m\u00e5nga timmars lek! [&hellip;]<\/p>\n","protected":false},"featured_media":0,"comment_status":"open","ping_status":"closed","template":"","meta":[],"product_brand":[],"product_cat":[33],"product_tag":[],"class_list":{"0":"post-10263","1":"product","2":"type-product","3":"status-publish","5":"product_cat-okategoriserad","7":"first","8":"instock","9":"shipping-taxable","10":"purchasable","11":"product-type-simple"},"_links":{"self":[{"href":"https:\/\/nordicmart.andreevmaster.com\/sv\/wp-json\/wp\/v2\/product\/10263","targetHints":{"allow":["GET"]}}],"collection":[{"href":"https:\/\/nordicmart.andreevmaster.com\/sv\/wp-json\/wp\/v2\/product"}],"about":[{"href":"https:\/\/nordicmart.andreevmaster.com\/sv\/wp-json\/wp\/v2\/types\/product"}],"replies":[{"embeddable":true,"href":"https:\/\/nordicmart.andreevmaster.com\/sv\/wp-json\/wp\/v2\/comments?post=10263"}],"wp:attachment":[{"href":"https:\/\/nordicmart.andreevmaster.com\/sv\/wp-json\/wp\/v2\/media?parent=10263"}],"wp:term":[{"taxonomy":"product_brand","embeddable":true,"href":"https:\/\/nordicmart.andreevmaster.com\/sv\/wp-json\/wp\/v2\/product_brand?post=10263"},{"taxonomy":"product_cat","embeddable":true,"href":"https:\/\/nordicmart.andreevmaster.com\/sv\/wp-json\/wp\/v2\/product_cat?post=10263"},{"taxonomy":"product_tag","embeddable":true,"href":"https:\/\/nordicmart.andreevmaster.com\/sv\/wp-json\/wp\/v2\/product_tag?post=10263"}],"curies":[{"name":"wp","href":"https:\/\/api.w.org\/{rel}","templated":true}]}}