{"id":10262,"date":"2026-02-27T00:06:44","date_gmt":"2026-02-27T00:06:44","guid":{"rendered":"https:\/\/nordicmart.andreevmaster.com\/product\/little-tikes-picknickbord-for-barn-lush-green\/"},"modified":"2026-02-27T08:02:30","modified_gmt":"2026-02-27T08:02:30","slug":"little-tikes-picknickbord-for-barn-lush-green","status":"publish","type":"product","link":"https:\/\/nordicmart.andreevmaster.com\/sv\/produkt\/little-tikes-picknickbord-for-barn-lush-green\/","title":{"rendered":"LITTLE TIKES Picknickbord f\u00f6r barn Lush Green"},"content":{"rendered":"<p>Ett gr\u00f6nt och r\u00f6tt picknickbord f\u00f6r barn fr\u00e5n det v\u00e4lk\u00e4nda varum\u00e4rket Little Tikes, en respekterad tillverkare av leksaker f\u00f6r barn. Bordet \u00e4r perfekt f\u00f6r lek b\u00e5de hemma och i tr\u00e4dg\u00e5rden. Bordet \u00e4r tillverkat i ett stycke och \u00e4r utrustat med bekv\u00e4ma r\u00f6da stolar och rundade, sl\u00e4ta kanter f\u00f6r \u00f6kad s\u00e4kerhet. Bordet kan fungera som en arbetsb\u00e4nk f\u00f6r barn, l\u00e4mplig f\u00f6r alla typer av uppgifter, s\u00e5som modellering, m\u00e5lning, klippning, \u00e4tande etc. Fyra barn kan sitta vid bordet samtidigt. <\/p>\n<p>Egenskaper: <\/p>\n<p>* &#8211; bord i ett stycke,<br \/>\n* &#8211; utrustat med bekv\u00e4ma r\u00f6da s\u00e4ten och rundade, sl\u00e4ta kanter f\u00f6r s\u00e4kerhet,<br \/>\n* &#8211; bord som arbetsb\u00e4nk f\u00f6r barn,<br \/>\n* &#8211; fyra barn kan sitta vid bordet samtidigt,<br \/>\n* &#8211; l\u00e4tt att h\u00e5lla rent.<\/p>\n<p>Little Tikes produkter \u00e4r k\u00e4nda och \u00e4lskade p\u00e5 alla kontinenter, i m\u00e5nga hem bland otaliga leende barn och n\u00f6jda f\u00f6r\u00e4ldrar. Little Tikes tillverkar produkter som garanterar alla n\u00f6dv\u00e4ndiga s\u00e4kerhetsstandarder. Med produktens h\u00e5llbarhet i \u00e5tanke \u00e4r leksakerna designade och tillverkade med den mest l\u00e4mpliga tekniken, rotationsgjutning, vilket garanterar m\u00e5nga \u00e5rs lekgl\u00e4dje.<\/p>\n","protected":false},"excerpt":{"rendered":"<p>Ett gr\u00f6nt och r\u00f6tt picknickbord f\u00f6r barn fr\u00e5n det v\u00e4lk\u00e4nda varum\u00e4rket Little Tikes, en respekterad tillverkare av leksaker f\u00f6r barn. Bordet \u00e4r perfekt f\u00f6r lek b\u00e5de hemma och i tr\u00e4dg\u00e5rden. Bordet \u00e4r tillverkat i ett stycke och \u00e4r utrustat med bekv\u00e4ma r\u00f6da stolar och rundade, sl\u00e4ta kanter f\u00f6r \u00f6kad s\u00e4kerhet. Bordet kan fungera som en [&hellip;]<\/p>\n","protected":false},"featured_media":0,"comment_status":"open","ping_status":"closed","template":"","meta":[],"product_brand":[],"product_cat":[33],"product_tag":[],"class_list":{"0":"post-10262","1":"product","2":"type-product","3":"status-publish","5":"product_cat-okategoriserad","7":"first","8":"instock","9":"shipping-taxable","10":"purchasable","11":"product-type-simple"},"_links":{"self":[{"href":"https:\/\/nordicmart.andreevmaster.com\/sv\/wp-json\/wp\/v2\/product\/10262","targetHints":{"allow":["GET"]}}],"collection":[{"href":"https:\/\/nordicmart.andreevmaster.com\/sv\/wp-json\/wp\/v2\/product"}],"about":[{"href":"https:\/\/nordicmart.andreevmaster.com\/sv\/wp-json\/wp\/v2\/types\/product"}],"replies":[{"embeddable":true,"href":"https:\/\/nordicmart.andreevmaster.com\/sv\/wp-json\/wp\/v2\/comments?post=10262"}],"wp:attachment":[{"href":"https:\/\/nordicmart.andreevmaster.com\/sv\/wp-json\/wp\/v2\/media?parent=10262"}],"wp:term":[{"taxonomy":"product_brand","embeddable":true,"href":"https:\/\/nordicmart.andreevmaster.com\/sv\/wp-json\/wp\/v2\/product_brand?post=10262"},{"taxonomy":"product_cat","embeddable":true,"href":"https:\/\/nordicmart.andreevmaster.com\/sv\/wp-json\/wp\/v2\/product_cat?post=10262"},{"taxonomy":"product_tag","embeddable":true,"href":"https:\/\/nordicmart.andreevmaster.com\/sv\/wp-json\/wp\/v2\/product_tag?post=10262"}],"curies":[{"name":"wp","href":"https:\/\/api.w.org\/{rel}","templated":true}]}}